{"id":33549,"date":"2016-09-25T23:28:02","date_gmt":"2016-09-25T23:28:02","guid":{"rendered":"https:\/\/www.myaquastore.com\/product\/bomba-de-agua-submersivel-serie-resun-sp-de-18w-sp2500\/"},"modified":"2025-03-16T08:28:30","modified_gmt":"2025-03-16T08:28:30","slug":"bomba-de-agua-submersivel-serie-resun-sp-de-18w-sp2500","status":"publish","type":"product","link":"https:\/\/www.myaquastore.com\/pt-br\/produto\/bomba-de-agua-submersivel-serie-resun-sp-de-18w-sp2500\/","title":{"rendered":"Bomba de \u00e1gua submers\u00edvel s\u00e9rie RESUN SP de 18w SP2500"},"content":{"rendered":"<article class=\"article richtext richtext-detail AE:disable\" id=\"richTextContainer\">\n<div style=\"clear:both\">\n<p><span style=\"font-family: 'times new roman', times;font-size: 24px\"> Bomba de \u00e1gua submers\u00edvel s\u00e9rie RESUN SP de 18w SP2500 <\/span><\/p>\n<p><span style=\"font-family: 'times new roman', times\">a. Motor encapsulado em resina ep\u00f3xi garante seguran\u00e7a, confiabilidade e durabilidade<\/span><\/p>\n<p><span style=\"font-family: 'times new roman', times;font-size: 24px\">b. Adequado para \u00e1gua doce e marinha<\/span><\/p>\n<p><span style=\"font-family: 'times new roman', times;font-size: 24px\">c. Escolhas de jatos\/kits de fontes<\/span><\/p>\n<p><span style=\"font-family: 'times new roman', times;font-size: 24px\">d. Adequado para aqu\u00e1rio, fonte de jardim aqu\u00e1tico e exibi\u00e7\u00e3o de cachoeira. <\/span><\/p>\n<\/p>\n<\/p>\n<\/p>\n<div style=\"clear:both\"><\/article>\n","protected":false},"excerpt":{"rendered":"<p>Bomba de \u00e1gua submers\u00edvel s\u00e9rie RESUN SP de 18w SP2500<\/p>\n","protected":false},"featured_media":3550,"comment_status":"open","ping_status":"closed","template":"","meta":[],"product_brand":[],"product_cat":[627],"product_tag":[],"class_list":{"0":"post-33549","1":"product","2":"type-product","3":"status-publish","4":"has-post-thumbnail","6":"product_cat-filtros-de-aquario","8":"first","9":"instock","10":"shipping-taxable","11":"purchasable","12":"product-type-simple"},"_links":{"self":[{"href":"https:\/\/www.myaquastore.com\/pt-br\/wp-json\/wp\/v2\/product\/33549","targetHints":{"allow":["GET"]}}],"collection":[{"href":"https:\/\/www.myaquastore.com\/pt-br\/wp-json\/wp\/v2\/product"}],"about":[{"href":"https:\/\/www.myaquastore.com\/pt-br\/wp-json\/wp\/v2\/types\/product"}],"replies":[{"embeddable":true,"href":"https:\/\/www.myaquastore.com\/pt-br\/wp-json\/wp\/v2\/comments?post=33549"}],"wp:featuredmedia":[{"embeddable":true,"href":"https:\/\/www.myaquastore.com\/pt-br\/wp-json\/wp\/v2\/media\/3550"}],"wp:attachment":[{"href":"https:\/\/www.myaquastore.com\/pt-br\/wp-json\/wp\/v2\/media?parent=33549"}],"wp:term":[{"taxonomy":"product_brand","embeddable":true,"href":"https:\/\/www.myaquastore.com\/pt-br\/wp-json\/wp\/v2\/product_brand?post=33549"},{"taxonomy":"product_cat","embeddable":true,"href":"https:\/\/www.myaquastore.com\/pt-br\/wp-json\/wp\/v2\/product_cat?post=33549"},{"taxonomy":"product_tag","embeddable":true,"href":"https:\/\/www.myaquastore.com\/pt-br\/wp-json\/wp\/v2\/product_tag?post=33549"}],"curies":[{"name":"wp","href":"https:\/\/api.w.org\/{rel}","templated":true}]}}