{"id":33554,"date":"2016-09-25T23:28:02","date_gmt":"2016-09-25T23:28:02","guid":{"rendered":"https:\/\/www.myaquastore.com\/product\/bomba-de-agua-serie-buller-30w-resun-b2000\/"},"modified":"2025-03-16T08:28:31","modified_gmt":"2025-03-16T08:28:31","slug":"bomba-de-agua-serie-buller-30w-resun-b2000","status":"publish","type":"product","link":"https:\/\/www.myaquastore.com\/pt-br\/produto\/bomba-de-agua-serie-buller-30w-resun-b2000\/","title":{"rendered":"Bomba de \u00e1gua s\u00e9rie buller 30W RESUN B2000"},"content":{"rendered":"<article class=\"article richtext richtext-detail AE:disable\" id=\"richTextContainer\">\n<h2 class=\"article-title\">Especifica\u00e7\u00f5es<\/h2>\n<div style=\"clear:both\"> Bomba de \u00e1gua s\u00e9rie buller 30W RESUN B2000 <br \/>1 Terno para \u00e1gua doce e marinha <br \/>2 Op\u00e7\u00f5es de jatos\/kits de fonte <br \/>3 seguros, confi\u00e1veis \u200b\u200b<\/p>\n<div style=\"clear:both\">\n<p>Bomba de \u00e1gua B2000 da s\u00e9rie RESUN buller 30W<\/p>\n<p>a. Motor encapsulado em resina ep\u00f3xi garante seguran\u00e7a, confiabilidade e durabilidade<\/p>\n<p>b. Adequado para \u00e1gua doce e marinha<\/p>\n<p>c. Op\u00e7\u00f5es de jatos\/kits de fontes<\/p>\n<p>d. Adequado para aqu\u00e1rio, fonte de jardim aqu\u00e1tico e exibi\u00e7\u00e3o de cachoeira<\/p>\n<\/p>\n<\/p>\n<\/p>\n<div style=\"clear:both\"><\/article>\n","protected":false},"excerpt":{"rendered":"<p>Bomba de \u00e1gua s\u00e9rie buller 30W RESUN B2000<\/p>\n","protected":false},"featured_media":3560,"comment_status":"open","ping_status":"closed","template":"","meta":[],"product_brand":[],"product_cat":[627],"product_tag":[],"class_list":{"0":"post-33554","1":"product","2":"type-product","3":"status-publish","4":"has-post-thumbnail","6":"product_cat-filtros-de-aquario","8":"first","9":"instock","10":"shipping-taxable","11":"purchasable","12":"product-type-simple"},"_links":{"self":[{"href":"https:\/\/www.myaquastore.com\/pt-br\/wp-json\/wp\/v2\/product\/33554","targetHints":{"allow":["GET"]}}],"collection":[{"href":"https:\/\/www.myaquastore.com\/pt-br\/wp-json\/wp\/v2\/product"}],"about":[{"href":"https:\/\/www.myaquastore.com\/pt-br\/wp-json\/wp\/v2\/types\/product"}],"replies":[{"embeddable":true,"href":"https:\/\/www.myaquastore.com\/pt-br\/wp-json\/wp\/v2\/comments?post=33554"}],"wp:featuredmedia":[{"embeddable":true,"href":"https:\/\/www.myaquastore.com\/pt-br\/wp-json\/wp\/v2\/media\/3560"}],"wp:attachment":[{"href":"https:\/\/www.myaquastore.com\/pt-br\/wp-json\/wp\/v2\/media?parent=33554"}],"wp:term":[{"taxonomy":"product_brand","embeddable":true,"href":"https:\/\/www.myaquastore.com\/pt-br\/wp-json\/wp\/v2\/product_brand?post=33554"},{"taxonomy":"product_cat","embeddable":true,"href":"https:\/\/www.myaquastore.com\/pt-br\/wp-json\/wp\/v2\/product_cat?post=33554"},{"taxonomy":"product_tag","embeddable":true,"href":"https:\/\/www.myaquastore.com\/pt-br\/wp-json\/wp\/v2\/product_tag?post=33554"}],"curies":[{"name":"wp","href":"https:\/\/api.w.org\/{rel}","templated":true}]}}