{"id":33569,"date":"2016-09-25T23:28:02","date_gmt":"2016-09-25T23:28:02","guid":{"rendered":"https:\/\/www.myaquastore.com\/product\/redutor-de-nitrato-weipro-sonpar-ml400\/"},"modified":"2025-03-16T08:28:34","modified_gmt":"2025-03-16T08:28:34","slug":"redutor-de-nitrato-weipro-sonpar-ml400","status":"publish","type":"product","link":"https:\/\/www.myaquastore.com\/pt-br\/produto\/redutor-de-nitrato-weipro-sonpar-ml400\/","title":{"rendered":"Redutor de nitrato WEIPRO SONPAR ML400"},"content":{"rendered":"<article class=\"article richtext richtext-detail AE:disable\" id=\"richTextContainer\">\n<div style=\"clear:both\">\n<p><span style=\"font-family: 'times new roman', times;font-size: 24px\">WEIPRO SONPAR nitrato redutor ML400<\/span><\/p>\n<p><span style=\"font-family: 'times new roman', times\">1. Design de filtro biol\u00f3gico, profissional fornecendo microorganismos de cultura para o seu aqu\u00e1rio<\/span><br \/><span style=\"font-family: 'times new roman', times;font-size: 24px\">2. Remova com efici\u00eancia o nitrato perigoso da \u00e1gua, purifique a<\/span><br \/><span style=\"font-family: 'times new roman', times;font-size: 24px\">\u00e1gua atrav\u00e9s do crescimento de bact\u00e9rias ben\u00e9ficas. <\/span><br \/><span style=\"font-family: 'times new roman', times;font-size: 24px\">3. Com cria\u00e7\u00e3o de bolas biol\u00f3gicas e uso microbiano de bolas <\/span><br \/><span style=\"font-family: 'times new roman', times;font-size: 24px\">4. Tubos de conex\u00e3o e 2 bombas de \u00e1gua est\u00e3o equipados para os usu\u00e1rios <\/span><br \/><span style=\"font-family: 'times new roman', times;font-size: 24px\">5. Adequado para \u00e1gua doce e salgada<\/span><br \/><span style=\"font-family: 'times new roman', times;font-size: 24px\">6. Um dos redutores de nitrato mais eficientes do mercado chin\u00eas atual<\/span><\/p>\n<div style=\"clear:both\"><\/article>\n","protected":false},"excerpt":{"rendered":"<p>Redutor de nitrato WEIPRO SONPAR ML400<\/p>\n","protected":false},"featured_media":3590,"comment_status":"open","ping_status":"closed","template":"","meta":[],"product_brand":[],"product_cat":[627],"product_tag":[],"class_list":{"0":"post-33569","1":"product","2":"type-product","3":"status-publish","4":"has-post-thumbnail","6":"product_cat-filtros-de-aquario","8":"first","9":"instock","10":"shipping-taxable","11":"purchasable","12":"product-type-simple"},"_links":{"self":[{"href":"https:\/\/www.myaquastore.com\/pt-br\/wp-json\/wp\/v2\/product\/33569","targetHints":{"allow":["GET"]}}],"collection":[{"href":"https:\/\/www.myaquastore.com\/pt-br\/wp-json\/wp\/v2\/product"}],"about":[{"href":"https:\/\/www.myaquastore.com\/pt-br\/wp-json\/wp\/v2\/types\/product"}],"replies":[{"embeddable":true,"href":"https:\/\/www.myaquastore.com\/pt-br\/wp-json\/wp\/v2\/comments?post=33569"}],"wp:featuredmedia":[{"embeddable":true,"href":"https:\/\/www.myaquastore.com\/pt-br\/wp-json\/wp\/v2\/media\/3590"}],"wp:attachment":[{"href":"https:\/\/www.myaquastore.com\/pt-br\/wp-json\/wp\/v2\/media?parent=33569"}],"wp:term":[{"taxonomy":"product_brand","embeddable":true,"href":"https:\/\/www.myaquastore.com\/pt-br\/wp-json\/wp\/v2\/product_brand?post=33569"},{"taxonomy":"product_cat","embeddable":true,"href":"https:\/\/www.myaquastore.com\/pt-br\/wp-json\/wp\/v2\/product_cat?post=33569"},{"taxonomy":"product_tag","embeddable":true,"href":"https:\/\/www.myaquastore.com\/pt-br\/wp-json\/wp\/v2\/product_tag?post=33569"}],"curies":[{"name":"wp","href":"https:\/\/api.w.org\/{rel}","templated":true}]}}