{"id":33571,"date":"2016-09-25T23:28:02","date_gmt":"2016-09-25T23:28:02","guid":{"rendered":"https:\/\/www.myaquastore.com\/product\/bomba-para-lago-boyu-spm-10000d\/"},"modified":"2025-03-16T08:28:34","modified_gmt":"2025-03-16T08:28:34","slug":"bomba-para-lago-boyu-spm-10000d","status":"publish","type":"product","link":"https:\/\/www.myaquastore.com\/pt-br\/produto\/bomba-para-lago-boyu-spm-10000d\/","title":{"rendered":"Bomba para lago BOYU SPM-10000D"},"content":{"rendered":"<article class=\"article richtext richtext-detail AE:disable\" id=\"richTextContainer\">\n<h2 class=\"article-title\">Especifica\u00e7\u00f5es<\/h2>\n<div style=\"clear:both\"> Bomba para lago BOYU SPM-10000D <br \/>1. adotando eixo de cer\u00e2mica inoxid\u00e1vel, resiste a desgaste e ferrugem e pode ser usado em \u00e1gua doce e \u00e1gua do mar <\/p>\n<div style=\"clear:both\">\n<p>Bomba de lago BOYU SPM-10000D<br \/> 1. adotando eixo de cer\u00e2mica inoxid\u00e1vel, a bomba resiste a desgaste e ferrugem e pode ser usada em \u00e1gua doce e \u00e1gua do mar.<\/p>\n<p>2. o motor \u00e9 revestido com resina e o desempenho \u00e0 prova d&#8217;\u00e1gua e de isolamento \u00e9 excelente. 3. design multifuncional&#8212;&#8211;bombeamento, filtragem e fonte 3 em 1.<\/p>\n<p>4. com belo aspecto, o tubo fonte \u00e9 f\u00e1cil de montar e pode ser utilizado em bombas de qualquer tamanho.<\/p>\n<p>5. v\u00e1rios formatos de tubos de fonte est\u00e3o dispon\u00edveis. o tamanho e a altura da bela fonte podem ser ajustados como voc\u00ea quiser.<\/p>\n<p>6. escopo aplic\u00e1vel: ser adequado para bombear e circular a \u00e1gua em aqu\u00e1rios e piscinas de frutos do mar, filtrar e limpar a \u00e1gua de reprodu\u00e7\u00e3o e pulverizar as fontes internas e externas.<\/p>\n<div style=\"clear:both\"><\/article>\n","protected":false},"excerpt":{"rendered":"<p>Bomba para lago BOYU SPM-10000D<\/p>\n","protected":false},"featured_media":3594,"comment_status":"open","ping_status":"closed","template":"","meta":[],"product_brand":[],"product_cat":[627],"product_tag":[],"class_list":{"0":"post-33571","1":"product","2":"type-product","3":"status-publish","4":"has-post-thumbnail","6":"product_cat-filtros-de-aquario","8":"first","9":"instock","10":"shipping-taxable","11":"purchasable","12":"product-type-simple"},"_links":{"self":[{"href":"https:\/\/www.myaquastore.com\/pt-br\/wp-json\/wp\/v2\/product\/33571","targetHints":{"allow":["GET"]}}],"collection":[{"href":"https:\/\/www.myaquastore.com\/pt-br\/wp-json\/wp\/v2\/product"}],"about":[{"href":"https:\/\/www.myaquastore.com\/pt-br\/wp-json\/wp\/v2\/types\/product"}],"replies":[{"embeddable":true,"href":"https:\/\/www.myaquastore.com\/pt-br\/wp-json\/wp\/v2\/comments?post=33571"}],"wp:featuredmedia":[{"embeddable":true,"href":"https:\/\/www.myaquastore.com\/pt-br\/wp-json\/wp\/v2\/media\/3594"}],"wp:attachment":[{"href":"https:\/\/www.myaquastore.com\/pt-br\/wp-json\/wp\/v2\/media?parent=33571"}],"wp:term":[{"taxonomy":"product_brand","embeddable":true,"href":"https:\/\/www.myaquastore.com\/pt-br\/wp-json\/wp\/v2\/product_brand?post=33571"},{"taxonomy":"product_cat","embeddable":true,"href":"https:\/\/www.myaquastore.com\/pt-br\/wp-json\/wp\/v2\/product_cat?post=33571"},{"taxonomy":"product_tag","embeddable":true,"href":"https:\/\/www.myaquastore.com\/pt-br\/wp-json\/wp\/v2\/product_tag?post=33571"}],"curies":[{"name":"wp","href":"https:\/\/api.w.org\/{rel}","templated":true}]}}