{"id":33597,"date":"2016-09-25T23:28:02","date_gmt":"2016-09-25T23:28:02","guid":{"rendered":"https:\/\/www.myaquastore.com\/product\/encaixe-de-luz-para-aquario-boyu-de-13-w-mais-vendido\/"},"modified":"2025-03-16T08:28:39","modified_gmt":"2025-03-16T08:28:39","slug":"encaixe-de-luz-para-aquario-boyu-de-13-w-mais-vendido","status":"publish","type":"product","link":"https:\/\/www.myaquastore.com\/pt-br\/produto\/encaixe-de-luz-para-aquario-boyu-de-13-w-mais-vendido\/","title":{"rendered":"Encaixe de luz para aqu\u00e1rio BOYU de 13 W mais vendido"},"content":{"rendered":"<article class=\"article richtext richtext-detail AE:disable\" id=\"richTextContainer\">\n<div style=\"clear:both\">\n<p><span style=\"font-family: 'times new roman', times;font-size: 24px\"> lumin\u00e1ria de aqu\u00e1rio BOYU 13W mais vendida <\/span><\/p>\n<p><span style=\"font-family: 'times new roman', times;font-size: 24px\">1.&#8221;Flip-top&#8221;suporte extens\u00edvel,f\u00e1cil para manuten\u00e7\u00e3o.<\/span><br \/><span style=\"font-family: 'times new roman', times;font-size: 24px\">2.S\u00e3o superf\u00edcie e excelente reflex\u00e3o.<\/span><br \/>&lt;span style=&quot;font-family: &#039;times new roman&#039;, times; fun\u00e7\u00e3o.<\/span><br \/><span style=\"font-family: 'times new roman', times;font-size: 24px\">4.Design superfino e muitas cores para op\u00e7\u00e3o.<\/span><br \/><span style=\"color: #333333;font-family: 'times new roman', times;font-size: 24px\">5.DADOS T\u00c9CNICOS:AC230V \/50Hz<\/span><\/p>\n<div style=\"clear:both\"><\/article>\n","protected":false},"excerpt":{"rendered":"<p>Encaixe de luz para aqu\u00e1rio BOYU de 13 W mais vendido<\/p>\n","protected":false},"featured_media":3647,"comment_status":"open","ping_status":"closed","template":"","meta":[],"product_brand":[],"product_cat":[627],"product_tag":[],"class_list":{"0":"post-33597","1":"product","2":"type-product","3":"status-publish","4":"has-post-thumbnail","6":"product_cat-filtros-de-aquario","8":"first","9":"instock","10":"shipping-taxable","11":"purchasable","12":"product-type-simple"},"_links":{"self":[{"href":"https:\/\/www.myaquastore.com\/pt-br\/wp-json\/wp\/v2\/product\/33597","targetHints":{"allow":["GET"]}}],"collection":[{"href":"https:\/\/www.myaquastore.com\/pt-br\/wp-json\/wp\/v2\/product"}],"about":[{"href":"https:\/\/www.myaquastore.com\/pt-br\/wp-json\/wp\/v2\/types\/product"}],"replies":[{"embeddable":true,"href":"https:\/\/www.myaquastore.com\/pt-br\/wp-json\/wp\/v2\/comments?post=33597"}],"wp:featuredmedia":[{"embeddable":true,"href":"https:\/\/www.myaquastore.com\/pt-br\/wp-json\/wp\/v2\/media\/3647"}],"wp:attachment":[{"href":"https:\/\/www.myaquastore.com\/pt-br\/wp-json\/wp\/v2\/media?parent=33597"}],"wp:term":[{"taxonomy":"product_brand","embeddable":true,"href":"https:\/\/www.myaquastore.com\/pt-br\/wp-json\/wp\/v2\/product_brand?post=33597"},{"taxonomy":"product_cat","embeddable":true,"href":"https:\/\/www.myaquastore.com\/pt-br\/wp-json\/wp\/v2\/product_cat?post=33597"},{"taxonomy":"product_tag","embeddable":true,"href":"https:\/\/www.myaquastore.com\/pt-br\/wp-json\/wp\/v2\/product_tag?post=33597"}],"curies":[{"name":"wp","href":"https:\/\/api.w.org\/{rel}","templated":true}]}}