{"id":33599,"date":"2016-09-25T23:28:02","date_gmt":"2016-09-25T23:28:02","guid":{"rendered":"https:\/\/www.myaquastore.com\/product\/atacado-luz-de-aquario-boyu-de-5-pes-plb-150h\/"},"modified":"2025-03-16T08:28:40","modified_gmt":"2025-03-16T08:28:40","slug":"atacado-luz-de-aquario-boyu-de-5-pes-plb-150h","status":"publish","type":"product","link":"https:\/\/www.myaquastore.com\/pt-br\/produto\/atacado-luz-de-aquario-boyu-de-5-pes-plb-150h\/","title":{"rendered":"atacado luz de aqu\u00e1rio BOYU de 5 p\u00e9s PLB-150H"},"content":{"rendered":"<article class=\"article richtext richtext-detail AE:disable\" id=\"richTextContainer\">\n<div style=\"clear:both\">\n<p><span style=\"font-size: 18px;font-family: 'times new roman', times\"> atacado luz de aqu\u00e1rio BOYU de 5 p\u00e9s PLB-150H <\/span><\/p>\n<p><span style=\"font-size: 18px;font-family: 'times new roman', times\"> <span style=\"color: #333333\">1.Use concha de alum\u00ednio de alta qualidade, sem ferrugem e anticorrosiva, boa capacidade de difus\u00e3o de calor. suporte. <br \/>Design 4.Super fino, apar\u00eancia atrativa agrad\u00e1vel. muitas cores para op\u00e7\u00e3o<\/span><\/span><\/p>\n<p><span style=\"color: #333333;font-size: 18px;font-family: 'times new roman', times\">5.DADOS T\u00c9CNICOS:AC230V \/50Hz<\/span><\/p>\n<div style=\"clear:both\"><\/article>\n","protected":false},"excerpt":{"rendered":"<p>atacado luz de aqu\u00e1rio BOYU de 5 p\u00e9s PLB-150H<\/p>\n","protected":false},"featured_media":3651,"comment_status":"open","ping_status":"closed","template":"","meta":[],"product_brand":[],"product_cat":[627],"product_tag":[],"class_list":{"0":"post-33599","1":"product","2":"type-product","3":"status-publish","4":"has-post-thumbnail","6":"product_cat-filtros-de-aquario","8":"first","9":"instock","10":"shipping-taxable","11":"purchasable","12":"product-type-simple"},"_links":{"self":[{"href":"https:\/\/www.myaquastore.com\/pt-br\/wp-json\/wp\/v2\/product\/33599","targetHints":{"allow":["GET"]}}],"collection":[{"href":"https:\/\/www.myaquastore.com\/pt-br\/wp-json\/wp\/v2\/product"}],"about":[{"href":"https:\/\/www.myaquastore.com\/pt-br\/wp-json\/wp\/v2\/types\/product"}],"replies":[{"embeddable":true,"href":"https:\/\/www.myaquastore.com\/pt-br\/wp-json\/wp\/v2\/comments?post=33599"}],"wp:featuredmedia":[{"embeddable":true,"href":"https:\/\/www.myaquastore.com\/pt-br\/wp-json\/wp\/v2\/media\/3651"}],"wp:attachment":[{"href":"https:\/\/www.myaquastore.com\/pt-br\/wp-json\/wp\/v2\/media?parent=33599"}],"wp:term":[{"taxonomy":"product_brand","embeddable":true,"href":"https:\/\/www.myaquastore.com\/pt-br\/wp-json\/wp\/v2\/product_brand?post=33599"},{"taxonomy":"product_cat","embeddable":true,"href":"https:\/\/www.myaquastore.com\/pt-br\/wp-json\/wp\/v2\/product_cat?post=33599"},{"taxonomy":"product_tag","embeddable":true,"href":"https:\/\/www.myaquastore.com\/pt-br\/wp-json\/wp\/v2\/product_tag?post=33599"}],"curies":[{"name":"wp","href":"https:\/\/api.w.org\/{rel}","templated":true}]}}