{"id":33651,"date":"2016-09-25T23:28:05","date_gmt":"2016-09-25T23:28:05","guid":{"rendered":"https:\/\/www.myaquastore.com\/product\/weipro-sonpar-skimmer-interno-para-aquario-sa-2004\/"},"modified":"2025-03-16T08:28:50","modified_gmt":"2025-03-16T08:28:50","slug":"weipro-sonpar-skimmer-interno-para-aquario-sa-2004","status":"publish","type":"product","link":"https:\/\/www.myaquastore.com\/pt-br\/produto\/weipro-sonpar-skimmer-interno-para-aquario-sa-2004\/","title":{"rendered":"WEIPRO SONPAR skimmer interno para aqu\u00e1rio SA-2004"},"content":{"rendered":"<article class=\"article richtext richtext-detail AE:disable\" id=\"richTextContainer\">\n<h2 class=\"article-title\">Especifica\u00e7\u00f5es<\/h2>\n<div style=\"clear:both\"> WEIPRO SONPAR skimmer interno de prote\u00ednas para aqu\u00e1rio SA-2004 <br \/>1.Imita\u00e7\u00e3o da zoologia natural. <br \/> 2. Qualidade segura e confi\u00e1vel <\/p>\n<div style=\"clear:both\">\n<p>Escumador interno de prote\u00ednas para aqu\u00e1rio WEIPRO SONPAR SA-2004<br \/> 1. Escumador interno de design especial para tanque de \u00e1gua salgada. <br \/>2. O projeto do separador de v\u00f3rtice de inje\u00e7\u00e3o de press\u00e3o de \u00e1gua, dividiu altamente os materiais prejudiciais da \u00e1gua<br \/>3. Design de isolamento duplo, separa\u00e7\u00e3o e combina\u00e7\u00e3o de filtragem<br \/>4. Ajuste de controle do n\u00edvel de \u00e1gua<br \/>5. Adequado para todos os tipos de tanques marinhos de 80 litros6. O skimmer mais vendido e escolhido no mercado recente da China<\/p>\n<div style=\"clear:both\"><\/article>\n","protected":false},"excerpt":{"rendered":"<p>WEIPRO SONPAR skimmer interno para aqu\u00e1rio SA-2004<\/p>\n","protected":false},"featured_media":3753,"comment_status":"open","ping_status":"closed","template":"","meta":[],"product_brand":[],"product_cat":[627],"product_tag":[],"class_list":{"0":"post-33651","1":"product","2":"type-product","3":"status-publish","4":"has-post-thumbnail","6":"product_cat-filtros-de-aquario","8":"first","9":"instock","10":"shipping-taxable","11":"purchasable","12":"product-type-simple"},"_links":{"self":[{"href":"https:\/\/www.myaquastore.com\/pt-br\/wp-json\/wp\/v2\/product\/33651","targetHints":{"allow":["GET"]}}],"collection":[{"href":"https:\/\/www.myaquastore.com\/pt-br\/wp-json\/wp\/v2\/product"}],"about":[{"href":"https:\/\/www.myaquastore.com\/pt-br\/wp-json\/wp\/v2\/types\/product"}],"replies":[{"embeddable":true,"href":"https:\/\/www.myaquastore.com\/pt-br\/wp-json\/wp\/v2\/comments?post=33651"}],"wp:featuredmedia":[{"embeddable":true,"href":"https:\/\/www.myaquastore.com\/pt-br\/wp-json\/wp\/v2\/media\/3753"}],"wp:attachment":[{"href":"https:\/\/www.myaquastore.com\/pt-br\/wp-json\/wp\/v2\/media?parent=33651"}],"wp:term":[{"taxonomy":"product_brand","embeddable":true,"href":"https:\/\/www.myaquastore.com\/pt-br\/wp-json\/wp\/v2\/product_brand?post=33651"},{"taxonomy":"product_cat","embeddable":true,"href":"https:\/\/www.myaquastore.com\/pt-br\/wp-json\/wp\/v2\/product_cat?post=33651"},{"taxonomy":"product_tag","embeddable":true,"href":"https:\/\/www.myaquastore.com\/pt-br\/wp-json\/wp\/v2\/product_tag?post=33651"}],"curies":[{"name":"wp","href":"https:\/\/api.w.org\/{rel}","templated":true}]}}