{"id":33690,"date":"2016-09-25T23:28:05","date_gmt":"2016-09-25T23:28:05","guid":{"rendered":"https:\/\/www.myaquastore.com\/product\/filtro-de-cabeca-haiyang-25w-com-bomba-de-agua\/"},"modified":"2025-03-16T08:28:58","modified_gmt":"2025-03-16T08:28:58","slug":"filtro-de-cabeca-haiyang-25w-com-bomba-de-agua","status":"publish","type":"product","link":"https:\/\/www.myaquastore.com\/pt-br\/produto\/filtro-de-cabeca-haiyang-25w-com-bomba-de-agua\/","title":{"rendered":"Filtro de cabe\u00e7a Haiyang 25W com bomba de \u00e1gua"},"content":{"rendered":"<article class=\"article richtext richtext-detail AE:disable\" id=\"richTextContainer\">\n<h2 class=\"article-title\">Especifica\u00e7\u00f5es<\/h2>\n<div style=\"clear:both\"> Filtro de cabe\u00e7a Haiyang de 25W com bomba de \u00e1gua <br \/>1 bombeamento,filtra\u00e7\u00e3o e oxigena\u00e7\u00e3o. <br \/>2 Forne\u00e7a oxig\u00eanio suficiente e fa\u00e7a os peixes crescerem saud\u00e1veis<\/p>\n<div style=\"clear:both\">\n<p>Filtro de cabe\u00e7a Haiyang de 25W com bomba de \u00e1gua<br \/>1 Circula\u00e7\u00e3o, bombeamento, filtragem e oxigena\u00e7\u00e3o.<br \/>2 Forne\u00e7a oxig\u00eanio suficiente e fa\u00e7a os peixes crescerem mais saud\u00e1veis<\/p>\n<p>3 embalagem: 20 pe\u00e7as por caixa<\/p>\n<p>4 Fluxo m\u00e1ximo de \u00e1gua: 1100L\/H<\/p>\n<div style=\"clear:both\"><\/article>\n","protected":false},"excerpt":{"rendered":"<p>Filtro de cabe\u00e7a Haiyang 25W com bomba de \u00e1gua<\/p>\n","protected":false},"featured_media":3829,"comment_status":"open","ping_status":"closed","template":"","meta":[],"product_brand":[],"product_cat":[627],"product_tag":[],"class_list":{"0":"post-33690","1":"product","2":"type-product","3":"status-publish","4":"has-post-thumbnail","6":"product_cat-filtros-de-aquario","8":"first","9":"instock","10":"shipping-taxable","11":"purchasable","12":"product-type-simple"},"_links":{"self":[{"href":"https:\/\/www.myaquastore.com\/pt-br\/wp-json\/wp\/v2\/product\/33690","targetHints":{"allow":["GET"]}}],"collection":[{"href":"https:\/\/www.myaquastore.com\/pt-br\/wp-json\/wp\/v2\/product"}],"about":[{"href":"https:\/\/www.myaquastore.com\/pt-br\/wp-json\/wp\/v2\/types\/product"}],"replies":[{"embeddable":true,"href":"https:\/\/www.myaquastore.com\/pt-br\/wp-json\/wp\/v2\/comments?post=33690"}],"wp:featuredmedia":[{"embeddable":true,"href":"https:\/\/www.myaquastore.com\/pt-br\/wp-json\/wp\/v2\/media\/3829"}],"wp:attachment":[{"href":"https:\/\/www.myaquastore.com\/pt-br\/wp-json\/wp\/v2\/media?parent=33690"}],"wp:term":[{"taxonomy":"product_brand","embeddable":true,"href":"https:\/\/www.myaquastore.com\/pt-br\/wp-json\/wp\/v2\/product_brand?post=33690"},{"taxonomy":"product_cat","embeddable":true,"href":"https:\/\/www.myaquastore.com\/pt-br\/wp-json\/wp\/v2\/product_cat?post=33690"},{"taxonomy":"product_tag","embeddable":true,"href":"https:\/\/www.myaquastore.com\/pt-br\/wp-json\/wp\/v2\/product_tag?post=33690"}],"curies":[{"name":"wp","href":"https:\/\/api.w.org\/{rel}","templated":true}]}}