{"id":33702,"date":"2016-09-25T23:28:05","date_gmt":"2016-09-25T23:28:05","guid":{"rendered":"https:\/\/www.myaquastore.com\/product\/aquario-boyu-30w-luz-azul-bl30w\/"},"modified":"2025-03-16T08:29:01","modified_gmt":"2025-03-16T08:29:01","slug":"aquario-boyu-30w-luz-azul-bl30w","status":"publish","type":"product","link":"https:\/\/www.myaquastore.com\/pt-br\/produto\/aquario-boyu-30w-luz-azul-bl30w\/","title":{"rendered":"Aqu\u00e1rio BOYU 30W luz azul BL30W"},"content":{"rendered":"<article class=\"article richtext richtext-detail AE:disable\" id=\"richTextContainer\">\n<div style=\"clear:both\">\n<p><span style=\"font-family: 'times new roman', times;font-size: 24px\"> Aqu\u00e1rio BOYU 30W luz azul BL30W <\/span><\/p>\n<p><span style=\"font-family: 'times new roman', times;font-size: 24px\">1.<span style=\"color: #333333\">Ele foi projetado de acordo com o espectro especial de corais ou invertebrados do oceano, por isso possui uma penetrabilidade poderosa. pode entrar profundamente na posi\u00e7\u00e3o viva dos corais para melhorar o crescimento e a reprodu\u00e7\u00e3o de halobios e fornecer a ilumina\u00e7\u00e3o ideal para o frasco ecol\u00f3gico do oceano. style=&#8221;clear:both;&#8221;&gt;<\/article>\n","protected":false},"excerpt":{"rendered":"<p>Aqu\u00e1rio BOYU 30W luz azul BL30W<\/p>\n","protected":false},"featured_media":3853,"comment_status":"open","ping_status":"closed","template":"","meta":[],"product_brand":[],"product_cat":[627],"product_tag":[],"class_list":{"0":"post-33702","1":"product","2":"type-product","3":"status-publish","4":"has-post-thumbnail","6":"product_cat-filtros-de-aquario","8":"first","9":"instock","10":"shipping-taxable","11":"purchasable","12":"product-type-simple"},"_links":{"self":[{"href":"https:\/\/www.myaquastore.com\/pt-br\/wp-json\/wp\/v2\/product\/33702","targetHints":{"allow":["GET"]}}],"collection":[{"href":"https:\/\/www.myaquastore.com\/pt-br\/wp-json\/wp\/v2\/product"}],"about":[{"href":"https:\/\/www.myaquastore.com\/pt-br\/wp-json\/wp\/v2\/types\/product"}],"replies":[{"embeddable":true,"href":"https:\/\/www.myaquastore.com\/pt-br\/wp-json\/wp\/v2\/comments?post=33702"}],"wp:featuredmedia":[{"embeddable":true,"href":"https:\/\/www.myaquastore.com\/pt-br\/wp-json\/wp\/v2\/media\/3853"}],"wp:attachment":[{"href":"https:\/\/www.myaquastore.com\/pt-br\/wp-json\/wp\/v2\/media?parent=33702"}],"wp:term":[{"taxonomy":"product_brand","embeddable":true,"href":"https:\/\/www.myaquastore.com\/pt-br\/wp-json\/wp\/v2\/product_brand?post=33702"},{"taxonomy":"product_cat","embeddable":true,"href":"https:\/\/www.myaquastore.com\/pt-br\/wp-json\/wp\/v2\/product_cat?post=33702"},{"taxonomy":"product_tag","embeddable":true,"href":"https:\/\/www.myaquastore.com\/pt-br\/wp-json\/wp\/v2\/product_tag?post=33702"}],"curies":[{"name":"wp","href":"https:\/\/api.w.org\/{rel}","templated":true}]}}