{"id":33729,"date":"2016-09-25T23:28:05","date_gmt":"2016-09-25T23:28:05","guid":{"rendered":"https:\/\/www.myaquastore.com\/product\/promocao-filtro-interno-de-aquario-sobo-mais-vendido-wp-3001\/"},"modified":"2025-03-16T08:29:07","modified_gmt":"2025-03-16T08:29:07","slug":"promocao-filtro-interno-de-aquario-sobo-mais-vendido-wp-3001","status":"publish","type":"product","link":"https:\/\/www.myaquastore.com\/pt-br\/produto\/promocao-filtro-interno-de-aquario-sobo-mais-vendido-wp-3001\/","title":{"rendered":"promo\u00e7\u00e3o filtro interno de aqu\u00e1rio SOBO mais vendido WP-3001"},"content":{"rendered":"<article class=\"article richtext richtext-detail AE:disable\" id=\"richTextContainer\">\n<div style=\"clear:both\">\n<p><span style=\"font-family: 'times new roman', times;font-size: 24px\"> promo\u00e7\u00e3o filtro interno de aqu\u00e1rio SOBO mais vendido WP-3001 <\/span><\/p>\n<p><span style=\"font-family: 'times new roman', times;font-size: 24px\">1. poderoso sistema de filtragem<\/span><br \/><span style=\"font-family: 'times new roman', times;font-size: 24px\">2 Ideal para aqu\u00e1rios de \u00e1gua doce e marinhos<\/span><\/p>\n<p><span style=\"font-family: 'times new roman', times;font-size: 24px\">3 embalagens: 30 pe\u00e7as\/caixa<\/span><\/p>\n<p><span style=\"font-family: 'times new roman', times;font-size: 24px\">4 fluxo m\u00e1ximo:1400L\/H<\/span><\/p>\n<p><span style=\"font-family: 'times new roman', times;font-size: 24px\">5 pot\u00eancia \u00e9 20w<\/span><\/p>\n<div style=\"clear:both\"><\/article>\n","protected":false},"excerpt":{"rendered":"<p>promo\u00e7\u00e3o filtro interno de aqu\u00e1rio SOBO mais vendido WP-3001<\/p>\n","protected":false},"featured_media":3907,"comment_status":"open","ping_status":"closed","template":"","meta":[],"product_brand":[],"product_cat":[627],"product_tag":[],"class_list":{"0":"post-33729","1":"product","2":"type-product","3":"status-publish","4":"has-post-thumbnail","6":"product_cat-filtros-de-aquario","8":"first","9":"instock","10":"shipping-taxable","11":"purchasable","12":"product-type-simple"},"_links":{"self":[{"href":"https:\/\/www.myaquastore.com\/pt-br\/wp-json\/wp\/v2\/product\/33729","targetHints":{"allow":["GET"]}}],"collection":[{"href":"https:\/\/www.myaquastore.com\/pt-br\/wp-json\/wp\/v2\/product"}],"about":[{"href":"https:\/\/www.myaquastore.com\/pt-br\/wp-json\/wp\/v2\/types\/product"}],"replies":[{"embeddable":true,"href":"https:\/\/www.myaquastore.com\/pt-br\/wp-json\/wp\/v2\/comments?post=33729"}],"wp:featuredmedia":[{"embeddable":true,"href":"https:\/\/www.myaquastore.com\/pt-br\/wp-json\/wp\/v2\/media\/3907"}],"wp:attachment":[{"href":"https:\/\/www.myaquastore.com\/pt-br\/wp-json\/wp\/v2\/media?parent=33729"}],"wp:term":[{"taxonomy":"product_brand","embeddable":true,"href":"https:\/\/www.myaquastore.com\/pt-br\/wp-json\/wp\/v2\/product_brand?post=33729"},{"taxonomy":"product_cat","embeddable":true,"href":"https:\/\/www.myaquastore.com\/pt-br\/wp-json\/wp\/v2\/product_cat?post=33729"},{"taxonomy":"product_tag","embeddable":true,"href":"https:\/\/www.myaquastore.com\/pt-br\/wp-json\/wp\/v2\/product_tag?post=33729"}],"curies":[{"name":"wp","href":"https:\/\/api.w.org\/{rel}","templated":true}]}}