{"id":33742,"date":"2016-09-25T23:28:07","date_gmt":"2016-09-25T23:28:07","guid":{"rendered":"https:\/\/www.myaquastore.com\/product\/filtro-suspenso-12w-sobo\/"},"modified":"2025-03-16T08:29:10","modified_gmt":"2025-03-16T08:29:10","slug":"filtro-suspenso-12w-sobo","status":"publish","type":"product","link":"https:\/\/www.myaquastore.com\/pt-br\/produto\/filtro-suspenso-12w-sobo\/","title":{"rendered":"Filtro suspenso 12W SOBO"},"content":{"rendered":"<article class=\"article richtext richtext-detail AE:disable\" id=\"richTextContainer\">\n<h2 class=\"article-title\">Especifica\u00e7\u00f5es<\/h2>\n<div style=\"clear:both\"> Filtro suspenso SOBO de 12W <br \/>1 Sistema de filtragem mec\u00e2nica, qu\u00edmica e biol\u00f3gica <br \/>2 Ideal para aqu\u00e1rios de \u00e1gua doce e marinhos <\/p>\n<div style=\"clear:both\">\n<p> Suspenso SOBO de 12W filtro<\/p>\n<p>1. Sistema de filtragem mec\u00e2nica, qu\u00edmica e biol\u00f3gica<br \/>2 Ideal para aqu\u00e1rios de \u00e1gua doce e marinhos<\/p>\n<p>3 embalagem: 18 pe\u00e7as\/caixa<\/p>\n<p>4 fluxo m\u00e1ximo: 600L\/H<\/p>\n<div style=\"clear:both\"><\/article>\n","protected":false},"excerpt":{"rendered":"<p>Filtro suspenso 12W SOBO<\/p>\n","protected":false},"featured_media":3933,"comment_status":"open","ping_status":"closed","template":"","meta":[],"product_brand":[],"product_cat":[627],"product_tag":[],"class_list":{"0":"post-33742","1":"product","2":"type-product","3":"status-publish","4":"has-post-thumbnail","6":"product_cat-filtros-de-aquario","8":"first","9":"instock","10":"shipping-taxable","11":"purchasable","12":"product-type-simple"},"_links":{"self":[{"href":"https:\/\/www.myaquastore.com\/pt-br\/wp-json\/wp\/v2\/product\/33742","targetHints":{"allow":["GET"]}}],"collection":[{"href":"https:\/\/www.myaquastore.com\/pt-br\/wp-json\/wp\/v2\/product"}],"about":[{"href":"https:\/\/www.myaquastore.com\/pt-br\/wp-json\/wp\/v2\/types\/product"}],"replies":[{"embeddable":true,"href":"https:\/\/www.myaquastore.com\/pt-br\/wp-json\/wp\/v2\/comments?post=33742"}],"wp:featuredmedia":[{"embeddable":true,"href":"https:\/\/www.myaquastore.com\/pt-br\/wp-json\/wp\/v2\/media\/3933"}],"wp:attachment":[{"href":"https:\/\/www.myaquastore.com\/pt-br\/wp-json\/wp\/v2\/media?parent=33742"}],"wp:term":[{"taxonomy":"product_brand","embeddable":true,"href":"https:\/\/www.myaquastore.com\/pt-br\/wp-json\/wp\/v2\/product_brand?post=33742"},{"taxonomy":"product_cat","embeddable":true,"href":"https:\/\/www.myaquastore.com\/pt-br\/wp-json\/wp\/v2\/product_cat?post=33742"},{"taxonomy":"product_tag","embeddable":true,"href":"https:\/\/www.myaquastore.com\/pt-br\/wp-json\/wp\/v2\/product_tag?post=33742"}],"curies":[{"name":"wp","href":"https:\/\/api.w.org\/{rel}","templated":true}]}}