{"id":33788,"date":"2016-09-25T23:28:07","date_gmt":"2016-09-25T23:28:07","guid":{"rendered":"https:\/\/www.myaquastore.com\/product\/cartaz-de-imagem-de-fundo-de-aquario-de-plastico-a-prova-dagua-j55\/"},"modified":"2025-03-16T08:29:19","modified_gmt":"2025-03-16T08:29:19","slug":"cartaz-de-imagem-de-fundo-de-aquario-de-plastico-a-prova-dagua-j55","status":"publish","type":"product","link":"https:\/\/www.myaquastore.com\/pt-br\/produto\/cartaz-de-imagem-de-fundo-de-aquario-de-plastico-a-prova-dagua-j55\/","title":{"rendered":"cartaz de imagem de fundo de aqu\u00e1rio de pl\u00e1stico \u00e0 prova d&#8217;\u00e1gua J55"},"content":{"rendered":"<article class=\"article richtext richtext-detail AE:disable\" id=\"richTextContainer\">\n<div style=\"clear:both\">\n<p><span style=\"font-family: 'times new roman', times;font-size: 24px\">imagem de fundo de aqu\u00e1rio de pl\u00e1stico \u00e0 prova d&#8217;\u00e1gua p\u00f4ster J55<\/span><\/p>\n<div>\n<p><span style=\"font-family: 'times new roman', times\">1)tamanho:30cm&#8212;80cm e 15 ou 25m por pacote, os pre\u00e7os s\u00e3o diferentes de acordo com os tamanhos, entre em contato conosco para refer\u00eancia<\/span><br \/><span style=\"font-family: 'times new roman', times;font-size: 24px\">2)mat\u00e9ria-prima:pl\u00e1stico<\/span><br \/><span style=\"font-family: 'times new roman', times;24px\">3) fundo de pl\u00e1stico \u00fanico<\/span><\/p>\n<p><span style=\"font-family: 'times new roman', times;font-size: 24px\">4)\u00e9 adequado para peixes de aqu\u00e1rio Home <\/span><br \/><span style=\"font-family: 'times new roman', times;font-size: 24px\">5)9 rolos\/caixa<\/span><\/p>\n<\/div>\n<div style=\"clear:both\"><\/article>\n","protected":false},"excerpt":{"rendered":"<p>cartaz de imagem de fundo de aqu\u00e1rio de pl\u00e1stico \u00e0 prova d&#8217;\u00e1gua J55<\/p>\n","protected":false},"featured_media":4022,"comment_status":"open","ping_status":"closed","template":"","meta":[],"product_brand":[],"product_cat":[627],"product_tag":[],"class_list":{"0":"post-33788","1":"product","2":"type-product","3":"status-publish","4":"has-post-thumbnail","6":"product_cat-filtros-de-aquario","8":"first","9":"instock","10":"shipping-taxable","11":"purchasable","12":"product-type-simple"},"_links":{"self":[{"href":"https:\/\/www.myaquastore.com\/pt-br\/wp-json\/wp\/v2\/product\/33788","targetHints":{"allow":["GET"]}}],"collection":[{"href":"https:\/\/www.myaquastore.com\/pt-br\/wp-json\/wp\/v2\/product"}],"about":[{"href":"https:\/\/www.myaquastore.com\/pt-br\/wp-json\/wp\/v2\/types\/product"}],"replies":[{"embeddable":true,"href":"https:\/\/www.myaquastore.com\/pt-br\/wp-json\/wp\/v2\/comments?post=33788"}],"wp:featuredmedia":[{"embeddable":true,"href":"https:\/\/www.myaquastore.com\/pt-br\/wp-json\/wp\/v2\/media\/4022"}],"wp:attachment":[{"href":"https:\/\/www.myaquastore.com\/pt-br\/wp-json\/wp\/v2\/media?parent=33788"}],"wp:term":[{"taxonomy":"product_brand","embeddable":true,"href":"https:\/\/www.myaquastore.com\/pt-br\/wp-json\/wp\/v2\/product_brand?post=33788"},{"taxonomy":"product_cat","embeddable":true,"href":"https:\/\/www.myaquastore.com\/pt-br\/wp-json\/wp\/v2\/product_cat?post=33788"},{"taxonomy":"product_tag","embeddable":true,"href":"https:\/\/www.myaquastore.com\/pt-br\/wp-json\/wp\/v2\/product_tag?post=33788"}],"curies":[{"name":"wp","href":"https:\/\/api.w.org\/{rel}","templated":true}]}}