{"id":33791,"date":"2016-09-25T23:28:08","date_gmt":"2016-09-25T23:28:08","guid":{"rendered":"https:\/\/www.myaquastore.com\/product\/imagem-de-fundo-de-aquario-de-plastico-a-prova-dagua-j51\/"},"modified":"2025-03-16T08:29:20","modified_gmt":"2025-03-16T08:29:20","slug":"imagem-de-fundo-de-aquario-de-plastico-a-prova-dagua-j51","status":"publish","type":"product","link":"https:\/\/www.myaquastore.com\/pt-br\/produto\/imagem-de-fundo-de-aquario-de-plastico-a-prova-dagua-j51\/","title":{"rendered":"imagem de fundo de aqu\u00e1rio de pl\u00e1stico \u00e0 prova d&#8217;\u00e1gua J51"},"content":{"rendered":"<article class=\"article richtext richtext-detail AE:disable\" id=\"richTextContainer\">\n<h2 class=\"article-title\">Especifica\u00e7\u00f5es<\/h2>\n<div style=\"clear:both\"> imagem de fundo de aqu\u00e1rio de pl\u00e1stico \u00e0 prova d&#8217;\u00e1gua J51 <br \/>1.pl\u00e1stico \u00e0 prova d&#8217;\u00e1gua <br \/>2.\u00e9 adequado para peixes de aqu\u00e1rio Home <\/p>\n<div style=\"clear:both\">\n<p>imagem de fundo de aqu\u00e1rio de pl\u00e1stico \u00e0 prova d&#8217;\u00e1gua J51<\/p>\n<div>\n<p>1)tamanho:30cm&#8212;80cm e 15 ou 25m por pacote, os pre\u00e7os s\u00e3o diferentes de acordo com os tamanhos, entre em contato conosco para refer\u00eancia<br \/>2)mat\u00e9ria-prima:pl\u00e1stico<br \/>3)fundo de pl\u00e1stico \u00fanico<\/p>\n<p>4)\u00e9 adequado para peixes de aqu\u00e1rio. Home <br \/>5)9 rolos\/caixa<\/p>\n<\/div>\n<div style=\"clear:both\"><\/article>\n","protected":false},"excerpt":{"rendered":"<p>imagem de fundo de aqu\u00e1rio de pl\u00e1stico \u00e0 prova d&#8217;\u00e1gua J51<\/p>\n","protected":false},"featured_media":4028,"comment_status":"open","ping_status":"closed","template":"","meta":[],"product_brand":[],"product_cat":[627],"product_tag":[],"class_list":{"0":"post-33791","1":"product","2":"type-product","3":"status-publish","4":"has-post-thumbnail","6":"product_cat-filtros-de-aquario","8":"first","9":"instock","10":"shipping-taxable","11":"purchasable","12":"product-type-simple"},"_links":{"self":[{"href":"https:\/\/www.myaquastore.com\/pt-br\/wp-json\/wp\/v2\/product\/33791","targetHints":{"allow":["GET"]}}],"collection":[{"href":"https:\/\/www.myaquastore.com\/pt-br\/wp-json\/wp\/v2\/product"}],"about":[{"href":"https:\/\/www.myaquastore.com\/pt-br\/wp-json\/wp\/v2\/types\/product"}],"replies":[{"embeddable":true,"href":"https:\/\/www.myaquastore.com\/pt-br\/wp-json\/wp\/v2\/comments?post=33791"}],"wp:featuredmedia":[{"embeddable":true,"href":"https:\/\/www.myaquastore.com\/pt-br\/wp-json\/wp\/v2\/media\/4028"}],"wp:attachment":[{"href":"https:\/\/www.myaquastore.com\/pt-br\/wp-json\/wp\/v2\/media?parent=33791"}],"wp:term":[{"taxonomy":"product_brand","embeddable":true,"href":"https:\/\/www.myaquastore.com\/pt-br\/wp-json\/wp\/v2\/product_brand?post=33791"},{"taxonomy":"product_cat","embeddable":true,"href":"https:\/\/www.myaquastore.com\/pt-br\/wp-json\/wp\/v2\/product_cat?post=33791"},{"taxonomy":"product_tag","embeddable":true,"href":"https:\/\/www.myaquastore.com\/pt-br\/wp-json\/wp\/v2\/product_tag?post=33791"}],"curies":[{"name":"wp","href":"https:\/\/api.w.org\/{rel}","templated":true}]}}