{"id":33808,"date":"2016-09-25T23:28:08","date_gmt":"2016-09-25T23:28:08","guid":{"rendered":"https:\/\/www.myaquastore.com\/product\/bomba-de-ar-silenciosa-para-aquario-sobo-mais-vendida-sb-848\/"},"modified":"2025-03-16T08:29:24","modified_gmt":"2025-03-16T08:29:24","slug":"bomba-de-ar-silenciosa-para-aquario-sobo-mais-vendida-sb-848","status":"publish","type":"product","link":"https:\/\/www.myaquastore.com\/pt-br\/produto\/bomba-de-ar-silenciosa-para-aquario-sobo-mais-vendida-sb-848\/","title":{"rendered":"Bomba de ar silenciosa para aqu\u00e1rio SOBO mais vendida SB-848"},"content":{"rendered":"<article class=\"article richtext richtext-detail AE:disable\" id=\"richTextContainer\">\n<div style=\"clear:both\">\n<p><span style=\"font-family: 'times new roman', times;font-size: 24px\"> bomba de ar silenciosa para aqu\u00e1rio SOBO mais vendida SB-848<\/span><br \/><span style=\"font-family: 'times new roman', times;font-size: 24px\">1. possuem sistema avan\u00e7ado de compress\u00e3o de ar, sistema de amortecimento e silenciador multin\u00edvel que \u00e9 extremamente baixo em ru\u00eddo. 24px;&#8221;&gt;3.A estrutura \u00e9 razo\u00e1vel e compacta, tem longa vida \u00fatil e adquire o melhor efeito com menor consumo de energia.<\/p>\n","protected":false},"excerpt":{"rendered":"<p>Bomba de ar silenciosa para aqu\u00e1rio SOBO mais vendida SB-848<\/p>\n","protected":false},"featured_media":4062,"comment_status":"open","ping_status":"closed","template":"","meta":[],"product_brand":[],"product_cat":[627],"product_tag":[],"class_list":{"0":"post-33808","1":"product","2":"type-product","3":"status-publish","4":"has-post-thumbnail","6":"product_cat-filtros-de-aquario","8":"first","9":"instock","10":"shipping-taxable","11":"purchasable","12":"product-type-simple"},"_links":{"self":[{"href":"https:\/\/www.myaquastore.com\/pt-br\/wp-json\/wp\/v2\/product\/33808","targetHints":{"allow":["GET"]}}],"collection":[{"href":"https:\/\/www.myaquastore.com\/pt-br\/wp-json\/wp\/v2\/product"}],"about":[{"href":"https:\/\/www.myaquastore.com\/pt-br\/wp-json\/wp\/v2\/types\/product"}],"replies":[{"embeddable":true,"href":"https:\/\/www.myaquastore.com\/pt-br\/wp-json\/wp\/v2\/comments?post=33808"}],"wp:featuredmedia":[{"embeddable":true,"href":"https:\/\/www.myaquastore.com\/pt-br\/wp-json\/wp\/v2\/media\/4062"}],"wp:attachment":[{"href":"https:\/\/www.myaquastore.com\/pt-br\/wp-json\/wp\/v2\/media?parent=33808"}],"wp:term":[{"taxonomy":"product_brand","embeddable":true,"href":"https:\/\/www.myaquastore.com\/pt-br\/wp-json\/wp\/v2\/product_brand?post=33808"},{"taxonomy":"product_cat","embeddable":true,"href":"https:\/\/www.myaquastore.com\/pt-br\/wp-json\/wp\/v2\/product_cat?post=33808"},{"taxonomy":"product_tag","embeddable":true,"href":"https:\/\/www.myaquastore.com\/pt-br\/wp-json\/wp\/v2\/product_tag?post=33808"}],"curies":[{"name":"wp","href":"https:\/\/api.w.org\/{rel}","templated":true}]}}