{"id":33810,"date":"2016-09-25T23:28:08","date_gmt":"2016-09-25T23:28:08","guid":{"rendered":"https:\/\/www.myaquastore.com\/product\/bomba-de-ar-silenciosa-para-aquario-sobo-ap-700\/"},"modified":"2025-03-16T08:29:24","modified_gmt":"2025-03-16T08:29:24","slug":"bomba-de-ar-silenciosa-para-aquario-sobo-ap-700","status":"publish","type":"product","link":"https:\/\/www.myaquastore.com\/pt-br\/produto\/bomba-de-ar-silenciosa-para-aquario-sobo-ap-700\/","title":{"rendered":"Bomba de ar silenciosa para aqu\u00e1rio SOBO AP-700"},"content":{"rendered":"<article class=\"article richtext richtext-detail AE:disable\" id=\"richTextContainer\">\n<h2 class=\"article-title\">Especifica\u00e7\u00f5es<\/h2>\n<div style=\"clear:both\"> Bomba de ar silenciosa para aqu\u00e1rio SOBO AP-700 <br \/>1 longa vida \u00fatil <br \/>2 bastante, economia de energia <br \/>3 sa\u00edda e press\u00e3o de ar constantes <br \/>4 f\u00e1cil de configurar <\/p>\n<div style=\"clear:both\">\n<p>Bomba de ar silenciosa para aqu\u00e1rio SOBO AP-700<br \/>1. possuem sistema avan\u00e7ado de compress\u00e3o de ar, sistema de amortecimento e silenciador multin\u00edvel que \u00e9 extremamente baixo em ru\u00eddo.<\/p>\n","protected":false},"excerpt":{"rendered":"<p>Bomba de ar silenciosa para aqu\u00e1rio SOBO AP-700<\/p>\n","protected":false},"featured_media":4065,"comment_status":"open","ping_status":"closed","template":"","meta":[],"product_brand":[],"product_cat":[627],"product_tag":[],"class_list":{"0":"post-33810","1":"product","2":"type-product","3":"status-publish","4":"has-post-thumbnail","6":"product_cat-filtros-de-aquario","8":"first","9":"instock","10":"shipping-taxable","11":"purchasable","12":"product-type-simple"},"_links":{"self":[{"href":"https:\/\/www.myaquastore.com\/pt-br\/wp-json\/wp\/v2\/product\/33810","targetHints":{"allow":["GET"]}}],"collection":[{"href":"https:\/\/www.myaquastore.com\/pt-br\/wp-json\/wp\/v2\/product"}],"about":[{"href":"https:\/\/www.myaquastore.com\/pt-br\/wp-json\/wp\/v2\/types\/product"}],"replies":[{"embeddable":true,"href":"https:\/\/www.myaquastore.com\/pt-br\/wp-json\/wp\/v2\/comments?post=33810"}],"wp:featuredmedia":[{"embeddable":true,"href":"https:\/\/www.myaquastore.com\/pt-br\/wp-json\/wp\/v2\/media\/4065"}],"wp:attachment":[{"href":"https:\/\/www.myaquastore.com\/pt-br\/wp-json\/wp\/v2\/media?parent=33810"}],"wp:term":[{"taxonomy":"product_brand","embeddable":true,"href":"https:\/\/www.myaquastore.com\/pt-br\/wp-json\/wp\/v2\/product_brand?post=33810"},{"taxonomy":"product_cat","embeddable":true,"href":"https:\/\/www.myaquastore.com\/pt-br\/wp-json\/wp\/v2\/product_cat?post=33810"},{"taxonomy":"product_tag","embeddable":true,"href":"https:\/\/www.myaquastore.com\/pt-br\/wp-json\/wp\/v2\/product_tag?post=33810"}],"curies":[{"name":"wp","href":"https:\/\/api.w.org\/{rel}","templated":true}]}}