{"id":33833,"date":"2016-09-25T23:28:08","date_gmt":"2016-09-25T23:28:08","guid":{"rendered":"https:\/\/www.myaquastore.com\/product\/filtro-interno-jebao-uvc-uif2000\/"},"modified":"2025-03-16T08:29:29","modified_gmt":"2025-03-16T08:29:29","slug":"filtro-interno-jebao-uvc-uif2000","status":"publish","type":"product","link":"https:\/\/www.myaquastore.com\/pt-br\/produto\/filtro-interno-jebao-uvc-uif2000\/","title":{"rendered":"Filtro interno Jebao UVC UIF2000"},"content":{"rendered":"<article class=\"article richtext richtext-detail AE:disable\" id=\"richTextContainer\">\n<h2 class=\"article-title\">Especifica\u00e7\u00f5es<\/h2>\n<div style=\"clear:both\"> Filtro Jebao UVC em forma de caixa UIF2000 <br \/>1.A luz UVC cria \u00e1gua limpa do lago <br \/>2.Seguro, elimina efetivamente pat\u00f3genos e bact\u00e9rias <\/p>\n<div style=\"clear:both\">\n<p>Filtro Jebao UVC em forma de caixa UIF2000<\/p>\n<p>1.A luz UVC cria \u00e1gua clara do lago<br \/>2.Elimina de forma segura e eficaz pat\u00f3genos e bact\u00e9rias (por meio de padia\u00e7\u00e3o uvc)<br \/>3.Design de tela indicadora para verificar a fun\u00e7\u00e3o da l\u00e2mpada.<br \/>4.F\u00e1cil montagem devido ao grande n\u00famero de acess\u00f3rios de conex\u00e3o que podem ser combinados com todos os filtros do mercado. <\/p>\n<div style=\"clear:both\"><\/article>\n","protected":false},"excerpt":{"rendered":"<p>Filtro interno Jebao UVC UIF2000<\/p>\n","protected":false},"featured_media":4110,"comment_status":"open","ping_status":"closed","template":"","meta":[],"product_brand":[],"product_cat":[627],"product_tag":[],"class_list":{"0":"post-33833","1":"product","2":"type-product","3":"status-publish","4":"has-post-thumbnail","6":"product_cat-filtros-de-aquario","8":"first","9":"instock","10":"shipping-taxable","11":"purchasable","12":"product-type-simple"},"_links":{"self":[{"href":"https:\/\/www.myaquastore.com\/pt-br\/wp-json\/wp\/v2\/product\/33833","targetHints":{"allow":["GET"]}}],"collection":[{"href":"https:\/\/www.myaquastore.com\/pt-br\/wp-json\/wp\/v2\/product"}],"about":[{"href":"https:\/\/www.myaquastore.com\/pt-br\/wp-json\/wp\/v2\/types\/product"}],"replies":[{"embeddable":true,"href":"https:\/\/www.myaquastore.com\/pt-br\/wp-json\/wp\/v2\/comments?post=33833"}],"wp:featuredmedia":[{"embeddable":true,"href":"https:\/\/www.myaquastore.com\/pt-br\/wp-json\/wp\/v2\/media\/4110"}],"wp:attachment":[{"href":"https:\/\/www.myaquastore.com\/pt-br\/wp-json\/wp\/v2\/media?parent=33833"}],"wp:term":[{"taxonomy":"product_brand","embeddable":true,"href":"https:\/\/www.myaquastore.com\/pt-br\/wp-json\/wp\/v2\/product_brand?post=33833"},{"taxonomy":"product_cat","embeddable":true,"href":"https:\/\/www.myaquastore.com\/pt-br\/wp-json\/wp\/v2\/product_cat?post=33833"},{"taxonomy":"product_tag","embeddable":true,"href":"https:\/\/www.myaquastore.com\/pt-br\/wp-json\/wp\/v2\/product_tag?post=33833"}],"curies":[{"name":"wp","href":"https:\/\/api.w.org\/{rel}","templated":true}]}}