{"id":33888,"date":"2016-09-25T23:28:10","date_gmt":"2016-09-25T23:28:10","guid":{"rendered":"https:\/\/www.myaquastore.com\/product\/bomba-jebao-eco-koi-para-lago-lp-26000\/"},"modified":"2025-03-16T08:29:41","modified_gmt":"2025-03-16T08:29:41","slug":"bomba-jebao-eco-koi-para-lago-lp-26000","status":"publish","type":"product","link":"https:\/\/www.myaquastore.com\/pt-br\/produto\/bomba-jebao-eco-koi-para-lago-lp-26000\/","title":{"rendered":"Bomba Jebao eco koi para lago LP-26000"},"content":{"rendered":"<article class=\"article richtext richtext-detail AE:disable\" id=\"richTextContainer\">\n<h2 class=\"article-title\">Especifica\u00e7\u00f5es<\/h2>\n<div style=\"clear:both\"> Bomba Jebao eco koi pond LP-26000 <br \/>1 economia de energia 50% <br \/>2 cabe\u00e7as de bomba altas, grande fluxo <br \/>3 vida \u00fatil mais longa <br \/>4 bombas de part\u00edculas de 6 mm <\/p>\n<div style=\"clear:both\">\n<p>Bomba Jebao eco koi pond LP-26000<\/p>\n<p>1.Motor ass\u00edncrono padr\u00e3o de alto desempenho com novo design e economia de energia at\u00e9 50% do que antes.<br \/>2.Cabe\u00e7as de bomba altas e fluxo maior<br \/>3.Pode bombear part\u00edculas de sujeira de tamanho de at\u00e9 6mm<br \/>4.Adote eixo cer\u00e2mico \u00e0 prova de desgaste que pode ser usado em um tempo mais longo.<\/p>\n<div style=\"clear:both\"><\/article>\n","protected":false},"excerpt":{"rendered":"<p>Bomba Jebao eco koi para lago LP-26000<\/p>\n","protected":false},"featured_media":4219,"comment_status":"open","ping_status":"closed","template":"","meta":[],"product_brand":[],"product_cat":[627],"product_tag":[],"class_list":{"0":"post-33888","1":"product","2":"type-product","3":"status-publish","4":"has-post-thumbnail","6":"product_cat-filtros-de-aquario","8":"first","9":"instock","10":"shipping-taxable","11":"purchasable","12":"product-type-simple"},"_links":{"self":[{"href":"https:\/\/www.myaquastore.com\/pt-br\/wp-json\/wp\/v2\/product\/33888","targetHints":{"allow":["GET"]}}],"collection":[{"href":"https:\/\/www.myaquastore.com\/pt-br\/wp-json\/wp\/v2\/product"}],"about":[{"href":"https:\/\/www.myaquastore.com\/pt-br\/wp-json\/wp\/v2\/types\/product"}],"replies":[{"embeddable":true,"href":"https:\/\/www.myaquastore.com\/pt-br\/wp-json\/wp\/v2\/comments?post=33888"}],"wp:featuredmedia":[{"embeddable":true,"href":"https:\/\/www.myaquastore.com\/pt-br\/wp-json\/wp\/v2\/media\/4219"}],"wp:attachment":[{"href":"https:\/\/www.myaquastore.com\/pt-br\/wp-json\/wp\/v2\/media?parent=33888"}],"wp:term":[{"taxonomy":"product_brand","embeddable":true,"href":"https:\/\/www.myaquastore.com\/pt-br\/wp-json\/wp\/v2\/product_brand?post=33888"},{"taxonomy":"product_cat","embeddable":true,"href":"https:\/\/www.myaquastore.com\/pt-br\/wp-json\/wp\/v2\/product_cat?post=33888"},{"taxonomy":"product_tag","embeddable":true,"href":"https:\/\/www.myaquastore.com\/pt-br\/wp-json\/wp\/v2\/product_tag?post=33888"}],"curies":[{"name":"wp","href":"https:\/\/api.w.org\/{rel}","templated":true}]}}