{"id":33913,"date":"2016-09-25T23:28:10","date_gmt":"2016-09-25T23:28:10","guid":{"rendered":"https:\/\/www.myaquastore.com\/product\/lampada-uv-circular-poderosa-weipro-sonpar-55w\/"},"modified":"2025-03-16T08:29:47","modified_gmt":"2025-03-16T08:29:47","slug":"lampada-uv-circular-poderosa-weipro-sonpar-55w","status":"publish","type":"product","link":"https:\/\/www.myaquastore.com\/pt-br\/produto\/lampada-uv-circular-poderosa-weipro-sonpar-55w\/","title":{"rendered":"L\u00e2mpada UV circular poderosa weipro sonpar 55W"},"content":{"rendered":"<article class=\"article richtext richtext-detail AE:disable\" id=\"richTextContainer\">\n<h2 class=\"article-title\">Especifica\u00e7\u00f5es<\/h2>\n<div style=\"clear:both\"> L\u00e2mpada UV circular poderosa weipro sonpar de 55W <br \/>1 vidro de quartzo, evitando ultravioleta <br \/>2Instalar conjunto de prote\u00e7\u00e3o, seguro <br \/>3eficaz <\/p>\n<div style=\"clear:both\">\n<p> l\u00e2mpada UV circular poderosa de 55W Jebao<\/p>\n<p> 1.Adote o vidro de quartzo, impedindo o ultravioleta <br \/>2.Instale o conjunto protetor, opera\u00e7\u00e3o segura<\/p>\n<p>3. A cauda pode ter rota\u00e7\u00e3o de 360 \u200b\u200bgraus, f\u00e1cil instala\u00e7\u00e3o, extremidade de pequenos orif\u00edcios cobertos com transparente, UV para verificar as condi\u00e7\u00f5es de trabalho.<\/p>\n","protected":false},"excerpt":{"rendered":"<p>L\u00e2mpada UV circular poderosa weipro sonpar 55W<\/p>\n","protected":false},"featured_media":4269,"comment_status":"open","ping_status":"closed","template":"","meta":[],"product_brand":[],"product_cat":[627],"product_tag":[],"class_list":{"0":"post-33913","1":"product","2":"type-product","3":"status-publish","4":"has-post-thumbnail","6":"product_cat-filtros-de-aquario","8":"first","9":"instock","10":"shipping-taxable","11":"purchasable","12":"product-type-simple"},"_links":{"self":[{"href":"https:\/\/www.myaquastore.com\/pt-br\/wp-json\/wp\/v2\/product\/33913","targetHints":{"allow":["GET"]}}],"collection":[{"href":"https:\/\/www.myaquastore.com\/pt-br\/wp-json\/wp\/v2\/product"}],"about":[{"href":"https:\/\/www.myaquastore.com\/pt-br\/wp-json\/wp\/v2\/types\/product"}],"replies":[{"embeddable":true,"href":"https:\/\/www.myaquastore.com\/pt-br\/wp-json\/wp\/v2\/comments?post=33913"}],"wp:featuredmedia":[{"embeddable":true,"href":"https:\/\/www.myaquastore.com\/pt-br\/wp-json\/wp\/v2\/media\/4269"}],"wp:attachment":[{"href":"https:\/\/www.myaquastore.com\/pt-br\/wp-json\/wp\/v2\/media?parent=33913"}],"wp:term":[{"taxonomy":"product_brand","embeddable":true,"href":"https:\/\/www.myaquastore.com\/pt-br\/wp-json\/wp\/v2\/product_brand?post=33913"},{"taxonomy":"product_cat","embeddable":true,"href":"https:\/\/www.myaquastore.com\/pt-br\/wp-json\/wp\/v2\/product_cat?post=33913"},{"taxonomy":"product_tag","embeddable":true,"href":"https:\/\/www.myaquastore.com\/pt-br\/wp-json\/wp\/v2\/product_tag?post=33913"}],"curies":[{"name":"wp","href":"https:\/\/api.w.org\/{rel}","templated":true}]}}