{"id":33920,"date":"2016-09-25T23:28:10","date_gmt":"2016-09-25T23:28:10","guid":{"rendered":"https:\/\/www.myaquastore.com\/product\/gaiola-de-plastico-fofa-para-animais-de-estimacao-boyu-ap-09\/"},"modified":"2025-03-16T08:29:49","modified_gmt":"2025-03-16T08:29:49","slug":"gaiola-de-plastico-fofa-para-animais-de-estimacao-boyu-ap-09","status":"publish","type":"product","link":"https:\/\/www.myaquastore.com\/pt-br\/produto\/gaiola-de-plastico-fofa-para-animais-de-estimacao-boyu-ap-09\/","title":{"rendered":"Gaiola de pl\u00e1stico fofa para animais de estima\u00e7\u00e3o BOYU AP-09"},"content":{"rendered":"<article class=\"article richtext richtext-detail AE:disable\" id=\"richTextContainer\">\n<div style=\"clear:both\">\n<p><span style=\"font-family: 'times new roman', times;font-size: 24px\">BOYU linda gaiola de pl\u00e1stico para animais de estima\u00e7\u00e3o AP-09<\/span><br \/><span style=\"font-family: 'times new roman', times;font-size: 24px\">1 A tampa superior \u00e9 f\u00e1cil de desmontar. style=&#8221;font-family: &#8216;times new roman&#8217;, times; font-size: 24px;&#8221;&gt;gaiola para 4 animais de estima\u00e7\u00e3o<\/span><\/p>\n<div style=\"clear:both\"><\/article>\n","protected":false},"excerpt":{"rendered":"<p>Gaiola de pl\u00e1stico fofa para animais de estima\u00e7\u00e3o BOYU AP-09<\/p>\n","protected":false},"featured_media":4283,"comment_status":"open","ping_status":"closed","template":"","meta":[],"product_brand":[],"product_cat":[627],"product_tag":[],"class_list":{"0":"post-33920","1":"product","2":"type-product","3":"status-publish","4":"has-post-thumbnail","6":"product_cat-filtros-de-aquario","8":"first","9":"instock","10":"shipping-taxable","11":"purchasable","12":"product-type-simple"},"_links":{"self":[{"href":"https:\/\/www.myaquastore.com\/pt-br\/wp-json\/wp\/v2\/product\/33920","targetHints":{"allow":["GET"]}}],"collection":[{"href":"https:\/\/www.myaquastore.com\/pt-br\/wp-json\/wp\/v2\/product"}],"about":[{"href":"https:\/\/www.myaquastore.com\/pt-br\/wp-json\/wp\/v2\/types\/product"}],"replies":[{"embeddable":true,"href":"https:\/\/www.myaquastore.com\/pt-br\/wp-json\/wp\/v2\/comments?post=33920"}],"wp:featuredmedia":[{"embeddable":true,"href":"https:\/\/www.myaquastore.com\/pt-br\/wp-json\/wp\/v2\/media\/4283"}],"wp:attachment":[{"href":"https:\/\/www.myaquastore.com\/pt-br\/wp-json\/wp\/v2\/media?parent=33920"}],"wp:term":[{"taxonomy":"product_brand","embeddable":true,"href":"https:\/\/www.myaquastore.com\/pt-br\/wp-json\/wp\/v2\/product_brand?post=33920"},{"taxonomy":"product_cat","embeddable":true,"href":"https:\/\/www.myaquastore.com\/pt-br\/wp-json\/wp\/v2\/product_cat?post=33920"},{"taxonomy":"product_tag","embeddable":true,"href":"https:\/\/www.myaquastore.com\/pt-br\/wp-json\/wp\/v2\/product_tag?post=33920"}],"curies":[{"name":"wp","href":"https:\/\/api.w.org\/{rel}","templated":true}]}}