{"id":33934,"date":"2016-09-25T23:28:10","date_gmt":"2016-09-25T23:28:10","guid":{"rendered":"https:\/\/www.myaquastore.com\/product\/promocao-limpador-magnetico-de-escova-flutuante-para-aquario-wd-603\/"},"modified":"2025-03-16T08:29:51","modified_gmt":"2025-03-16T08:29:51","slug":"promocao-limpador-magnetico-de-escova-flutuante-para-aquario-wd-603","status":"publish","type":"product","link":"https:\/\/www.myaquastore.com\/pt-br\/produto\/promocao-limpador-magnetico-de-escova-flutuante-para-aquario-wd-603\/","title":{"rendered":"Promo\u00e7\u00e3o limpador magn\u00e9tico de escova flutuante para aqu\u00e1rio WD-603"},"content":{"rendered":"<article class=\"article richtext richtext-detail AE:disable\" id=\"richTextContainer\">\n<div style=\"clear:both\">\n<p><span style=\"font-family: 'times new roman', times;font-size: 24px\"> promo\u00e7\u00e3o aqu\u00e1rio magn\u00e9tico flutuante escova limpador WD-603 <\/span><\/p>\n<p><span style=\"font-family: 'times new roman', times;font-size: 24px\">1. Design especial e vida dur\u00e1vel.<\/span><\/p>\n<p><span style=\"font-family: 'times new roman', times;font-size: 24px\">2. F\u00e1cil e conveniente de usar, com boa capacidade de absor\u00e7\u00e3o e poderosa atra\u00e7\u00e3o magn\u00e9tica.<\/span><\/p>\n<p><span style=\"font-family: 'times new roman', times;font-size: 24px\">3. Limpe o l\u00edquen do aqu\u00e1rio e guarde o vidro<\/span><\/p>\n<p><span style=\"font-family: 'times new roman', times;font-size: 24px\">4. O \u00edm\u00e3 interno fica automaticamente vertical na parte inferior do aqu\u00e1rio e \u00e9 f\u00e1cil de recuperar quando o \u00edm\u00e3 externo se desconecta.<\/span><\/p>\n<p><span style=\"font-family: 'times new roman', times;font-size: 24px\">5. Pode medir a temperatura da \u00e1gua em qualquer ponto do aqu\u00e1rio. O escopo da medida \u00e9 amplo e a velocidade de resposta \u00e9 r\u00e1pida.<\/span><\/p>\n<div style=\"clear:both\"><\/article>\n","protected":false},"excerpt":{"rendered":"<p>Promo\u00e7\u00e3o limpador magn\u00e9tico de escova flutuante para aqu\u00e1rio WD-603<\/p>\n","protected":false},"featured_media":4306,"comment_status":"open","ping_status":"closed","template":"","meta":[],"product_brand":[],"product_cat":[627],"product_tag":[],"class_list":{"0":"post-33934","1":"product","2":"type-product","3":"status-publish","4":"has-post-thumbnail","6":"product_cat-filtros-de-aquario","8":"first","9":"instock","10":"shipping-taxable","11":"purchasable","12":"product-type-simple"},"_links":{"self":[{"href":"https:\/\/www.myaquastore.com\/pt-br\/wp-json\/wp\/v2\/product\/33934","targetHints":{"allow":["GET"]}}],"collection":[{"href":"https:\/\/www.myaquastore.com\/pt-br\/wp-json\/wp\/v2\/product"}],"about":[{"href":"https:\/\/www.myaquastore.com\/pt-br\/wp-json\/wp\/v2\/types\/product"}],"replies":[{"embeddable":true,"href":"https:\/\/www.myaquastore.com\/pt-br\/wp-json\/wp\/v2\/comments?post=33934"}],"wp:featuredmedia":[{"embeddable":true,"href":"https:\/\/www.myaquastore.com\/pt-br\/wp-json\/wp\/v2\/media\/4306"}],"wp:attachment":[{"href":"https:\/\/www.myaquastore.com\/pt-br\/wp-json\/wp\/v2\/media?parent=33934"}],"wp:term":[{"taxonomy":"product_brand","embeddable":true,"href":"https:\/\/www.myaquastore.com\/pt-br\/wp-json\/wp\/v2\/product_brand?post=33934"},{"taxonomy":"product_cat","embeddable":true,"href":"https:\/\/www.myaquastore.com\/pt-br\/wp-json\/wp\/v2\/product_cat?post=33934"},{"taxonomy":"product_tag","embeddable":true,"href":"https:\/\/www.myaquastore.com\/pt-br\/wp-json\/wp\/v2\/product_tag?post=33934"}],"curies":[{"name":"wp","href":"https:\/\/api.w.org\/{rel}","templated":true}]}}