{"id":33957,"date":"2016-09-25T23:28:12","date_gmt":"2016-09-25T23:28:12","guid":{"rendered":"https:\/\/www.myaquastore.com\/product\/filtro-superior-para-aquario-rs-30w-rs-9500\/"},"modified":"2025-03-16T08:29:56","modified_gmt":"2025-03-16T08:29:56","slug":"filtro-superior-para-aquario-rs-30w-rs-9500","status":"publish","type":"product","link":"https:\/\/www.myaquastore.com\/pt-br\/produto\/filtro-superior-para-aquario-rs-30w-rs-9500\/","title":{"rendered":"Filtro superior para aqu\u00e1rio RS 30W RS-9500"},"content":{"rendered":"<article class=\"article richtext richtext-detail AE:disable\" id=\"richTextContainer\">\n<h2 class=\"article-title\">Especifica\u00e7\u00f5es<\/h2>\n<div style=\"clear:both\"> Filtro superior de aqu\u00e1rio RS 30W RS-9500 <br \/>1 filtragem f\u00edsica <br \/>2 boa combina\u00e7\u00e3o de motor e bomba <br \/>3 maitain f\u00e1cil <br \/>4 cabem em todos os tanques <\/p>\n<div style=\"clear:both\">\n<p>Filtro superior de aqu\u00e1rio RS de 30W RS-9500<\/p>\n<p>1 material de filtro tem fun\u00e7\u00e3o de percora\u00e7\u00e3o<br \/>2 excelente combina\u00e7\u00e3o de motor e bomba<br \/>3 instala\u00e7\u00e3o flex\u00edvel e f\u00e1cil de manter<br \/>4 cabe em todos os tanques e aqu\u00e1rios de zoologia, etc<\/p>\n<p>5 econ\u00f4mico e seguro<\/p>\n<p>6 super desempenho<\/p>\n<\/p>\n<\/p>\n<div style=\"clear:both\"><\/article>\n","protected":false},"excerpt":{"rendered":"<p>Filtro superior para aqu\u00e1rio RS 30W RS-9500<\/p>\n","protected":false},"featured_media":4352,"comment_status":"open","ping_status":"closed","template":"","meta":[],"product_brand":[],"product_cat":[627],"product_tag":[],"class_list":{"0":"post-33957","1":"product","2":"type-product","3":"status-publish","4":"has-post-thumbnail","6":"product_cat-filtros-de-aquario","8":"first","9":"instock","10":"shipping-taxable","11":"purchasable","12":"product-type-simple"},"_links":{"self":[{"href":"https:\/\/www.myaquastore.com\/pt-br\/wp-json\/wp\/v2\/product\/33957","targetHints":{"allow":["GET"]}}],"collection":[{"href":"https:\/\/www.myaquastore.com\/pt-br\/wp-json\/wp\/v2\/product"}],"about":[{"href":"https:\/\/www.myaquastore.com\/pt-br\/wp-json\/wp\/v2\/types\/product"}],"replies":[{"embeddable":true,"href":"https:\/\/www.myaquastore.com\/pt-br\/wp-json\/wp\/v2\/comments?post=33957"}],"wp:featuredmedia":[{"embeddable":true,"href":"https:\/\/www.myaquastore.com\/pt-br\/wp-json\/wp\/v2\/media\/4352"}],"wp:attachment":[{"href":"https:\/\/www.myaquastore.com\/pt-br\/wp-json\/wp\/v2\/media?parent=33957"}],"wp:term":[{"taxonomy":"product_brand","embeddable":true,"href":"https:\/\/www.myaquastore.com\/pt-br\/wp-json\/wp\/v2\/product_brand?post=33957"},{"taxonomy":"product_cat","embeddable":true,"href":"https:\/\/www.myaquastore.com\/pt-br\/wp-json\/wp\/v2\/product_cat?post=33957"},{"taxonomy":"product_tag","embeddable":true,"href":"https:\/\/www.myaquastore.com\/pt-br\/wp-json\/wp\/v2\/product_tag?post=33957"}],"curies":[{"name":"wp","href":"https:\/\/api.w.org\/{rel}","templated":true}]}}