{"id":33971,"date":"2016-09-25T23:28:12","date_gmt":"2016-09-25T23:28:12","guid":{"rendered":"https:\/\/www.myaquastore.com\/product\/gaiola-para-repteis-para-animais-de-estimacao-com-terrario-fofo-boyu-cwg-400\/"},"modified":"2025-03-16T08:29:59","modified_gmt":"2025-03-16T08:29:59","slug":"gaiola-para-repteis-para-animais-de-estimacao-com-terrario-fofo-boyu-cwg-400","status":"publish","type":"product","link":"https:\/\/www.myaquastore.com\/pt-br\/produto\/gaiola-para-repteis-para-animais-de-estimacao-com-terrario-fofo-boyu-cwg-400\/","title":{"rendered":"Gaiola para r\u00e9pteis para animais de estima\u00e7\u00e3o com terr\u00e1rio fofo BOYU CWG-400"},"content":{"rendered":"<article class=\"article richtext richtext-detail AE:disable\" id=\"richTextContainer\">\n<h2 class=\"article-title\">Especifica\u00e7\u00f5es<\/h2>\n<div style=\"clear:both\"> Gaiola fofa para r\u00e9pteis para animais de estima\u00e7\u00e3o BOYU CWG-400 <br \/>1 A tampa superior \u00e9 f\u00e1cil de desmontar <br \/>2 bra\u00e7adeiras de luz podem ser ajustadas conforme necess\u00e1rio <\/p>\n<div style=\"clear:both\">\n<p>Gaiola fofa para r\u00e9pteis para animais de estima\u00e7\u00e3o BOYU CWG-400<\/p>\n<p>1 A tampa superior \u00e9 f\u00e1cil de desmontar<\/p>\n<p>2 A bra\u00e7adeira de luz inclu\u00edda pode ajustar conforme necess\u00e1rio<\/p>\n<p>3 Com rede de metal puro ventilada<\/p>\n<p>4 Com porta frontal m\u00f3vel, conveniente para desmontar e limpar<\/p>\n<p>5 tamanho:437x277x340(mm)<\/p>\n<div style=\"clear:both\"><\/article>\n","protected":false},"excerpt":{"rendered":"<p>Gaiola para r\u00e9pteis para animais de estima\u00e7\u00e3o com terr\u00e1rio fofo BOYU CWG-400<\/p>\n","protected":false},"featured_media":4372,"comment_status":"open","ping_status":"closed","template":"","meta":[],"product_brand":[],"product_cat":[627],"product_tag":[],"class_list":{"0":"post-33971","1":"product","2":"type-product","3":"status-publish","4":"has-post-thumbnail","6":"product_cat-filtros-de-aquario","8":"first","9":"instock","10":"shipping-taxable","11":"purchasable","12":"product-type-simple"},"_links":{"self":[{"href":"https:\/\/www.myaquastore.com\/pt-br\/wp-json\/wp\/v2\/product\/33971","targetHints":{"allow":["GET"]}}],"collection":[{"href":"https:\/\/www.myaquastore.com\/pt-br\/wp-json\/wp\/v2\/product"}],"about":[{"href":"https:\/\/www.myaquastore.com\/pt-br\/wp-json\/wp\/v2\/types\/product"}],"replies":[{"embeddable":true,"href":"https:\/\/www.myaquastore.com\/pt-br\/wp-json\/wp\/v2\/comments?post=33971"}],"wp:featuredmedia":[{"embeddable":true,"href":"https:\/\/www.myaquastore.com\/pt-br\/wp-json\/wp\/v2\/media\/4372"}],"wp:attachment":[{"href":"https:\/\/www.myaquastore.com\/pt-br\/wp-json\/wp\/v2\/media?parent=33971"}],"wp:term":[{"taxonomy":"product_brand","embeddable":true,"href":"https:\/\/www.myaquastore.com\/pt-br\/wp-json\/wp\/v2\/product_brand?post=33971"},{"taxonomy":"product_cat","embeddable":true,"href":"https:\/\/www.myaquastore.com\/pt-br\/wp-json\/wp\/v2\/product_cat?post=33971"},{"taxonomy":"product_tag","embeddable":true,"href":"https:\/\/www.myaquastore.com\/pt-br\/wp-json\/wp\/v2\/product_tag?post=33971"}],"curies":[{"name":"wp","href":"https:\/\/api.w.org\/{rel}","templated":true}]}}