{"id":33977,"date":"2016-09-25T23:28:12","date_gmt":"2016-09-25T23:28:12","guid":{"rendered":"https:\/\/www.myaquastore.com\/product\/aquecedor-para-aquario-de-peixes-boyu-ht8250\/"},"modified":"2025-03-16T08:30:00","modified_gmt":"2025-03-16T08:30:00","slug":"aquecedor-para-aquario-de-peixes-boyu-ht8250","status":"publish","type":"product","link":"https:\/\/www.myaquastore.com\/pt-br\/produto\/aquecedor-para-aquario-de-peixes-boyu-ht8250\/","title":{"rendered":"Aquecedor para aqu\u00e1rio de peixes BOYU HT8250"},"content":{"rendered":"<article class=\"article richtext richtext-detail AE:disable\" id=\"richTextContainer\">\n<h2 class=\"article-title\">Especifica\u00e7\u00f5es<\/h2>\n<div style=\"clear:both\"> Aquecedor de aqu\u00e1rio de peixes BOYU HT8250 <br \/>1. aquecedor de veda\u00e7\u00e3o <br \/>2. Anti explos\u00e3o temperatura 3.Reliable e leitura f\u00e1cil 4. submers\u00edvel <\/p>\n<div style=\"clear:both\">\n<p>Aquecedor de aqu\u00e1rio de peixes BOYU HT8250<\/p>\n<p>1.aquecedor de veda\u00e7\u00e3o<\/p>\n<p>2. Anti-explos\u00e3o<br \/>3.Temperatura confi\u00e1vel e f\u00e1cil leitura<\/p>\n<p>4.submers\u00edvel.<\/p>\n<p>5.Calibrado em \u00e1gua<\/p>\n<p>6.embalagem:24 pe\u00e7as por caixa<\/p>\n<p>7.quando o tipo meio submers\u00edvel \u00e9 aplicado, o tubo n\u00e3o queima se a \u00e1gua n\u00e3o exceder o n\u00edvel de aviso, o aquecedor pode ser colocado em qualquer \u00e2ngulo, o controlador de temperatura superior \u00e9 f\u00e1cil de operar.<\/p>\n<\/p>\n<div style=\"clear:both\"><\/article>\n","protected":false},"excerpt":{"rendered":"<p>Aquecedor para aqu\u00e1rio de peixes BOYU HT8250<\/p>\n","protected":false},"featured_media":4386,"comment_status":"open","ping_status":"closed","template":"","meta":[],"product_brand":[],"product_cat":[627],"product_tag":[],"class_list":{"0":"post-33977","1":"product","2":"type-product","3":"status-publish","4":"has-post-thumbnail","6":"product_cat-filtros-de-aquario","8":"first","9":"instock","10":"shipping-taxable","11":"purchasable","12":"product-type-simple"},"_links":{"self":[{"href":"https:\/\/www.myaquastore.com\/pt-br\/wp-json\/wp\/v2\/product\/33977","targetHints":{"allow":["GET"]}}],"collection":[{"href":"https:\/\/www.myaquastore.com\/pt-br\/wp-json\/wp\/v2\/product"}],"about":[{"href":"https:\/\/www.myaquastore.com\/pt-br\/wp-json\/wp\/v2\/types\/product"}],"replies":[{"embeddable":true,"href":"https:\/\/www.myaquastore.com\/pt-br\/wp-json\/wp\/v2\/comments?post=33977"}],"wp:featuredmedia":[{"embeddable":true,"href":"https:\/\/www.myaquastore.com\/pt-br\/wp-json\/wp\/v2\/media\/4386"}],"wp:attachment":[{"href":"https:\/\/www.myaquastore.com\/pt-br\/wp-json\/wp\/v2\/media?parent=33977"}],"wp:term":[{"taxonomy":"product_brand","embeddable":true,"href":"https:\/\/www.myaquastore.com\/pt-br\/wp-json\/wp\/v2\/product_brand?post=33977"},{"taxonomy":"product_cat","embeddable":true,"href":"https:\/\/www.myaquastore.com\/pt-br\/wp-json\/wp\/v2\/product_cat?post=33977"},{"taxonomy":"product_tag","embeddable":true,"href":"https:\/\/www.myaquastore.com\/pt-br\/wp-json\/wp\/v2\/product_tag?post=33977"}],"curies":[{"name":"wp","href":"https:\/\/api.w.org\/{rel}","templated":true}]}}