{"id":35072,"date":"2016-09-25T23:28:13","date_gmt":"2016-09-25T23:28:13","guid":{"rendered":"https:\/\/www.myaquastore.com\/product\/nova-lampada-de-suporte-eletrica-rs-de-dois-tubos-de-25w-rs-1000b\/"},"modified":"2025-03-16T08:36:12","modified_gmt":"2025-03-16T08:36:12","slug":"nova-lampada-de-suporte-eletrica-rs-de-dois-tubos-de-25w-rs-1000b","status":"publish","type":"product","link":"https:\/\/www.myaquastore.com\/pt-br\/produto\/nova-lampada-de-suporte-eletrica-rs-de-dois-tubos-de-25w-rs-1000b\/","title":{"rendered":"Nova l\u00e2mpada de suporte el\u00e9trica RS de dois tubos de 25w RS-1000B"},"content":{"rendered":"<article class=\"article richtext richtext-detail AE:disable\" id=\"richTextContainer\">\n<div style=\"clear:both\">\n<p><span style=\"font-family: 'times new roman', times;font-size: 24px\"> 25w dois tubos RS el\u00e9trica nova l\u00e2mpada de suporte RS-1000B <\/span><\/p>\n<p><span style=\"font-family: 'times new roman', times\"> 1. O corpo da l\u00e2mpada adota placa de a\u00e7o de alta qualidade, p\u00f3 est\u00e1tico pulverizado. O refletor adota alumina de alta qualidade<\/span><\/p>\n<p><span style=\"font-family: 'times new roman', times;font-size: 24px\">2. A parte superior do corpo da l\u00e2mpada est\u00e1 vazia, mas uma linha, conveniente para reparo e linha<\/span><\/p>\n<p><span style=\"font-family: 'times new roman', times;font-size: 24px\">3. L\u00e2mpadas integradas, f\u00e1ceis de instalar e manter<\/span><\/p>\n<p><span style=\"font-family: 'times new roman', times;font-size: 24px\">4. Estrutura compacta, especialmente para grandes \u00e1reas como supermercados<\/span><\/p>\n<p><span style=\"font-family: 'times new roman', times;font-size: 24px\">5. Rotproof e leve, estrutura separadora, montagem r\u00e1pida, apar\u00eancia elegante<\/span><\/p>\n<p><span style=\"font-family: 'times new roman', times;font-size: 24px\">6. Terno para tanques de aqu\u00e1rios, mega supermercado e grande \u00e1rea de mercado, corredor, parque subterr\u00e2neo<\/span><\/p>\n<p><span style=\"font-family: 'times new roman', times;font-size: 24px\">7.a embalagem \u00e9 de 10 pe\u00e7as\/caixa<\/span><\/p>\n<div style=\"clear:both\"><\/article>\n","protected":false},"excerpt":{"rendered":"<p>Nova l\u00e2mpada de suporte el\u00e9trica RS de dois tubos de 25w RS-1000B<\/p>\n","protected":false},"featured_media":4491,"comment_status":"open","ping_status":"closed","template":"","meta":[],"product_brand":[],"product_cat":[627],"product_tag":[],"class_list":{"0":"post-35072","1":"product","2":"type-product","3":"status-publish","4":"has-post-thumbnail","6":"product_cat-filtros-de-aquario","8":"first","9":"instock","10":"shipping-taxable","11":"purchasable","12":"product-type-simple"},"_links":{"self":[{"href":"https:\/\/www.myaquastore.com\/pt-br\/wp-json\/wp\/v2\/product\/35072","targetHints":{"allow":["GET"]}}],"collection":[{"href":"https:\/\/www.myaquastore.com\/pt-br\/wp-json\/wp\/v2\/product"}],"about":[{"href":"https:\/\/www.myaquastore.com\/pt-br\/wp-json\/wp\/v2\/types\/product"}],"replies":[{"embeddable":true,"href":"https:\/\/www.myaquastore.com\/pt-br\/wp-json\/wp\/v2\/comments?post=35072"}],"wp:featuredmedia":[{"embeddable":true,"href":"https:\/\/www.myaquastore.com\/pt-br\/wp-json\/wp\/v2\/media\/4491"}],"wp:attachment":[{"href":"https:\/\/www.myaquastore.com\/pt-br\/wp-json\/wp\/v2\/media?parent=35072"}],"wp:term":[{"taxonomy":"product_brand","embeddable":true,"href":"https:\/\/www.myaquastore.com\/pt-br\/wp-json\/wp\/v2\/product_brand?post=35072"},{"taxonomy":"product_cat","embeddable":true,"href":"https:\/\/www.myaquastore.com\/pt-br\/wp-json\/wp\/v2\/product_cat?post=35072"},{"taxonomy":"product_tag","embeddable":true,"href":"https:\/\/www.myaquastore.com\/pt-br\/wp-json\/wp\/v2\/product_tag?post=35072"}],"curies":[{"name":"wp","href":"https:\/\/api.w.org\/{rel}","templated":true}]}}