{"id":35100,"date":"2016-09-25T23:28:14","date_gmt":"2016-09-25T23:28:14","guid":{"rendered":"https:\/\/www.myaquastore.com\/product\/21w-sobo-nova-lampada-uv-subaquatica\/"},"modified":"2025-03-16T08:36:19","modified_gmt":"2025-03-16T08:36:19","slug":"21w-sobo-nova-lampada-uv-subaquatica","status":"publish","type":"product","link":"https:\/\/www.myaquastore.com\/pt-br\/produto\/21w-sobo-nova-lampada-uv-subaquatica\/","title":{"rendered":"21W SOBO nova l\u00e2mpada uv subaqu\u00e1tica"},"content":{"rendered":"<article class=\"article richtext richtext-detail AE:disable\" id=\"richTextContainer\">\n<h2 class=\"article-title\">Especifica\u00e7\u00f5es<\/h2>\n<div style=\"clear:both\"> 21W SOBO nova l\u00e2mpada UV subaqu\u00e1tica <br \/>1 tubo de vidro de quartzo de alta qualidade, esteriliza\u00e7\u00e3o segura e eficaz <br \/>2. longa vida \u00fatil <\/p>\n<div style=\"clear:both\">\n<p> 21W SOBO nova l\u00e2mpada UV subaqu\u00e1tica<\/p>\n<ol>\n<li>V\u00e1rios modelos e tamanhos dispon\u00edveis para caber no tratamento de \u00e1gua de libras, lagoas, natat\u00f3rios e assim por diante<\/li>\n<li>Adotando tubo de vidro de quartzo de alta qualidade separado da \u00e1gua para aumentar a efic\u00e1cia do tratamento UV e ter boa permea\u00e7\u00e3o de raios.<\/li>\n<li>Adotando radia\u00e7\u00e3o ultravioleta UVC de alta qualidade, boa esteriliza\u00e7\u00e3o e longa vida \u00fatil.<\/li>\n<li>Embalagem:10 pe\u00e7as\/caixa<\/li>\n<li>data de entrega: 5 dias<\/li>\n<\/ol>\n<div style=\"clear:both\"><\/article>\n","protected":false},"excerpt":{"rendered":"<p>21W SOBO nova l\u00e2mpada uv subaqu\u00e1tica<\/p>\n","protected":false},"featured_media":4547,"comment_status":"open","ping_status":"closed","template":"","meta":[],"product_brand":[],"product_cat":[627],"product_tag":[],"class_list":{"0":"post-35100","1":"product","2":"type-product","3":"status-publish","4":"has-post-thumbnail","6":"product_cat-filtros-de-aquario","8":"first","9":"instock","10":"shipping-taxable","11":"purchasable","12":"product-type-simple"},"_links":{"self":[{"href":"https:\/\/www.myaquastore.com\/pt-br\/wp-json\/wp\/v2\/product\/35100","targetHints":{"allow":["GET"]}}],"collection":[{"href":"https:\/\/www.myaquastore.com\/pt-br\/wp-json\/wp\/v2\/product"}],"about":[{"href":"https:\/\/www.myaquastore.com\/pt-br\/wp-json\/wp\/v2\/types\/product"}],"replies":[{"embeddable":true,"href":"https:\/\/www.myaquastore.com\/pt-br\/wp-json\/wp\/v2\/comments?post=35100"}],"wp:featuredmedia":[{"embeddable":true,"href":"https:\/\/www.myaquastore.com\/pt-br\/wp-json\/wp\/v2\/media\/4547"}],"wp:attachment":[{"href":"https:\/\/www.myaquastore.com\/pt-br\/wp-json\/wp\/v2\/media?parent=35100"}],"wp:term":[{"taxonomy":"product_brand","embeddable":true,"href":"https:\/\/www.myaquastore.com\/pt-br\/wp-json\/wp\/v2\/product_brand?post=35100"},{"taxonomy":"product_cat","embeddable":true,"href":"https:\/\/www.myaquastore.com\/pt-br\/wp-json\/wp\/v2\/product_cat?post=35100"},{"taxonomy":"product_tag","embeddable":true,"href":"https:\/\/www.myaquastore.com\/pt-br\/wp-json\/wp\/v2\/product_tag?post=35100"}],"curies":[{"name":"wp","href":"https:\/\/api.w.org\/{rel}","templated":true}]}}