{"id":35114,"date":"2016-09-25T23:28:15","date_gmt":"2016-09-25T23:28:15","guid":{"rendered":"https:\/\/www.myaquastore.com\/product\/80w-sobo-nova-bomba-submersivel-inoxidavel-wp9600\/"},"modified":"2025-03-16T08:36:22","modified_gmt":"2025-03-16T08:36:22","slug":"80w-sobo-nova-bomba-submersivel-inoxidavel-wp9600","status":"publish","type":"product","link":"https:\/\/www.myaquastore.com\/pt-br\/produto\/80w-sobo-nova-bomba-submersivel-inoxidavel-wp9600\/","title":{"rendered":"80W SOBO nova bomba submers\u00edvel inoxid\u00e1vel WP9600"},"content":{"rendered":"<article class=\"article richtext richtext-detail AE:disable\" id=\"richTextContainer\">\n<h2 class=\"article-title\">Especifica\u00e7\u00f5es<\/h2>\n<div style=\"clear:both\"> Nova bomba submers\u00edvel inoxid\u00e1vel SOBO 80W WP9600 <br \/>1 Silenciosa, segura, energeticamente eficiente e poderosa <br \/>2 f\u00e1cil configura\u00e7\u00e3o <\/p>\n<div style=\"clear:both\">\n<p>80W SOBO nova bomba submers\u00edvel inoxid\u00e1vel WP9600<\/p>\n<p> 1. Silencioso, seguro, energeticamente eficiente e poderoso<br \/>2. Configura\u00e7\u00e3o simples<br \/>3. terno para \u00e1gua doce e marinha4 Distintivamente um sistema de filtragem superior<\/p>\n<p>4. Par\u00e2metros(220-240v 50Hz)<\/p>\n<p>5. a\u00e7o inoxid\u00e1vel<\/p>\n<p>6. embalagem: 6 pe\u00e7as\/caixa<\/p>\n<\/p>\n<\/p>\n<div style=\"clear:both\"><\/article>\n","protected":false},"excerpt":{"rendered":"<p>80W SOBO nova bomba submers\u00edvel inoxid\u00e1vel WP9600<\/p>\n","protected":false},"featured_media":4575,"comment_status":"open","ping_status":"closed","template":"","meta":[],"product_brand":[],"product_cat":[627],"product_tag":[],"class_list":{"0":"post-35114","1":"product","2":"type-product","3":"status-publish","4":"has-post-thumbnail","6":"product_cat-filtros-de-aquario","8":"first","9":"instock","10":"shipping-taxable","11":"purchasable","12":"product-type-simple"},"_links":{"self":[{"href":"https:\/\/www.myaquastore.com\/pt-br\/wp-json\/wp\/v2\/product\/35114","targetHints":{"allow":["GET"]}}],"collection":[{"href":"https:\/\/www.myaquastore.com\/pt-br\/wp-json\/wp\/v2\/product"}],"about":[{"href":"https:\/\/www.myaquastore.com\/pt-br\/wp-json\/wp\/v2\/types\/product"}],"replies":[{"embeddable":true,"href":"https:\/\/www.myaquastore.com\/pt-br\/wp-json\/wp\/v2\/comments?post=35114"}],"wp:featuredmedia":[{"embeddable":true,"href":"https:\/\/www.myaquastore.com\/pt-br\/wp-json\/wp\/v2\/media\/4575"}],"wp:attachment":[{"href":"https:\/\/www.myaquastore.com\/pt-br\/wp-json\/wp\/v2\/media?parent=35114"}],"wp:term":[{"taxonomy":"product_brand","embeddable":true,"href":"https:\/\/www.myaquastore.com\/pt-br\/wp-json\/wp\/v2\/product_brand?post=35114"},{"taxonomy":"product_cat","embeddable":true,"href":"https:\/\/www.myaquastore.com\/pt-br\/wp-json\/wp\/v2\/product_cat?post=35114"},{"taxonomy":"product_tag","embeddable":true,"href":"https:\/\/www.myaquastore.com\/pt-br\/wp-json\/wp\/v2\/product_tag?post=35114"}],"curies":[{"name":"wp","href":"https:\/\/api.w.org\/{rel}","templated":true}]}}