{"id":35135,"date":"2016-09-25T23:28:15","date_gmt":"2016-09-25T23:28:15","guid":{"rendered":"https:\/\/www.myaquastore.com\/product\/nova-bomba-de-agua-aquatica-submersivel-sobo-com-economia-de-energia-wp4000\/"},"modified":"2025-03-16T08:36:27","modified_gmt":"2025-03-16T08:36:27","slug":"nova-bomba-de-agua-aquatica-submersivel-sobo-com-economia-de-energia-wp4000","status":"publish","type":"product","link":"https:\/\/www.myaquastore.com\/pt-br\/produto\/nova-bomba-de-agua-aquatica-submersivel-sobo-com-economia-de-energia-wp4000\/","title":{"rendered":"nova bomba de \u00e1gua aqu\u00e1tica submers\u00edvel SOBO com economia de energia WP4000"},"content":{"rendered":"<article class=\"article richtext richtext-detail AE:disable\" id=\"richTextContainer\">\n<h2 class=\"article-title\">Especifica\u00e7\u00f5es<\/h2>\n<div style=\"clear:both\"> nova bomba de \u00e1gua submers\u00edvel SOBO com economia de energia WP4000 <br \/>1 silenciosa e potente <br \/>2 configura\u00e7\u00e3o f\u00e1cil <br \/>3 \u00e1gua doce e marinha <\/p>\n<div style=\"clear:both\">\n<p>nova bomba de \u00e1gua aqu\u00e1tica submers\u00edvel SOBO com economia de energia WP4000<\/p>\n<p>1 silenciosa, segura, energeticamente eficiente e poderosa<br \/>2 Configura\u00e7\u00e3o simples<br \/>3 terno para \u00e1gua doce e marinha4 Distintivamente um sistema de filtragem superior<\/p>\n<p>4 par\u00e2metros (220-240v 50Hz)<\/p>\n<p>5 embalagem: 18 pe\u00e7as\/caixa<\/p>\n<\/p>\n<\/p>\n<div style=\"clear:both\"><\/article>\n","protected":false},"excerpt":{"rendered":"<p>nova bomba de \u00e1gua aqu\u00e1tica submers\u00edvel SOBO com economia de energia WP4000<\/p>\n","protected":false},"featured_media":4617,"comment_status":"open","ping_status":"closed","template":"","meta":[],"product_brand":[],"product_cat":[627],"product_tag":[],"class_list":{"0":"post-35135","1":"product","2":"type-product","3":"status-publish","4":"has-post-thumbnail","6":"product_cat-filtros-de-aquario","8":"first","9":"instock","10":"shipping-taxable","11":"purchasable","12":"product-type-simple"},"_links":{"self":[{"href":"https:\/\/www.myaquastore.com\/pt-br\/wp-json\/wp\/v2\/product\/35135","targetHints":{"allow":["GET"]}}],"collection":[{"href":"https:\/\/www.myaquastore.com\/pt-br\/wp-json\/wp\/v2\/product"}],"about":[{"href":"https:\/\/www.myaquastore.com\/pt-br\/wp-json\/wp\/v2\/types\/product"}],"replies":[{"embeddable":true,"href":"https:\/\/www.myaquastore.com\/pt-br\/wp-json\/wp\/v2\/comments?post=35135"}],"wp:featuredmedia":[{"embeddable":true,"href":"https:\/\/www.myaquastore.com\/pt-br\/wp-json\/wp\/v2\/media\/4617"}],"wp:attachment":[{"href":"https:\/\/www.myaquastore.com\/pt-br\/wp-json\/wp\/v2\/media?parent=35135"}],"wp:term":[{"taxonomy":"product_brand","embeddable":true,"href":"https:\/\/www.myaquastore.com\/pt-br\/wp-json\/wp\/v2\/product_brand?post=35135"},{"taxonomy":"product_cat","embeddable":true,"href":"https:\/\/www.myaquastore.com\/pt-br\/wp-json\/wp\/v2\/product_cat?post=35135"},{"taxonomy":"product_tag","embeddable":true,"href":"https:\/\/www.myaquastore.com\/pt-br\/wp-json\/wp\/v2\/product_tag?post=35135"}],"curies":[{"name":"wp","href":"https:\/\/api.w.org\/{rel}","templated":true}]}}