{"id":35136,"date":"2016-09-25T23:28:15","date_gmt":"2016-09-25T23:28:15","guid":{"rendered":"https:\/\/www.myaquastore.com\/product\/novas-bombas-submersiveis-de-agua-sobo-com-economia-de-energia-wp3550\/"},"modified":"2025-03-16T08:36:27","modified_gmt":"2025-03-16T08:36:27","slug":"novas-bombas-submersiveis-de-agua-sobo-com-economia-de-energia-wp3550","status":"publish","type":"product","link":"https:\/\/www.myaquastore.com\/pt-br\/produto\/novas-bombas-submersiveis-de-agua-sobo-com-economia-de-energia-wp3550\/","title":{"rendered":"novas bombas submers\u00edveis de \u00e1gua SOBO com economia de energia WP3550"},"content":{"rendered":"<article class=\"article richtext richtext-detail AE:disable\" id=\"richTextContainer\">\n<h2 class=\"article-title\">Especifica\u00e7\u00f5es<\/h2>\n<div style=\"clear:both\"> novas bombas submers\u00edveis de \u00e1gua SOBO com economia de energia WP3550 <br \/>1 silenciosa, economizadora de energia e poderosa <br \/>2 configura\u00e7\u00e3o f\u00e1cil <br \/>3 terno para \u00e1gua doce e marinha <\/p>\n<div style=\"clear:both\">\n<p>novas bombas submers\u00edveis de \u00e1gua SOBO com economia de energia WP3550<br \/>1 silenciosa, segura, energeticamente eficiente e poderosa<br \/>2 Configura\u00e7\u00e3o simples<br \/>3 terno para \u00e1gua doce e marinha4 Distintivamente um sistema de filtragem superior<\/p>\n<p>4 par\u00e2metros (220-240v 50Hz)<\/p>\n<p>5 embalagem: 12 pe\u00e7as\/caixa<\/p>\n<\/p>\n<\/p>\n<div style=\"clear:both\"><\/article>\n","protected":false},"excerpt":{"rendered":"<p>novas bombas submers\u00edveis de \u00e1gua SOBO com economia de energia WP3550<\/p>\n","protected":false},"featured_media":4619,"comment_status":"open","ping_status":"closed","template":"","meta":[],"product_brand":[],"product_cat":[627],"product_tag":[],"class_list":{"0":"post-35136","1":"product","2":"type-product","3":"status-publish","4":"has-post-thumbnail","6":"product_cat-filtros-de-aquario","8":"first","9":"instock","10":"shipping-taxable","11":"purchasable","12":"product-type-simple"},"_links":{"self":[{"href":"https:\/\/www.myaquastore.com\/pt-br\/wp-json\/wp\/v2\/product\/35136","targetHints":{"allow":["GET"]}}],"collection":[{"href":"https:\/\/www.myaquastore.com\/pt-br\/wp-json\/wp\/v2\/product"}],"about":[{"href":"https:\/\/www.myaquastore.com\/pt-br\/wp-json\/wp\/v2\/types\/product"}],"replies":[{"embeddable":true,"href":"https:\/\/www.myaquastore.com\/pt-br\/wp-json\/wp\/v2\/comments?post=35136"}],"wp:featuredmedia":[{"embeddable":true,"href":"https:\/\/www.myaquastore.com\/pt-br\/wp-json\/wp\/v2\/media\/4619"}],"wp:attachment":[{"href":"https:\/\/www.myaquastore.com\/pt-br\/wp-json\/wp\/v2\/media?parent=35136"}],"wp:term":[{"taxonomy":"product_brand","embeddable":true,"href":"https:\/\/www.myaquastore.com\/pt-br\/wp-json\/wp\/v2\/product_brand?post=35136"},{"taxonomy":"product_cat","embeddable":true,"href":"https:\/\/www.myaquastore.com\/pt-br\/wp-json\/wp\/v2\/product_cat?post=35136"},{"taxonomy":"product_tag","embeddable":true,"href":"https:\/\/www.myaquastore.com\/pt-br\/wp-json\/wp\/v2\/product_tag?post=35136"}],"curies":[{"name":"wp","href":"https:\/\/api.w.org\/{rel}","templated":true}]}}