{"id":35144,"date":"2016-09-25T23:28:15","date_gmt":"2016-09-25T23:28:15","guid":{"rendered":"https:\/\/www.myaquastore.com\/product\/atacado-15w-rs-moda-aquario-uv-luzes-uv-15\/"},"modified":"2025-03-16T08:36:29","modified_gmt":"2025-03-16T08:36:29","slug":"atacado-15w-rs-moda-aquario-uv-luzes-uv-15","status":"publish","type":"product","link":"https:\/\/www.myaquastore.com\/pt-br\/produto\/atacado-15w-rs-moda-aquario-uv-luzes-uv-15\/","title":{"rendered":"atacado 15w RS moda aqu\u00e1rio UV luzes UV-15"},"content":{"rendered":"<article class=\"article richtext richtext-detail AE:disable\" id=\"richTextContainer\">\n<div style=\"clear:both\">\n<p><span style=\"font-family: 'times new roman', times;font-size: 24px\"> atacado15w RS moda aqu\u00e1rio luzes UV UV-15<\/span><\/p>\n<ol>\n<li><span style=\"font-family: 'times new roman', times;font-size: 24px\">Adotando tubo de vidro de quartzo de alta qualidade separado da \u00e1gua para aumentar a efic\u00e1cia do tratamento UV e ter boa permea\u00e7\u00e3o de raios.<\/span><\/li>\n<li><span style=\"font-family: 'times new roman', times;font-size: 24px\">Adotando radia\u00e7\u00e3o ultravioleta UVC de alta qualidade, boa esteriliza\u00e7\u00e3o <\/span><\/li>\n<li><span style=\"font-family: 'times new roman', times;24px\"> longa vida \u00fatil<\/span><\/li>\n<li><span style=\"font-family: 'times new roman', times;font-size: 24px\">embalagem:8 pe\u00e7as\/caixa<\/span><\/li>\n<li><span style=\"font-family: 'times new roman', times;font-size: 24px\">data de entrega:7-15dias<\/span><\/li>\n<\/ol>\n<div style=\"clear:both\"><\/article>\n","protected":false},"excerpt":{"rendered":"<p>atacado 15w RS moda aqu\u00e1rio UV luzes UV-15<\/p>\n","protected":false},"featured_media":4635,"comment_status":"open","ping_status":"closed","template":"","meta":[],"product_brand":[],"product_cat":[627],"product_tag":[],"class_list":{"0":"post-35144","1":"product","2":"type-product","3":"status-publish","4":"has-post-thumbnail","6":"product_cat-filtros-de-aquario","8":"first","9":"instock","10":"shipping-taxable","11":"purchasable","12":"product-type-simple"},"_links":{"self":[{"href":"https:\/\/www.myaquastore.com\/pt-br\/wp-json\/wp\/v2\/product\/35144","targetHints":{"allow":["GET"]}}],"collection":[{"href":"https:\/\/www.myaquastore.com\/pt-br\/wp-json\/wp\/v2\/product"}],"about":[{"href":"https:\/\/www.myaquastore.com\/pt-br\/wp-json\/wp\/v2\/types\/product"}],"replies":[{"embeddable":true,"href":"https:\/\/www.myaquastore.com\/pt-br\/wp-json\/wp\/v2\/comments?post=35144"}],"wp:featuredmedia":[{"embeddable":true,"href":"https:\/\/www.myaquastore.com\/pt-br\/wp-json\/wp\/v2\/media\/4635"}],"wp:attachment":[{"href":"https:\/\/www.myaquastore.com\/pt-br\/wp-json\/wp\/v2\/media?parent=35144"}],"wp:term":[{"taxonomy":"product_brand","embeddable":true,"href":"https:\/\/www.myaquastore.com\/pt-br\/wp-json\/wp\/v2\/product_brand?post=35144"},{"taxonomy":"product_cat","embeddable":true,"href":"https:\/\/www.myaquastore.com\/pt-br\/wp-json\/wp\/v2\/product_cat?post=35144"},{"taxonomy":"product_tag","embeddable":true,"href":"https:\/\/www.myaquastore.com\/pt-br\/wp-json\/wp\/v2\/product_tag?post=35144"}],"curies":[{"name":"wp","href":"https:\/\/api.w.org\/{rel}","templated":true}]}}