{"id":35154,"date":"2016-09-25T23:28:15","date_gmt":"2016-09-25T23:28:15","guid":{"rendered":"https:\/\/www.myaquastore.com\/product\/aquecedor-eletrico-de-aquario-em-aco-inoxidavel-rs-rs098\/"},"modified":"2025-03-16T08:36:31","modified_gmt":"2025-03-16T08:36:31","slug":"aquecedor-eletrico-de-aquario-em-aco-inoxidavel-rs-rs098","status":"publish","type":"product","link":"https:\/\/www.myaquastore.com\/pt-br\/produto\/aquecedor-eletrico-de-aquario-em-aco-inoxidavel-rs-rs098\/","title":{"rendered":"aquecedor el\u00e9trico de aqu\u00e1rio em a\u00e7o inoxid\u00e1vel rs RS098"},"content":{"rendered":"<article class=\"article richtext richtext-detail AE:disable\" id=\"richTextContainer\">\n<div style=\"clear:both\">\n<p><span style=\"font-family: 'times new roman', times;font-size: 24px\"> aquecedor el\u00e9trico de aqu\u00e1rio em a\u00e7o inoxid\u00e1vel rs RS098 <\/span><\/p>\n<p><span style=\"font-family: 'times new roman', times\">1.tubo de aquecimento totalmente autom\u00e1tico, vedando muito bem<\/span><br \/><span style=\"font-family: 'times new roman', times;font-size: 24px\">2.leitura direta e mostrando temperatura de manifesta\u00e7\u00e3o<\/span><\/p>\n<p>&lt;span style=&quot;font-family: &#039;times new roman&#039;, times; digite<\/span><\/p>\n<p><span style=\"font-family: 'times new roman', times;font-size: 24px\">4.muito preciso, usando convenientemente e precisando apenas de regula\u00e7\u00e3o<\/span><\/p>\n<p><span style=\"font-family: 'times new roman', times;font-size: 24px\">na parte superior, e pode controlar a temperatura permanentemente<\/span><\/p>\n<p><span style=\"font-family: 'times new roman', times;font-size: 24px\">5.a embalagem \u00e9 de 60 pe\u00e7as por caixa <\/span><\/p>\n<div style=\"clear:both\"><\/article>\n","protected":false},"excerpt":{"rendered":"<p>aquecedor el\u00e9trico de aqu\u00e1rio em a\u00e7o inoxid\u00e1vel rs RS098<\/p>\n","protected":false},"featured_media":4655,"comment_status":"open","ping_status":"closed","template":"","meta":[],"product_brand":[],"product_cat":[627],"product_tag":[],"class_list":{"0":"post-35154","1":"product","2":"type-product","3":"status-publish","4":"has-post-thumbnail","6":"product_cat-filtros-de-aquario","8":"first","9":"instock","10":"shipping-taxable","11":"purchasable","12":"product-type-simple"},"_links":{"self":[{"href":"https:\/\/www.myaquastore.com\/pt-br\/wp-json\/wp\/v2\/product\/35154","targetHints":{"allow":["GET"]}}],"collection":[{"href":"https:\/\/www.myaquastore.com\/pt-br\/wp-json\/wp\/v2\/product"}],"about":[{"href":"https:\/\/www.myaquastore.com\/pt-br\/wp-json\/wp\/v2\/types\/product"}],"replies":[{"embeddable":true,"href":"https:\/\/www.myaquastore.com\/pt-br\/wp-json\/wp\/v2\/comments?post=35154"}],"wp:featuredmedia":[{"embeddable":true,"href":"https:\/\/www.myaquastore.com\/pt-br\/wp-json\/wp\/v2\/media\/4655"}],"wp:attachment":[{"href":"https:\/\/www.myaquastore.com\/pt-br\/wp-json\/wp\/v2\/media?parent=35154"}],"wp:term":[{"taxonomy":"product_brand","embeddable":true,"href":"https:\/\/www.myaquastore.com\/pt-br\/wp-json\/wp\/v2\/product_brand?post=35154"},{"taxonomy":"product_cat","embeddable":true,"href":"https:\/\/www.myaquastore.com\/pt-br\/wp-json\/wp\/v2\/product_cat?post=35154"},{"taxonomy":"product_tag","embeddable":true,"href":"https:\/\/www.myaquastore.com\/pt-br\/wp-json\/wp\/v2\/product_tag?post=35154"}],"curies":[{"name":"wp","href":"https:\/\/api.w.org\/{rel}","templated":true}]}}