{"id":35157,"date":"2016-09-25T23:28:15","date_gmt":"2016-09-25T23:28:15","guid":{"rendered":"https:\/\/www.myaquastore.com\/product\/alimentador-automatico-de-comida-para-peixes-yinsheng-t9900\/"},"modified":"2025-03-16T08:36:32","modified_gmt":"2025-03-16T08:36:32","slug":"alimentador-automatico-de-comida-para-peixes-yinsheng-t9900","status":"publish","type":"product","link":"https:\/\/www.myaquastore.com\/pt-br\/produto\/alimentador-automatico-de-comida-para-peixes-yinsheng-t9900\/","title":{"rendered":"Alimentador autom\u00e1tico de comida para peixes YINSHENG T9900"},"content":{"rendered":"<article class=\"article richtext richtext-detail AE:disable\" id=\"richTextContainer\">\n<div style=\"clear:both\">\n<p><span style=\"font-family: 'times new roman', times;font-size: 24px\">Alimentador autom\u00e1tico de alimentos para peixes YINSHENG T9900<\/span><\/p>\n<p><span style=\"font-family: 'times new roman', times;font-size: 24px\">1. Alimentos secos e soltos em flocos e pellets podem ser usados<\/span><\/p>\n<p><span style=\"font-family: 'times new roman', times;font-size: 24px\">2. Ideal para v\u00e1rios tamanhos de aqu\u00e1rios<\/span><\/p>\n<p><span style=\"font-family: 'times new roman', times;font-size: 24px\">3. Temporizador digital para configurar programas regulares de alimenta\u00e7\u00e3o<\/span><\/p>\n<p><span style=\"font-family: 'times new roman', times;font-size: 24px\">4. Sistema \u00fanico para evitar que os alimentos fiquem hidratados ou entupidos no dispensador<\/span><\/p>\n<p><span style=\"font-family: 'times new roman', times;font-size: 24px\">5. Pode ser operado autom\u00e1tica ou manualmente, facilitando a manuten\u00e7\u00e3o dos peixes<\/span><\/p>\n<div style=\"clear:both\"><\/article>\n","protected":false},"excerpt":{"rendered":"<p>Alimentador autom\u00e1tico de comida para peixes YINSHENG T9900<\/p>\n","protected":false},"featured_media":4661,"comment_status":"open","ping_status":"closed","template":"","meta":[],"product_brand":[],"product_cat":[627],"product_tag":[],"class_list":{"0":"post-35157","1":"product","2":"type-product","3":"status-publish","4":"has-post-thumbnail","6":"product_cat-filtros-de-aquario","8":"first","9":"instock","10":"shipping-taxable","11":"purchasable","12":"product-type-simple"},"_links":{"self":[{"href":"https:\/\/www.myaquastore.com\/pt-br\/wp-json\/wp\/v2\/product\/35157","targetHints":{"allow":["GET"]}}],"collection":[{"href":"https:\/\/www.myaquastore.com\/pt-br\/wp-json\/wp\/v2\/product"}],"about":[{"href":"https:\/\/www.myaquastore.com\/pt-br\/wp-json\/wp\/v2\/types\/product"}],"replies":[{"embeddable":true,"href":"https:\/\/www.myaquastore.com\/pt-br\/wp-json\/wp\/v2\/comments?post=35157"}],"wp:featuredmedia":[{"embeddable":true,"href":"https:\/\/www.myaquastore.com\/pt-br\/wp-json\/wp\/v2\/media\/4661"}],"wp:attachment":[{"href":"https:\/\/www.myaquastore.com\/pt-br\/wp-json\/wp\/v2\/media?parent=35157"}],"wp:term":[{"taxonomy":"product_brand","embeddable":true,"href":"https:\/\/www.myaquastore.com\/pt-br\/wp-json\/wp\/v2\/product_brand?post=35157"},{"taxonomy":"product_cat","embeddable":true,"href":"https:\/\/www.myaquastore.com\/pt-br\/wp-json\/wp\/v2\/product_cat?post=35157"},{"taxonomy":"product_tag","embeddable":true,"href":"https:\/\/www.myaquastore.com\/pt-br\/wp-json\/wp\/v2\/product_tag?post=35157"}],"curies":[{"name":"wp","href":"https:\/\/api.w.org\/{rel}","templated":true}]}}