{"id":35161,"date":"2016-09-25T23:28:15","date_gmt":"2016-09-25T23:28:15","guid":{"rendered":"https:\/\/www.myaquastore.com\/product\/foco-moderno-submersivel-3w-boyu-sdl-02a\/"},"modified":"2025-03-16T08:36:33","modified_gmt":"2025-03-16T08:36:33","slug":"foco-moderno-submersivel-3w-boyu-sdl-02a","status":"publish","type":"product","link":"https:\/\/www.myaquastore.com\/pt-br\/produto\/foco-moderno-submersivel-3w-boyu-sdl-02a\/","title":{"rendered":"Foco moderno submers\u00edvel 3W BOYU SDL-02A"},"content":{"rendered":"<article class=\"article richtext richtext-detail AE:disable\" id=\"richTextContainer\">\n<div style=\"clear:both\">\n<p><span style=\"font-family: 'times new roman', times;font-size: 24px\"> 3W BOYU submers\u00edvel moderno spot light SDL-02A <\/span><\/p>\n<p><span style=\"font-family: 'times new roman', times;font-size: 24px\">1.Tamanho pequeno, formato atraente, design multi-selo.<\/span><br \/><span style=\"font-family: 'times new roman', times;font-size: 24px\">2.Qualquer regula\u00e7\u00e3o de \u00e2ngulo, luz LED, alta efici\u00eancia, produz muitos raios coloridos.<\/span><br \/><span style=\"font-family: 'times new roman', times;24px\">3.Trabalhe com tens\u00e3o segura, segura e confi\u00e1vel. F\u00e1cil instala\u00e7\u00e3o e opera\u00e7\u00e3o. style=&#8221;clear:both;&#8221;&gt;<\/article>\n","protected":false},"excerpt":{"rendered":"<p>Foco moderno submers\u00edvel 3W BOYU SDL-02A<\/p>\n","protected":false},"featured_media":4669,"comment_status":"open","ping_status":"closed","template":"","meta":[],"product_brand":[],"product_cat":[627],"product_tag":[],"class_list":{"0":"post-35161","1":"product","2":"type-product","3":"status-publish","4":"has-post-thumbnail","6":"product_cat-filtros-de-aquario","8":"first","9":"instock","10":"shipping-taxable","11":"purchasable","12":"product-type-simple"},"_links":{"self":[{"href":"https:\/\/www.myaquastore.com\/pt-br\/wp-json\/wp\/v2\/product\/35161","targetHints":{"allow":["GET"]}}],"collection":[{"href":"https:\/\/www.myaquastore.com\/pt-br\/wp-json\/wp\/v2\/product"}],"about":[{"href":"https:\/\/www.myaquastore.com\/pt-br\/wp-json\/wp\/v2\/types\/product"}],"replies":[{"embeddable":true,"href":"https:\/\/www.myaquastore.com\/pt-br\/wp-json\/wp\/v2\/comments?post=35161"}],"wp:featuredmedia":[{"embeddable":true,"href":"https:\/\/www.myaquastore.com\/pt-br\/wp-json\/wp\/v2\/media\/4669"}],"wp:attachment":[{"href":"https:\/\/www.myaquastore.com\/pt-br\/wp-json\/wp\/v2\/media?parent=35161"}],"wp:term":[{"taxonomy":"product_brand","embeddable":true,"href":"https:\/\/www.myaquastore.com\/pt-br\/wp-json\/wp\/v2\/product_brand?post=35161"},{"taxonomy":"product_cat","embeddable":true,"href":"https:\/\/www.myaquastore.com\/pt-br\/wp-json\/wp\/v2\/product_cat?post=35161"},{"taxonomy":"product_tag","embeddable":true,"href":"https:\/\/www.myaquastore.com\/pt-br\/wp-json\/wp\/v2\/product_tag?post=35161"}],"curies":[{"name":"wp","href":"https:\/\/api.w.org\/{rel}","templated":true}]}}