{"id":35171,"date":"2016-09-25T23:28:15","date_gmt":"2016-09-25T23:28:15","guid":{"rendered":"https:\/\/www.myaquastore.com\/product\/lampada-uv-poderosa-boyu-uvc-8\/"},"modified":"2025-03-16T08:36:35","modified_gmt":"2025-03-16T08:36:35","slug":"lampada-uv-poderosa-boyu-uvc-8","status":"publish","type":"product","link":"https:\/\/www.myaquastore.com\/pt-br\/produto\/lampada-uv-poderosa-boyu-uvc-8\/","title":{"rendered":"L\u00e2mpada UV poderosa BOYU UVC-8"},"content":{"rendered":"<article class=\"article richtext richtext-detail AE:disable\" id=\"richTextContainer\">\n<h2 class=\"article-title\">Especifica\u00e7\u00f5es<\/h2>\n<div style=\"clear:both\"> L\u00e2mpada UV poderosa BOYU UVC-8 <br \/>1.Adote vidro de quartzo, evitando ultravioleta <br \/>2.Instale o conjunto de prote\u00e7\u00e3o, seguro<br \/>3.Alta efici\u00eancia<\/p>\n<div style=\"clear:both\">\n<p> L\u00e2mpada UV poderosa BOYU UVC-8<\/p>\n<p>1.Adote vidro de quartzo, evitando ultravioleta <br \/>2.Instale o conjunto de prote\u00e7\u00e3o, opera\u00e7\u00e3o segura<\/p>\n<p>3.Design de alta efici\u00eancia<\/p>\n<p>4.luz uv de raio-x usa tubo de vidro de quartzo uv-c, alta transmissividade de raio ultravioleta. l\u00e2mpada ultravioleta especial, fun\u00e7\u00e3o perfeita para matar bact\u00e9rias. nenhuma polui\u00e7\u00e3o qu\u00edmica para o meio ambiente.<\/p>\n<p>5. embalagem: 6 pe\u00e7as\/caixa<\/p>\n<\/p>\n<div style=\"clear:both\"><\/article>\n","protected":false},"excerpt":{"rendered":"<p>L\u00e2mpada UV poderosa BOYU UVC-8<\/p>\n","protected":false},"featured_media":4689,"comment_status":"open","ping_status":"closed","template":"","meta":[],"product_brand":[],"product_cat":[627],"product_tag":[],"class_list":{"0":"post-35171","1":"product","2":"type-product","3":"status-publish","4":"has-post-thumbnail","6":"product_cat-filtros-de-aquario","8":"first","9":"instock","10":"shipping-taxable","11":"purchasable","12":"product-type-simple"},"_links":{"self":[{"href":"https:\/\/www.myaquastore.com\/pt-br\/wp-json\/wp\/v2\/product\/35171","targetHints":{"allow":["GET"]}}],"collection":[{"href":"https:\/\/www.myaquastore.com\/pt-br\/wp-json\/wp\/v2\/product"}],"about":[{"href":"https:\/\/www.myaquastore.com\/pt-br\/wp-json\/wp\/v2\/types\/product"}],"replies":[{"embeddable":true,"href":"https:\/\/www.myaquastore.com\/pt-br\/wp-json\/wp\/v2\/comments?post=35171"}],"wp:featuredmedia":[{"embeddable":true,"href":"https:\/\/www.myaquastore.com\/pt-br\/wp-json\/wp\/v2\/media\/4689"}],"wp:attachment":[{"href":"https:\/\/www.myaquastore.com\/pt-br\/wp-json\/wp\/v2\/media?parent=35171"}],"wp:term":[{"taxonomy":"product_brand","embeddable":true,"href":"https:\/\/www.myaquastore.com\/pt-br\/wp-json\/wp\/v2\/product_brand?post=35171"},{"taxonomy":"product_cat","embeddable":true,"href":"https:\/\/www.myaquastore.com\/pt-br\/wp-json\/wp\/v2\/product_cat?post=35171"},{"taxonomy":"product_tag","embeddable":true,"href":"https:\/\/www.myaquastore.com\/pt-br\/wp-json\/wp\/v2\/product_tag?post=35171"}],"curies":[{"name":"wp","href":"https:\/\/api.w.org\/{rel}","templated":true}]}}