{"id":35175,"date":"2016-09-25T23:28:15","date_gmt":"2016-09-25T23:28:15","guid":{"rendered":"https:\/\/www.myaquastore.com\/product\/rs-bombas-de-agua-multifuncionais-para-aquario-rs168b\/"},"modified":"2025-03-16T08:36:36","modified_gmt":"2025-03-16T08:36:36","slug":"rs-bombas-de-agua-multifuncionais-para-aquario-rs168b","status":"publish","type":"product","link":"https:\/\/www.myaquastore.com\/pt-br\/produto\/rs-bombas-de-agua-multifuncionais-para-aquario-rs168b\/","title":{"rendered":"RS Bombas de \u00e1gua multifuncionais para aqu\u00e1rio RS168B"},"content":{"rendered":"<article class=\"article richtext richtext-detail AE:disable\" id=\"richTextContainer\">\n<div style=\"clear:both\">\n<p><span style=\"font-family: 'times new roman', times;font-size: 24px\"> RS Bombas de \u00e1gua multifuncionais para aqu\u00e1rio RS168B<\/span><br \/><span style=\"font-family: 'times new roman', times;font-size: 24px\">1. motor completamente submers\u00edvel, econ\u00f4mico, dur\u00e1vel, seguro e superquite<\/span><\/p>\n<p><span style=\"font-family: 'times new roman', times;font-size: 24px\">2.suit para \u00e1gua doce e salgada<\/span><\/p>\n<p><span style=\"font-family: 'times new roman', times;aqu\u00e1rios, fontes e outros projetos decorativos. 24px\">5.measure:132*51*82MM<\/span><\/p>\n<p><span style=\"font-family: 'times new roman', times\">6.fluxo m\u00e1ximo \u00e9 1500L\/H<\/span><\/p>\n<p><span style=\"font-family: 'times new roman', times;font-size: 24px\">7.max jet \u00e9 0,8m<\/span><\/p>\n<div style=\"clear:both\"><\/article>\n","protected":false},"excerpt":{"rendered":"<p>RS Bombas de \u00e1gua multifuncionais para aqu\u00e1rio RS168B<\/p>\n","protected":false},"featured_media":4697,"comment_status":"open","ping_status":"closed","template":"","meta":[],"product_brand":[],"product_cat":[627],"product_tag":[],"class_list":{"0":"post-35175","1":"product","2":"type-product","3":"status-publish","4":"has-post-thumbnail","6":"product_cat-filtros-de-aquario","8":"first","9":"instock","10":"shipping-taxable","11":"purchasable","12":"product-type-simple"},"_links":{"self":[{"href":"https:\/\/www.myaquastore.com\/pt-br\/wp-json\/wp\/v2\/product\/35175","targetHints":{"allow":["GET"]}}],"collection":[{"href":"https:\/\/www.myaquastore.com\/pt-br\/wp-json\/wp\/v2\/product"}],"about":[{"href":"https:\/\/www.myaquastore.com\/pt-br\/wp-json\/wp\/v2\/types\/product"}],"replies":[{"embeddable":true,"href":"https:\/\/www.myaquastore.com\/pt-br\/wp-json\/wp\/v2\/comments?post=35175"}],"wp:featuredmedia":[{"embeddable":true,"href":"https:\/\/www.myaquastore.com\/pt-br\/wp-json\/wp\/v2\/media\/4697"}],"wp:attachment":[{"href":"https:\/\/www.myaquastore.com\/pt-br\/wp-json\/wp\/v2\/media?parent=35175"}],"wp:term":[{"taxonomy":"product_brand","embeddable":true,"href":"https:\/\/www.myaquastore.com\/pt-br\/wp-json\/wp\/v2\/product_brand?post=35175"},{"taxonomy":"product_cat","embeddable":true,"href":"https:\/\/www.myaquastore.com\/pt-br\/wp-json\/wp\/v2\/product_cat?post=35175"},{"taxonomy":"product_tag","embeddable":true,"href":"https:\/\/www.myaquastore.com\/pt-br\/wp-json\/wp\/v2\/product_tag?post=35175"}],"curies":[{"name":"wp","href":"https:\/\/api.w.org\/{rel}","templated":true}]}}