{"id":35185,"date":"2016-09-25T23:28:16","date_gmt":"2016-09-25T23:28:16","guid":{"rendered":"https:\/\/www.myaquastore.com\/product\/filtro-superior-para-aquario-atman-al-9500\/"},"modified":"2025-03-16T08:36:38","modified_gmt":"2025-03-16T08:36:38","slug":"filtro-superior-para-aquario-atman-al-9500","status":"publish","type":"product","link":"https:\/\/www.myaquastore.com\/pt-br\/produto\/filtro-superior-para-aquario-atman-al-9500\/","title":{"rendered":"Filtro superior para aqu\u00e1rio Atman AL-9500"},"content":{"rendered":"<article class=\"article richtext richtext-detail AE:disable\" id=\"richTextContainer\">\n<h2 class=\"article-title\">Especifica\u00e7\u00f5es<\/h2>\n<div style=\"clear:both\"> Filtro superior para aqu\u00e1rio Atman AL-9500 <br \/>1 cabe em qualquer tanque <br \/>2 cabe em aqu\u00e1rios frescos e marinhos <br \/>3bastante e dur\u00e1vel <br \/>4Adi\u00e7\u00e3o e filtragem de oxig\u00eanio <\/p>\n<div style=\"clear:both\">\n<p> Filtro superior de aqu\u00e1rio Atman AL-9500<br \/>1.Motor totalmente submers\u00edvel<\/p>\n<p>2.Opera\u00e7\u00e3o extremamente silenciosa e dur\u00e1vel.<\/p>\n<p>3.Ventos para caber em qualquer aqu\u00e1rio.<\/p>\n<p>4.Adequado para \u00e1gua doce e marinha.<\/p>\n<p>5.Adi\u00e7\u00e3o e filtragem de oxig\u00eanio.<\/p>\n<div style=\"clear:both\"><\/article>\n","protected":false},"excerpt":{"rendered":"<p>Filtro superior para aqu\u00e1rio Atman AL-9500<\/p>\n","protected":false},"featured_media":4717,"comment_status":"open","ping_status":"closed","template":"","meta":[],"product_brand":[],"product_cat":[627],"product_tag":[],"class_list":{"0":"post-35185","1":"product","2":"type-product","3":"status-publish","4":"has-post-thumbnail","6":"product_cat-filtros-de-aquario","8":"first","9":"instock","10":"shipping-taxable","11":"purchasable","12":"product-type-simple"},"_links":{"self":[{"href":"https:\/\/www.myaquastore.com\/pt-br\/wp-json\/wp\/v2\/product\/35185","targetHints":{"allow":["GET"]}}],"collection":[{"href":"https:\/\/www.myaquastore.com\/pt-br\/wp-json\/wp\/v2\/product"}],"about":[{"href":"https:\/\/www.myaquastore.com\/pt-br\/wp-json\/wp\/v2\/types\/product"}],"replies":[{"embeddable":true,"href":"https:\/\/www.myaquastore.com\/pt-br\/wp-json\/wp\/v2\/comments?post=35185"}],"wp:featuredmedia":[{"embeddable":true,"href":"https:\/\/www.myaquastore.com\/pt-br\/wp-json\/wp\/v2\/media\/4717"}],"wp:attachment":[{"href":"https:\/\/www.myaquastore.com\/pt-br\/wp-json\/wp\/v2\/media?parent=35185"}],"wp:term":[{"taxonomy":"product_brand","embeddable":true,"href":"https:\/\/www.myaquastore.com\/pt-br\/wp-json\/wp\/v2\/product_brand?post=35185"},{"taxonomy":"product_cat","embeddable":true,"href":"https:\/\/www.myaquastore.com\/pt-br\/wp-json\/wp\/v2\/product_cat?post=35185"},{"taxonomy":"product_tag","embeddable":true,"href":"https:\/\/www.myaquastore.com\/pt-br\/wp-json\/wp\/v2\/product_tag?post=35185"}],"curies":[{"name":"wp","href":"https:\/\/api.w.org\/{rel}","templated":true}]}}