{"id":35191,"date":"2016-09-25T23:28:16","date_gmt":"2016-09-25T23:28:16","guid":{"rendered":"https:\/\/www.myaquastore.com\/product\/filtro-interno-para-aquario-atman-4-2w-sif400\/"},"modified":"2025-03-16T08:36:40","modified_gmt":"2025-03-16T08:36:40","slug":"filtro-interno-para-aquario-atman-4-2w-sif400","status":"publish","type":"product","link":"https:\/\/www.myaquastore.com\/pt-br\/produto\/filtro-interno-para-aquario-atman-4-2w-sif400\/","title":{"rendered":"Filtro interno para aqu\u00e1rio Atman 4.2W SIF400"},"content":{"rendered":"<article class=\"article richtext richtext-detail AE:disable\" id=\"richTextContainer\">\n<h2 class=\"article-title\">Especifica\u00e7\u00f5es<\/h2>\n<div style=\"clear:both\"> Filtro interno para aqu\u00e1rio Atman 4.2W SIF400 <br \/>1 Filtragem mec\u00e2nica, qu\u00edmica e biol\u00f3gica <br \/>2 Ideal para aqu\u00e1rios frescos e marinhos <\/p>\n<div style=\"clear:both\">\n<p>Filtro interno para aqu\u00e1rio Atman 4.2W SIF400<br \/>1. Sistema de filtragem mec\u00e2nico, qu\u00edmico, biol\u00f3gico<br \/>2. Ideal para aqu\u00e1rios de \u00e1gua doce e marinhos<\/p>\n<p>3. embalagem: 24 pe\u00e7as por caixa<\/p>\n<p>4.medida:40&#215;34,5&#215;40,8CM<\/p>\n<p>5.fluxo m\u00e1ximo: 168L\/H<\/p>\n<div style=\"clear:both\"><\/article>\n","protected":false},"excerpt":{"rendered":"<p>Filtro interno para aqu\u00e1rio Atman 4.2W SIF400<\/p>\n","protected":false},"featured_media":4729,"comment_status":"open","ping_status":"closed","template":"","meta":[],"product_brand":[],"product_cat":[627],"product_tag":[],"class_list":{"0":"post-35191","1":"product","2":"type-product","3":"status-publish","4":"has-post-thumbnail","6":"product_cat-filtros-de-aquario","8":"first","9":"instock","10":"shipping-taxable","11":"purchasable","12":"product-type-simple"},"_links":{"self":[{"href":"https:\/\/www.myaquastore.com\/pt-br\/wp-json\/wp\/v2\/product\/35191","targetHints":{"allow":["GET"]}}],"collection":[{"href":"https:\/\/www.myaquastore.com\/pt-br\/wp-json\/wp\/v2\/product"}],"about":[{"href":"https:\/\/www.myaquastore.com\/pt-br\/wp-json\/wp\/v2\/types\/product"}],"replies":[{"embeddable":true,"href":"https:\/\/www.myaquastore.com\/pt-br\/wp-json\/wp\/v2\/comments?post=35191"}],"wp:featuredmedia":[{"embeddable":true,"href":"https:\/\/www.myaquastore.com\/pt-br\/wp-json\/wp\/v2\/media\/4729"}],"wp:attachment":[{"href":"https:\/\/www.myaquastore.com\/pt-br\/wp-json\/wp\/v2\/media?parent=35191"}],"wp:term":[{"taxonomy":"product_brand","embeddable":true,"href":"https:\/\/www.myaquastore.com\/pt-br\/wp-json\/wp\/v2\/product_brand?post=35191"},{"taxonomy":"product_cat","embeddable":true,"href":"https:\/\/www.myaquastore.com\/pt-br\/wp-json\/wp\/v2\/product_cat?post=35191"},{"taxonomy":"product_tag","embeddable":true,"href":"https:\/\/www.myaquastore.com\/pt-br\/wp-json\/wp\/v2\/product_tag?post=35191"}],"curies":[{"name":"wp","href":"https:\/\/api.w.org\/{rel}","templated":true}]}}