{"id":35198,"date":"2016-09-25T23:28:16","date_gmt":"2016-09-25T23:28:16","guid":{"rendered":"https:\/\/www.myaquastore.com\/product\/filtro-biologico-para-aquario-de-fundo-atman-gf1000\/"},"modified":"2025-03-16T08:36:41","modified_gmt":"2025-03-16T08:36:41","slug":"filtro-biologico-para-aquario-de-fundo-atman-gf1000","status":"publish","type":"product","link":"https:\/\/www.myaquastore.com\/pt-br\/produto\/filtro-biologico-para-aquario-de-fundo-atman-gf1000\/","title":{"rendered":"Filtro biol\u00f3gico para aqu\u00e1rio de fundo Atman GF1000"},"content":{"rendered":"<article class=\"article richtext richtext-detail AE:disable\" id=\"richTextContainer\">\n<h2 class=\"article-title\">Especifica\u00e7\u00f5es<\/h2>\n<div style=\"clear:both\"> Filtro biol\u00f3gico para aqu\u00e1rio de fundo Atman GF1000 <br \/>1 cabe em todos os tanques e cabe\u00e7otes de energia e filtro <br \/>2 Circula a \u00e1gua reduz a rea\u00e7\u00e3o qu\u00edmica <\/p>\n<div style=\"clear:both\">\n<p> Atman filtro biol\u00f3gico para aqu\u00e1rio de fundo GF1000<\/p>\n<p>1. O sistema de uni\u00e3o m\u00faltipla pode caber em todos os tanques<br \/>2. Conex\u00e3o f\u00e1cil para caber em todos os tipos de cabe\u00e7ote motorizado e sistema de filtro<\/p>\n<p>3.Circule a \u00e1gua para reduzir a rea\u00e7\u00e3o qu\u00edmica do cascalho.<\/p>\n<p>4.embalagem:6 pe\u00e7as por caixa<\/p>\n<p>5.uso:filtro biol\u00f3gico de aqu\u00e1rio<\/p>\n<div style=\"clear:both\"><\/article>\n","protected":false},"excerpt":{"rendered":"<p>Filtro biol\u00f3gico para aqu\u00e1rio de fundo Atman GF1000<\/p>\n","protected":false},"featured_media":4743,"comment_status":"open","ping_status":"closed","template":"","meta":[],"product_brand":[],"product_cat":[627],"product_tag":[],"class_list":{"0":"post-35198","1":"product","2":"type-product","3":"status-publish","4":"has-post-thumbnail","6":"product_cat-filtros-de-aquario","8":"first","9":"instock","10":"shipping-taxable","11":"purchasable","12":"product-type-simple"},"_links":{"self":[{"href":"https:\/\/www.myaquastore.com\/pt-br\/wp-json\/wp\/v2\/product\/35198","targetHints":{"allow":["GET"]}}],"collection":[{"href":"https:\/\/www.myaquastore.com\/pt-br\/wp-json\/wp\/v2\/product"}],"about":[{"href":"https:\/\/www.myaquastore.com\/pt-br\/wp-json\/wp\/v2\/types\/product"}],"replies":[{"embeddable":true,"href":"https:\/\/www.myaquastore.com\/pt-br\/wp-json\/wp\/v2\/comments?post=35198"}],"wp:featuredmedia":[{"embeddable":true,"href":"https:\/\/www.myaquastore.com\/pt-br\/wp-json\/wp\/v2\/media\/4743"}],"wp:attachment":[{"href":"https:\/\/www.myaquastore.com\/pt-br\/wp-json\/wp\/v2\/media?parent=35198"}],"wp:term":[{"taxonomy":"product_brand","embeddable":true,"href":"https:\/\/www.myaquastore.com\/pt-br\/wp-json\/wp\/v2\/product_brand?post=35198"},{"taxonomy":"product_cat","embeddable":true,"href":"https:\/\/www.myaquastore.com\/pt-br\/wp-json\/wp\/v2\/product_cat?post=35198"},{"taxonomy":"product_tag","embeddable":true,"href":"https:\/\/www.myaquastore.com\/pt-br\/wp-json\/wp\/v2\/product_tag?post=35198"}],"curies":[{"name":"wp","href":"https:\/\/api.w.org\/{rel}","templated":true}]}}