{"id":35207,"date":"2016-09-25T23:28:16","date_gmt":"2016-09-25T23:28:16","guid":{"rendered":"https:\/\/www.myaquastore.com\/product\/lampada-uv-circular-poderosa-de-5w-atman\/"},"modified":"2025-03-16T08:36:44","modified_gmt":"2025-03-16T08:36:44","slug":"lampada-uv-circular-poderosa-de-5w-atman","status":"publish","type":"product","link":"https:\/\/www.myaquastore.com\/pt-br\/produto\/lampada-uv-circular-poderosa-de-5w-atman\/","title":{"rendered":"L\u00e2mpada uv circular poderosa de 5W Atman"},"content":{"rendered":"<article class=\"article richtext richtext-detail AE:disable\" id=\"richTextContainer\">\n<h2 class=\"article-title\">Especifica\u00e7\u00f5es<\/h2>\n<div style=\"clear:both\"> 5W Atman poderosa l\u00e2mpada uv circular <br \/>1.Adote vidro de quartzo, evite ultravioleta<br \/>2.Instale o conjunto de prote\u00e7\u00e3o<br \/>3. design eficiente <\/p>\n<div style=\"clear:both\">\n<p>5W Atman poderosa l\u00e2mpada uv circular<br \/>1.Adote vidro de quartzo, evitando ultravioleta <br \/>2.Instale conjunto de prote\u00e7\u00e3o, opera\u00e7\u00e3o segura<\/p>\n<p>3. A cauda pode ter rota\u00e7\u00e3o de 360 \u200b\u200bgraus, f\u00e1cil instala\u00e7\u00e3o, extremidade de pequenos orif\u00edcios cobertos com transparente, UV para verificar as condi\u00e7\u00f5es de trabalho.<\/p>\n<p>4.Design de alta efici\u00eancia<\/p>\n<\/p>\n<div style=\"clear:both\"><\/article>\n","protected":false},"excerpt":{"rendered":"<p>L\u00e2mpada uv circular poderosa de 5W Atman<\/p>\n","protected":false},"featured_media":4761,"comment_status":"open","ping_status":"closed","template":"","meta":[],"product_brand":[],"product_cat":[627],"product_tag":[],"class_list":{"0":"post-35207","1":"product","2":"type-product","3":"status-publish","4":"has-post-thumbnail","6":"product_cat-filtros-de-aquario","8":"first","9":"instock","10":"shipping-taxable","11":"purchasable","12":"product-type-simple"},"_links":{"self":[{"href":"https:\/\/www.myaquastore.com\/pt-br\/wp-json\/wp\/v2\/product\/35207","targetHints":{"allow":["GET"]}}],"collection":[{"href":"https:\/\/www.myaquastore.com\/pt-br\/wp-json\/wp\/v2\/product"}],"about":[{"href":"https:\/\/www.myaquastore.com\/pt-br\/wp-json\/wp\/v2\/types\/product"}],"replies":[{"embeddable":true,"href":"https:\/\/www.myaquastore.com\/pt-br\/wp-json\/wp\/v2\/comments?post=35207"}],"wp:featuredmedia":[{"embeddable":true,"href":"https:\/\/www.myaquastore.com\/pt-br\/wp-json\/wp\/v2\/media\/4761"}],"wp:attachment":[{"href":"https:\/\/www.myaquastore.com\/pt-br\/wp-json\/wp\/v2\/media?parent=35207"}],"wp:term":[{"taxonomy":"product_brand","embeddable":true,"href":"https:\/\/www.myaquastore.com\/pt-br\/wp-json\/wp\/v2\/product_brand?post=35207"},{"taxonomy":"product_cat","embeddable":true,"href":"https:\/\/www.myaquastore.com\/pt-br\/wp-json\/wp\/v2\/product_cat?post=35207"},{"taxonomy":"product_tag","embeddable":true,"href":"https:\/\/www.myaquastore.com\/pt-br\/wp-json\/wp\/v2\/product_tag?post=35207"}],"curies":[{"name":"wp","href":"https:\/\/api.w.org\/{rel}","templated":true}]}}