{"id":35208,"date":"2016-09-25T23:28:16","date_gmt":"2016-09-25T23:28:16","guid":{"rendered":"https:\/\/www.myaquastore.com\/product\/luz-t5-para-aquario-fashion-atman-30w\/"},"modified":"2025-03-16T08:36:44","modified_gmt":"2025-03-16T08:36:44","slug":"luz-t5-para-aquario-fashion-atman-30w","status":"publish","type":"product","link":"https:\/\/www.myaquastore.com\/pt-br\/produto\/luz-t5-para-aquario-fashion-atman-30w\/","title":{"rendered":"Luz t5 para aqu\u00e1rio fashion Atman 30W"},"content":{"rendered":"<article class=\"article richtext richtext-detail AE:disable\" id=\"richTextContainer\">\n<h2 class=\"article-title\">Especifica\u00e7\u00f5es<\/h2>\n<div style=\"clear:both\"> 30W Atman moda aqu\u00e1rio t5 luz <br \/>1.Ajuste para \u00e1gua doce e marinha <br \/>2.Importe borracha do Jap\u00e3o, \u00e0 prova de ar e segura<br \/>3. luz suficiente <\/p>\n<div style=\"clear:both\">\n<p><span style=\"font-size: 9pt;font-family: Verdana\">30W Atman fashion Aquarium t5 light <\/span><\/p>\n<p><span style=\"font-size: 9pt;color: black;font-family: Verdana\"> <\/span><span style=\"font-size: 9pt\">1. Funciona perfeitamente com aqu\u00e1rios premium MiniEco e tamb\u00e9m funciona bem com outros tanques.<br \/>2. Serve para aqu\u00e1rios sem moldura com espessura de vidro de 4-6mm, ou aqu\u00e1rios com molduras cuja largura \u00e9 inferior a 450mm<br \/>3. Equipado com uma l\u00e2mpada economizadora de energia e real\u00e7a as cores naturais brilhantes dos peixes ornamentais.<br \/>4. Com bra\u00e7o girat\u00f3rio para o \u00e2ngulo ideal e f\u00e1cil de ligar e desligar simplesmente girando. Verdana;&#8221;&gt;6.colors:vermelho,branco,azul<\/span><\/p>\n<\/p>\n<div style=\"clear:both\"><\/article>\n","protected":false},"excerpt":{"rendered":"<p>Luz t5 para aqu\u00e1rio fashion Atman 30W<\/p>\n","protected":false},"featured_media":4763,"comment_status":"open","ping_status":"closed","template":"","meta":[],"product_brand":[],"product_cat":[627],"product_tag":[],"class_list":{"0":"post-35208","1":"product","2":"type-product","3":"status-publish","4":"has-post-thumbnail","6":"product_cat-filtros-de-aquario","8":"first","9":"instock","10":"shipping-taxable","11":"purchasable","12":"product-type-simple"},"_links":{"self":[{"href":"https:\/\/www.myaquastore.com\/pt-br\/wp-json\/wp\/v2\/product\/35208","targetHints":{"allow":["GET"]}}],"collection":[{"href":"https:\/\/www.myaquastore.com\/pt-br\/wp-json\/wp\/v2\/product"}],"about":[{"href":"https:\/\/www.myaquastore.com\/pt-br\/wp-json\/wp\/v2\/types\/product"}],"replies":[{"embeddable":true,"href":"https:\/\/www.myaquastore.com\/pt-br\/wp-json\/wp\/v2\/comments?post=35208"}],"wp:featuredmedia":[{"embeddable":true,"href":"https:\/\/www.myaquastore.com\/pt-br\/wp-json\/wp\/v2\/media\/4763"}],"wp:attachment":[{"href":"https:\/\/www.myaquastore.com\/pt-br\/wp-json\/wp\/v2\/media?parent=35208"}],"wp:term":[{"taxonomy":"product_brand","embeddable":true,"href":"https:\/\/www.myaquastore.com\/pt-br\/wp-json\/wp\/v2\/product_brand?post=35208"},{"taxonomy":"product_cat","embeddable":true,"href":"https:\/\/www.myaquastore.com\/pt-br\/wp-json\/wp\/v2\/product_cat?post=35208"},{"taxonomy":"product_tag","embeddable":true,"href":"https:\/\/www.myaquastore.com\/pt-br\/wp-json\/wp\/v2\/product_tag?post=35208"}],"curies":[{"name":"wp","href":"https:\/\/api.w.org\/{rel}","templated":true}]}}