{"id":35209,"date":"2016-09-25T23:28:16","date_gmt":"2016-09-25T23:28:16","guid":{"rendered":"https:\/\/www.myaquastore.com\/product\/7w-nova-luz-de-aquario-atman-fashion-t8\/"},"modified":"2025-03-16T08:36:44","modified_gmt":"2025-03-16T08:36:44","slug":"7w-nova-luz-de-aquario-atman-fashion-t8","status":"publish","type":"product","link":"https:\/\/www.myaquastore.com\/pt-br\/produto\/7w-nova-luz-de-aquario-atman-fashion-t8\/","title":{"rendered":"7W nova luz de aqu\u00e1rio Atman fashion t8"},"content":{"rendered":"<article class=\"article richtext richtext-detail AE:disable\" id=\"richTextContainer\">\n<h2 class=\"article-title\">Especifica\u00e7\u00f5es<\/h2>\n<div style=\"clear:both\"> 7W nova luz de aqu\u00e1rio Atman fashion t8 <br \/>1.Com bra\u00e7o girat\u00f3rio para o \u00e2ngulo ideal, conveniente ligar\/desligar simplesmente girando. <br \/>2.safe <\/p>\n<div style=\"clear:both\">\n<p> 7W nova luz de aqu\u00e1rio Atman fashion t8<br \/> 1. Funciona perfeitamente com aqu\u00e1rios premium MiniEco e tamb\u00e9m funciona bem com outros tanques.<br \/>2. Serve para aqu\u00e1rios sem moldura com espessura de vidro de 4-6mm, ou aqu\u00e1rios com molduras cuja largura \u00e9 inferior a 450mm<br \/>3. Equipado com uma l\u00e2mpada economizadora de energia e real\u00e7a as cores naturais brilhantes dos peixes ornamentais.<br \/>4. Com bra\u00e7o girat\u00f3rio para o \u00e2ngulo ideal e f\u00e1cil de ligar e desligar simplesmente girando.<\/p>\n<p>5.embalagem:12 pe\u00e7as\/caixa<\/p>\n<p>6.cores:vermelho,branco,azul<\/p>\n<div style=\"clear:both\"><\/article>\n","protected":false},"excerpt":{"rendered":"<p>7W nova luz de aqu\u00e1rio Atman fashion t8<\/p>\n","protected":false},"featured_media":4765,"comment_status":"open","ping_status":"closed","template":"","meta":[],"product_brand":[],"product_cat":[627],"product_tag":[],"class_list":{"0":"post-35209","1":"product","2":"type-product","3":"status-publish","4":"has-post-thumbnail","6":"product_cat-filtros-de-aquario","8":"first","9":"instock","10":"shipping-taxable","11":"purchasable","12":"product-type-simple"},"_links":{"self":[{"href":"https:\/\/www.myaquastore.com\/pt-br\/wp-json\/wp\/v2\/product\/35209","targetHints":{"allow":["GET"]}}],"collection":[{"href":"https:\/\/www.myaquastore.com\/pt-br\/wp-json\/wp\/v2\/product"}],"about":[{"href":"https:\/\/www.myaquastore.com\/pt-br\/wp-json\/wp\/v2\/types\/product"}],"replies":[{"embeddable":true,"href":"https:\/\/www.myaquastore.com\/pt-br\/wp-json\/wp\/v2\/comments?post=35209"}],"wp:featuredmedia":[{"embeddable":true,"href":"https:\/\/www.myaquastore.com\/pt-br\/wp-json\/wp\/v2\/media\/4765"}],"wp:attachment":[{"href":"https:\/\/www.myaquastore.com\/pt-br\/wp-json\/wp\/v2\/media?parent=35209"}],"wp:term":[{"taxonomy":"product_brand","embeddable":true,"href":"https:\/\/www.myaquastore.com\/pt-br\/wp-json\/wp\/v2\/product_brand?post=35209"},{"taxonomy":"product_cat","embeddable":true,"href":"https:\/\/www.myaquastore.com\/pt-br\/wp-json\/wp\/v2\/product_cat?post=35209"},{"taxonomy":"product_tag","embeddable":true,"href":"https:\/\/www.myaquastore.com\/pt-br\/wp-json\/wp\/v2\/product_tag?post=35209"}],"curies":[{"name":"wp","href":"https:\/\/api.w.org\/{rel}","templated":true}]}}