{"id":35211,"date":"2016-09-25T23:28:16","date_gmt":"2016-09-25T23:28:16","guid":{"rendered":"https:\/\/www.myaquastore.com\/product\/recipiente-de-filtro-externo-boyu-fef280\/"},"modified":"2025-03-16T08:36:45","modified_gmt":"2025-03-16T08:36:45","slug":"recipiente-de-filtro-externo-boyu-fef280","status":"publish","type":"product","link":"https:\/\/www.myaquastore.com\/pt-br\/produto\/recipiente-de-filtro-externo-boyu-fef280\/","title":{"rendered":"Recipiente de filtro externo BOYU FEF280"},"content":{"rendered":"<article class=\"article richtext richtext-detail AE:disable\" id=\"richTextContainer\">\n<h2 class=\"article-title\">Especifica\u00e7\u00f5es<\/h2>\n<div style=\"clear:both\"> Recipiente de filtro externo BOYU FEF280 <br \/>1. Adequado para filtragem de tanques de peixes de \u00e1gua doce e marinha <br \/> 2. opera\u00e7\u00e3o f\u00e1cil, bastante <\/p>\n<div style=\"clear:both\">\n<p>Caixa de filtro externo BOYU FEF280 <\/p>\n<p>1. Este aparelho \u00e9 nosso filtro canister externo projetado mais recentemente. possui a caracter\u00edstica de alta efici\u00eancia, grande capacidade e multifuncional: com esteriliza\u00e7\u00e3o UV embutida. <br \/>2. Fun\u00e7\u00e3o de filtragem multicamada, controle de interruptor separado do esterilizador uv.<br \/>3. A entrada e sa\u00edda de \u00e1gua s\u00e3o integradas no controle da v\u00e1lvula, f\u00e1ceis de manuten\u00e7\u00e3o.<\/p>\n<p><span style=\"color: #243f7d\"><span style=\"color: #000066\"><span style=\"color: #333333\">4.Adequado para filtragem de aqu\u00e1rios de \u00e1gua marinha e doce<\/span><\/span><\/span><\/p>\n<p><span style=\"color: #243f7d\"><span style=\"color: #000066\"><span style=\"color: #333333\">4. Integrado em grande fluxo e bomba de alta qualidade, silencioso durante o funcionamento.<br \/>6. Borracha segura ??o?? bra\u00e7adeira de bloqueio de eleva\u00e7\u00e3o do anel e da tampa, livre de vazamentos.<br \/>7. P\u00e9s de borracha para reduzir a vibra\u00e7\u00e3o.<\/span><\/span><\/span><\/p>\n<p><span style=\"color: #243f7d\"><span style=\"color: #000066\"><span style=\"color: #333333\"> <\/span><\/span><\/span><\/p>\n<div style=\"clear:both\"><\/article>\n","protected":false},"excerpt":{"rendered":"<p>Recipiente de filtro externo BOYU FEF280<\/p>\n","protected":false},"featured_media":4769,"comment_status":"open","ping_status":"closed","template":"","meta":[],"product_brand":[],"product_cat":[627],"product_tag":[],"class_list":{"0":"post-35211","1":"product","2":"type-product","3":"status-publish","4":"has-post-thumbnail","6":"product_cat-filtros-de-aquario","8":"first","9":"instock","10":"shipping-taxable","11":"purchasable","12":"product-type-simple"},"_links":{"self":[{"href":"https:\/\/www.myaquastore.com\/pt-br\/wp-json\/wp\/v2\/product\/35211","targetHints":{"allow":["GET"]}}],"collection":[{"href":"https:\/\/www.myaquastore.com\/pt-br\/wp-json\/wp\/v2\/product"}],"about":[{"href":"https:\/\/www.myaquastore.com\/pt-br\/wp-json\/wp\/v2\/types\/product"}],"replies":[{"embeddable":true,"href":"https:\/\/www.myaquastore.com\/pt-br\/wp-json\/wp\/v2\/comments?post=35211"}],"wp:featuredmedia":[{"embeddable":true,"href":"https:\/\/www.myaquastore.com\/pt-br\/wp-json\/wp\/v2\/media\/4769"}],"wp:attachment":[{"href":"https:\/\/www.myaquastore.com\/pt-br\/wp-json\/wp\/v2\/media?parent=35211"}],"wp:term":[{"taxonomy":"product_brand","embeddable":true,"href":"https:\/\/www.myaquastore.com\/pt-br\/wp-json\/wp\/v2\/product_brand?post=35211"},{"taxonomy":"product_cat","embeddable":true,"href":"https:\/\/www.myaquastore.com\/pt-br\/wp-json\/wp\/v2\/product_cat?post=35211"},{"taxonomy":"product_tag","embeddable":true,"href":"https:\/\/www.myaquastore.com\/pt-br\/wp-json\/wp\/v2\/product_tag?post=35211"}],"curies":[{"name":"wp","href":"https:\/\/api.w.org\/{rel}","templated":true}]}}