{"id":35215,"date":"2016-09-25T23:28:16","date_gmt":"2016-09-25T23:28:16","guid":{"rendered":"https:\/\/www.myaquastore.com\/product\/compressor-de-ar-estacionario-poderoso-300w-hailea-aco-300a\/"},"modified":"2025-03-16T08:36:46","modified_gmt":"2025-03-16T08:36:46","slug":"compressor-de-ar-estacionario-poderoso-300w-hailea-aco-300a","status":"publish","type":"product","link":"https:\/\/www.myaquastore.com\/pt-br\/produto\/compressor-de-ar-estacionario-poderoso-300w-hailea-aco-300a\/","title":{"rendered":"Compressor de ar estacion\u00e1rio poderoso 300W HAILEA ACO-300A"},"content":{"rendered":"<article class=\"article richtext richtext-detail AE:disable\" id=\"richTextContainer\">\n<h2 class=\"article-title\">Especifica\u00e7\u00f5es<\/h2>\n<div style=\"clear:both\"> 300W HAILEA poderoso compressor de ar estacion\u00e1rio ACO-300A <br \/>1.a dissipa\u00e7\u00e3o de calor \u00e9 mais eficaz. <br \/>2.mais ar <br \/>3.economia de energia <\/p>\n<div style=\"clear:both\">\n<p align=\"left\">300W HAILEA poderoso compressor de ar estacion\u00e1rio ACO-300A<\/p>\n<p align=\"left\"> 1.A caixa \u00e9 feita de liga de alum\u00ednio ZL 102 de alta qualidade com design aerodin\u00e2mico, a dissipa\u00e7\u00e3o de calor \u00e9 mais eficaz.<\/p>\n<p align=\"left\">2. Acionado por motor magn\u00e9tico el\u00e9trico, adote movimento rec\u00edproco em linha reta para produzir ar e uma estrutura mais razo\u00e1vel. Design sem lubrifica\u00e7\u00e3o a \u00f3leo, o ar comprimido \u00e9 purificado.<\/p>\n<p align=\"left\">\n<\/p>\n<div style=\"clear:both\"><\/article>\n","protected":false},"excerpt":{"rendered":"<p>Compressor de ar estacion\u00e1rio poderoso 300W HAILEA ACO-300A<\/p>\n","protected":false},"featured_media":4777,"comment_status":"open","ping_status":"closed","template":"","meta":[],"product_brand":[],"product_cat":[627],"product_tag":[],"class_list":{"0":"post-35215","1":"product","2":"type-product","3":"status-publish","4":"has-post-thumbnail","6":"product_cat-filtros-de-aquario","8":"first","9":"instock","10":"shipping-taxable","11":"purchasable","12":"product-type-simple"},"_links":{"self":[{"href":"https:\/\/www.myaquastore.com\/pt-br\/wp-json\/wp\/v2\/product\/35215","targetHints":{"allow":["GET"]}}],"collection":[{"href":"https:\/\/www.myaquastore.com\/pt-br\/wp-json\/wp\/v2\/product"}],"about":[{"href":"https:\/\/www.myaquastore.com\/pt-br\/wp-json\/wp\/v2\/types\/product"}],"replies":[{"embeddable":true,"href":"https:\/\/www.myaquastore.com\/pt-br\/wp-json\/wp\/v2\/comments?post=35215"}],"wp:featuredmedia":[{"embeddable":true,"href":"https:\/\/www.myaquastore.com\/pt-br\/wp-json\/wp\/v2\/media\/4777"}],"wp:attachment":[{"href":"https:\/\/www.myaquastore.com\/pt-br\/wp-json\/wp\/v2\/media?parent=35215"}],"wp:term":[{"taxonomy":"product_brand","embeddable":true,"href":"https:\/\/www.myaquastore.com\/pt-br\/wp-json\/wp\/v2\/product_brand?post=35215"},{"taxonomy":"product_cat","embeddable":true,"href":"https:\/\/www.myaquastore.com\/pt-br\/wp-json\/wp\/v2\/product_cat?post=35215"},{"taxonomy":"product_tag","embeddable":true,"href":"https:\/\/www.myaquastore.com\/pt-br\/wp-json\/wp\/v2\/product_tag?post=35215"}],"curies":[{"name":"wp","href":"https:\/\/api.w.org\/{rel}","templated":true}]}}