{"id":35231,"date":"2016-09-25T23:28:16","date_gmt":"2016-09-25T23:28:16","guid":{"rendered":"https:\/\/www.myaquastore.com\/product\/bombas-de-agua-multifuncionais-boyu-com-economia-de-energia-de-5-w-mais-vendidas-sp700\/"},"modified":"2025-03-16T08:36:49","modified_gmt":"2025-03-16T08:36:49","slug":"bombas-de-agua-multifuncionais-boyu-com-economia-de-energia-de-5-w-mais-vendidas-sp700","status":"publish","type":"product","link":"https:\/\/www.myaquastore.com\/pt-br\/produto\/bombas-de-agua-multifuncionais-boyu-com-economia-de-energia-de-5-w-mais-vendidas-sp700\/","title":{"rendered":"Bombas de \u00e1gua multifuncionais BOYU com economia de energia de 5 W mais vendidas SP700"},"content":{"rendered":"<article class=\"article richtext richtext-detail AE:disable\" id=\"richTextContainer\">\n<div style=\"clear:both\">\n<p><span style=\"font-family: 'times new roman', times;font-size: 24px\"> best-seller 5W nova economia de energia BOYU Bombas de \u00e1gua multifuncionais SP700<\/span><\/p>\n<p><span style=\"font-family: 'times new roman', times;font-size: 24px\">1.O motor e a bomba s\u00e3o melhor projetados para bom desempenho e alta efici\u00eancia<\/span><\/p>\n<p><span style=\"font-family: 'times new roman', times;font-size: 24px\">2.A h\u00e9lice em espiral permite o tamanho da part\u00edcula de sujeira de at\u00e9 6mm.<\/span><\/p>\n<p><span style=\"font-family: 'times new roman', times;24px\">3.Rolamentos cer\u00e2micos usados \u200b\u200bpara opera\u00e7\u00e3o segura e menor ru\u00eddo.<\/span><\/p>\n<p><span style=\"font-family: 'times new roman', times;font-size: 24px\">4.F\u00e1cil configura\u00e7\u00e3o e manuten\u00e7\u00e3o.<\/span><\/p>\n<p><span style=\"font-family: 'times new roman', times;24px\">5.Par\u00e2metros(220V~240V 50Hz)<\/span><\/p>\n<p><span style=\"font-family: 'times new roman', times;font-size: 24px\">6. Sua capa frontal pode funcionar como um filtro e \u00e9 f\u00e1cil de desconectar.<\/span><\/p>\n<div style=\"clear:both\"><\/article>\n","protected":false},"excerpt":{"rendered":"<p>Bombas de \u00e1gua multifuncionais BOYU com economia de energia de 5 W mais vendidas SP700<\/p>\n","protected":false},"featured_media":4809,"comment_status":"open","ping_status":"closed","template":"","meta":[],"product_brand":[],"product_cat":[627],"product_tag":[],"class_list":{"0":"post-35231","1":"product","2":"type-product","3":"status-publish","4":"has-post-thumbnail","6":"product_cat-filtros-de-aquario","8":"first","9":"instock","10":"shipping-taxable","11":"purchasable","12":"product-type-simple"},"_links":{"self":[{"href":"https:\/\/www.myaquastore.com\/pt-br\/wp-json\/wp\/v2\/product\/35231","targetHints":{"allow":["GET"]}}],"collection":[{"href":"https:\/\/www.myaquastore.com\/pt-br\/wp-json\/wp\/v2\/product"}],"about":[{"href":"https:\/\/www.myaquastore.com\/pt-br\/wp-json\/wp\/v2\/types\/product"}],"replies":[{"embeddable":true,"href":"https:\/\/www.myaquastore.com\/pt-br\/wp-json\/wp\/v2\/comments?post=35231"}],"wp:featuredmedia":[{"embeddable":true,"href":"https:\/\/www.myaquastore.com\/pt-br\/wp-json\/wp\/v2\/media\/4809"}],"wp:attachment":[{"href":"https:\/\/www.myaquastore.com\/pt-br\/wp-json\/wp\/v2\/media?parent=35231"}],"wp:term":[{"taxonomy":"product_brand","embeddable":true,"href":"https:\/\/www.myaquastore.com\/pt-br\/wp-json\/wp\/v2\/product_brand?post=35231"},{"taxonomy":"product_cat","embeddable":true,"href":"https:\/\/www.myaquastore.com\/pt-br\/wp-json\/wp\/v2\/product_cat?post=35231"},{"taxonomy":"product_tag","embeddable":true,"href":"https:\/\/www.myaquastore.com\/pt-br\/wp-json\/wp\/v2\/product_tag?post=35231"}],"curies":[{"name":"wp","href":"https:\/\/api.w.org\/{rel}","templated":true}]}}