{"id":35244,"date":"2016-09-25T23:28:17","date_gmt":"2016-09-25T23:28:17","guid":{"rendered":"https:\/\/www.myaquastore.com\/product\/bomba-de-ar-para-aquario-3w-atman-super-bastante-cr-10\/"},"modified":"2025-03-16T08:36:52","modified_gmt":"2025-03-16T08:36:52","slug":"bomba-de-ar-para-aquario-3w-atman-super-bastante-cr-10","status":"publish","type":"product","link":"https:\/\/www.myaquastore.com\/pt-br\/produto\/bomba-de-ar-para-aquario-3w-atman-super-bastante-cr-10\/","title":{"rendered":"Bomba de ar para aqu\u00e1rio 3w \u200b\u200bAtman super bastante CR-10"},"content":{"rendered":"<article class=\"article richtext richtext-detail AE:disable\" id=\"richTextContainer\">\n<div style=\"clear:both\">\n<p><span style=\"font-family: 'times new roman', times;font-size: 24px\"> 3w Atman super bastante bomba de ar para aqu\u00e1rio CR-10 <\/span><\/p>\n<p><span style=\"font-family: 'times new roman', times;font-size: 24px\">1. ru\u00eddo extremamente baixo.<\/span><\/p>\n<p><span style=\"font-family: 'times new roman', times;font-size: 24px\">2 sa\u00edda de ar e press\u00e3o constantes.<\/span><\/p>\n<p>&lt;span style=&quot;font-family: &#039;times new roman&#039;, times; longa vida \u00fatil e aquisi\u00e7\u00e3o do melhor efeito com menor consumo de energia<\/span><\/p>\n<p><span style=\"font-family: 'times new roman', times;font-size: 24px\">4. Sa\u00edda de ar alta<\/span><\/p>\n<p><span style=\"font-family: 'times new roman', times\">5.embalagem:60 pe\u00e7as\/caixa<\/span><\/p>\n<p><span style=\"font-family: 'times new roman', times;font-size: 24px\">6.power \u00e9 3w<\/span><\/p>\n<p><span style=\"font-family: 'times new roman', times;font-size: 24px\">7.max flow \u00e9 1,2L\/min<\/span><\/p>\n<div style=\"clear:both\"><\/article>\n","protected":false},"excerpt":{"rendered":"<p>Bomba de ar para aqu\u00e1rio 3w \u200b\u200bAtman super bastante CR-10<\/p>\n","protected":false},"featured_media":4835,"comment_status":"open","ping_status":"closed","template":"","meta":[],"product_brand":[],"product_cat":[627],"product_tag":[],"class_list":{"0":"post-35244","1":"product","2":"type-product","3":"status-publish","4":"has-post-thumbnail","6":"product_cat-filtros-de-aquario","8":"first","9":"instock","10":"shipping-taxable","11":"purchasable","12":"product-type-simple"},"_links":{"self":[{"href":"https:\/\/www.myaquastore.com\/pt-br\/wp-json\/wp\/v2\/product\/35244","targetHints":{"allow":["GET"]}}],"collection":[{"href":"https:\/\/www.myaquastore.com\/pt-br\/wp-json\/wp\/v2\/product"}],"about":[{"href":"https:\/\/www.myaquastore.com\/pt-br\/wp-json\/wp\/v2\/types\/product"}],"replies":[{"embeddable":true,"href":"https:\/\/www.myaquastore.com\/pt-br\/wp-json\/wp\/v2\/comments?post=35244"}],"wp:featuredmedia":[{"embeddable":true,"href":"https:\/\/www.myaquastore.com\/pt-br\/wp-json\/wp\/v2\/media\/4835"}],"wp:attachment":[{"href":"https:\/\/www.myaquastore.com\/pt-br\/wp-json\/wp\/v2\/media?parent=35244"}],"wp:term":[{"taxonomy":"product_brand","embeddable":true,"href":"https:\/\/www.myaquastore.com\/pt-br\/wp-json\/wp\/v2\/product_brand?post=35244"},{"taxonomy":"product_cat","embeddable":true,"href":"https:\/\/www.myaquastore.com\/pt-br\/wp-json\/wp\/v2\/product_cat?post=35244"},{"taxonomy":"product_tag","embeddable":true,"href":"https:\/\/www.myaquastore.com\/pt-br\/wp-json\/wp\/v2\/product_tag?post=35244"}],"curies":[{"name":"wp","href":"https:\/\/api.w.org\/{rel}","templated":true}]}}