{"id":35259,"date":"2016-09-25T23:28:17","date_gmt":"2016-09-25T23:28:17","guid":{"rendered":"https:\/\/www.myaquastore.com\/product\/mini-bomba-de-ar-silenciosa-hailea-aco2208\/"},"modified":"2025-03-16T08:36:56","modified_gmt":"2025-03-16T08:36:56","slug":"mini-bomba-de-ar-silenciosa-hailea-aco2208","status":"publish","type":"product","link":"https:\/\/www.myaquastore.com\/pt-br\/produto\/mini-bomba-de-ar-silenciosa-hailea-aco2208\/","title":{"rendered":"mini bomba de ar silenciosa HAILEA ACO2208"},"content":{"rendered":"<article class=\"article richtext richtext-detail AE:disable\" id=\"richTextContainer\">\n<h2 class=\"article-title\">Especifica\u00e7\u00f5es<\/h2>\n<div style=\"clear:both\"> mini bomba de ar silenciosa HAILEA ACO2208 <br \/>1 longa vida \u00fatil <br \/>2 bastante, economia de energia <br \/>3 sa\u00edda e press\u00e3o de ar constantes <br \/>4 f\u00e1cil configura\u00e7\u00e3o <\/p>\n<div style=\"clear:both\">\n<p>mini bomba de ar silenciosa HAILEA ACO2208<br \/> 1. possui sistema avan\u00e7ado de compress\u00e3o de ar, sistema de amortecimento e silenciador multin\u00edvel que \u00e9 extremamente baixo em ru\u00eddo. pontos de venda<\/p>\n<div style=\"clear:both\"><\/article>\n","protected":false},"excerpt":{"rendered":"<p>mini bomba de ar silenciosa HAILEA ACO2208<\/p>\n","protected":false},"featured_media":4864,"comment_status":"open","ping_status":"closed","template":"","meta":[],"product_brand":[],"product_cat":[627],"product_tag":[],"class_list":{"0":"post-35259","1":"product","2":"type-product","3":"status-publish","4":"has-post-thumbnail","6":"product_cat-filtros-de-aquario","8":"first","9":"instock","10":"shipping-taxable","11":"purchasable","12":"product-type-simple"},"_links":{"self":[{"href":"https:\/\/www.myaquastore.com\/pt-br\/wp-json\/wp\/v2\/product\/35259","targetHints":{"allow":["GET"]}}],"collection":[{"href":"https:\/\/www.myaquastore.com\/pt-br\/wp-json\/wp\/v2\/product"}],"about":[{"href":"https:\/\/www.myaquastore.com\/pt-br\/wp-json\/wp\/v2\/types\/product"}],"replies":[{"embeddable":true,"href":"https:\/\/www.myaquastore.com\/pt-br\/wp-json\/wp\/v2\/comments?post=35259"}],"wp:featuredmedia":[{"embeddable":true,"href":"https:\/\/www.myaquastore.com\/pt-br\/wp-json\/wp\/v2\/media\/4864"}],"wp:attachment":[{"href":"https:\/\/www.myaquastore.com\/pt-br\/wp-json\/wp\/v2\/media?parent=35259"}],"wp:term":[{"taxonomy":"product_brand","embeddable":true,"href":"https:\/\/www.myaquastore.com\/pt-br\/wp-json\/wp\/v2\/product_brand?post=35259"},{"taxonomy":"product_cat","embeddable":true,"href":"https:\/\/www.myaquastore.com\/pt-br\/wp-json\/wp\/v2\/product_cat?post=35259"},{"taxonomy":"product_tag","embeddable":true,"href":"https:\/\/www.myaquastore.com\/pt-br\/wp-json\/wp\/v2\/product_tag?post=35259"}],"curies":[{"name":"wp","href":"https:\/\/api.w.org\/{rel}","templated":true}]}}