{"id":35263,"date":"2016-09-25T23:28:17","date_gmt":"2016-09-25T23:28:17","guid":{"rendered":"https:\/\/www.myaquastore.com\/product\/mini-bomba-de-ar-para-aquario-hailea-aco-2203\/"},"modified":"2025-03-16T08:36:57","modified_gmt":"2025-03-16T08:36:57","slug":"mini-bomba-de-ar-para-aquario-hailea-aco-2203","status":"publish","type":"product","link":"https:\/\/www.myaquastore.com\/pt-br\/produto\/mini-bomba-de-ar-para-aquario-hailea-aco-2203\/","title":{"rendered":"mini bomba de ar para aqu\u00e1rio HAILEA ACO-2203"},"content":{"rendered":"<article class=\"article richtext richtext-detail AE:disable\" id=\"richTextContainer\">\n<h2 class=\"article-title\">Especifica\u00e7\u00f5es<\/h2>\n<div style=\"clear:both\"> mini bomba de ar para aqu\u00e1rio HAILEA ACO-2203 <br \/>1 longa vida \u00fatil <br \/>2 bastante <br \/>3 sa\u00edda e press\u00e3o de ar constantes <br \/>4 in\u00edcio f\u00e1cil <\/p>\n<div style=\"clear:both\">\n<p>mini bomba de ar para aqu\u00e1rio HAILEA ACO-2203<\/p>\n<p>1. possuem sistema avan\u00e7ado de compress\u00e3o de ar, sistema de amortecimento e silenciador multin\u00edvel que \u00e9 extremamente baixo em ru\u00eddo.<\/p>\n","protected":false},"excerpt":{"rendered":"<p>mini bomba de ar para aqu\u00e1rio HAILEA ACO-2203<\/p>\n","protected":false},"featured_media":4871,"comment_status":"open","ping_status":"closed","template":"","meta":[],"product_brand":[],"product_cat":[627],"product_tag":[],"class_list":{"0":"post-35263","1":"product","2":"type-product","3":"status-publish","4":"has-post-thumbnail","6":"product_cat-filtros-de-aquario","8":"first","9":"instock","10":"shipping-taxable","11":"purchasable","12":"product-type-simple"},"_links":{"self":[{"href":"https:\/\/www.myaquastore.com\/pt-br\/wp-json\/wp\/v2\/product\/35263","targetHints":{"allow":["GET"]}}],"collection":[{"href":"https:\/\/www.myaquastore.com\/pt-br\/wp-json\/wp\/v2\/product"}],"about":[{"href":"https:\/\/www.myaquastore.com\/pt-br\/wp-json\/wp\/v2\/types\/product"}],"replies":[{"embeddable":true,"href":"https:\/\/www.myaquastore.com\/pt-br\/wp-json\/wp\/v2\/comments?post=35263"}],"wp:featuredmedia":[{"embeddable":true,"href":"https:\/\/www.myaquastore.com\/pt-br\/wp-json\/wp\/v2\/media\/4871"}],"wp:attachment":[{"href":"https:\/\/www.myaquastore.com\/pt-br\/wp-json\/wp\/v2\/media?parent=35263"}],"wp:term":[{"taxonomy":"product_brand","embeddable":true,"href":"https:\/\/www.myaquastore.com\/pt-br\/wp-json\/wp\/v2\/product_brand?post=35263"},{"taxonomy":"product_cat","embeddable":true,"href":"https:\/\/www.myaquastore.com\/pt-br\/wp-json\/wp\/v2\/product_cat?post=35263"},{"taxonomy":"product_tag","embeddable":true,"href":"https:\/\/www.myaquastore.com\/pt-br\/wp-json\/wp\/v2\/product_tag?post=35263"}],"curies":[{"name":"wp","href":"https:\/\/api.w.org\/{rel}","templated":true}]}}