{"id":35267,"date":"2016-09-25T23:28:17","date_gmt":"2016-09-25T23:28:17","guid":{"rendered":"https:\/\/www.myaquastore.com\/product\/lampada-uv-para-aquario-5w-350l-h-jebo-uv-h5\/"},"modified":"2025-03-16T08:36:58","modified_gmt":"2025-03-16T08:36:58","slug":"lampada-uv-para-aquario-5w-350l-h-jebo-uv-h5","status":"publish","type":"product","link":"https:\/\/www.myaquastore.com\/pt-br\/produto\/lampada-uv-para-aquario-5w-350l-h-jebo-uv-h5\/","title":{"rendered":"L\u00e2mpada UV para aqu\u00e1rio 5W 350L\/H JEBO UV-H5"},"content":{"rendered":"<article class=\"article richtext richtext-detail AE:disable\" id=\"richTextContainer\">\n<div style=\"clear:both\">\n<p><span style=\"font-family: 'times new roman', times;font-size: 24px\"> l\u00e2mpada uv de aqu\u00e1rio JEBO 5W 350L\/H UV-H5 <\/span><\/p>\n<p><span style=\"font-family: 'times new roman', vezes\">1. seguro, tranquilo e f\u00e1cil de configurar<\/span><br \/><span style=\"font-family: 'times new roman', times;font-size: 24px\">2. forte poder de esteriliza\u00e7\u00e3o<\/span><\/p>\n<p><span style=\"font-family: 'times new roman', times\">3. embalagem: 6 pe\u00e7as\/caixa<\/span><\/p>\n<p><span style=\"font-family: 'times new roman', times\">4.Uso:aqu\u00e1rio uv esteriliza\u00e7\u00e3o<\/span><\/p>\n<p><span style=\"font-family: 'times new roman', times;font-size: 24px\">5.fluxo de \u00e1gua m\u00e1ximo: 350L\/H<\/span><\/p>\n<\/p>\n<div style=\"clear:both\"><\/article>\n","protected":false},"excerpt":{"rendered":"<p>L\u00e2mpada UV para aqu\u00e1rio 5W 350L\/H JEBO UV-H5<\/p>\n","protected":false},"featured_media":4879,"comment_status":"open","ping_status":"closed","template":"","meta":[],"product_brand":[],"product_cat":[627],"product_tag":[],"class_list":{"0":"post-35267","1":"product","2":"type-product","3":"status-publish","4":"has-post-thumbnail","6":"product_cat-filtros-de-aquario","8":"first","9":"instock","10":"shipping-taxable","11":"purchasable","12":"product-type-simple"},"_links":{"self":[{"href":"https:\/\/www.myaquastore.com\/pt-br\/wp-json\/wp\/v2\/product\/35267","targetHints":{"allow":["GET"]}}],"collection":[{"href":"https:\/\/www.myaquastore.com\/pt-br\/wp-json\/wp\/v2\/product"}],"about":[{"href":"https:\/\/www.myaquastore.com\/pt-br\/wp-json\/wp\/v2\/types\/product"}],"replies":[{"embeddable":true,"href":"https:\/\/www.myaquastore.com\/pt-br\/wp-json\/wp\/v2\/comments?post=35267"}],"wp:featuredmedia":[{"embeddable":true,"href":"https:\/\/www.myaquastore.com\/pt-br\/wp-json\/wp\/v2\/media\/4879"}],"wp:attachment":[{"href":"https:\/\/www.myaquastore.com\/pt-br\/wp-json\/wp\/v2\/media?parent=35267"}],"wp:term":[{"taxonomy":"product_brand","embeddable":true,"href":"https:\/\/www.myaquastore.com\/pt-br\/wp-json\/wp\/v2\/product_brand?post=35267"},{"taxonomy":"product_cat","embeddable":true,"href":"https:\/\/www.myaquastore.com\/pt-br\/wp-json\/wp\/v2\/product_cat?post=35267"},{"taxonomy":"product_tag","embeddable":true,"href":"https:\/\/www.myaquastore.com\/pt-br\/wp-json\/wp\/v2\/product_tag?post=35267"}],"curies":[{"name":"wp","href":"https:\/\/api.w.org\/{rel}","templated":true}]}}