{"id":35294,"date":"2016-09-25T23:28:18","date_gmt":"2016-09-25T23:28:18","guid":{"rendered":"https:\/\/www.myaquastore.com\/product\/filtro-canister-externo-para-aquario-boyu-15w-ef15\/"},"modified":"2025-03-16T08:37:05","modified_gmt":"2025-03-16T08:37:05","slug":"filtro-canister-externo-para-aquario-boyu-15w-ef15","status":"publish","type":"product","link":"https:\/\/www.myaquastore.com\/pt-br\/produto\/filtro-canister-externo-para-aquario-boyu-15w-ef15\/","title":{"rendered":"Filtro canister externo para aqu\u00e1rio BOYU 15W EF15"},"content":{"rendered":"<article class=\"article richtext richtext-detail AE:disable\" id=\"richTextContainer\">\n<div style=\"clear:both\">\n<p><span style=\"font-family: 'times new roman', times;font-size: 24px\"> Filtro de recipiente externo para aqu\u00e1rio BOYU 15W EF15 <\/span><\/p>\n<p><span style=\"font-family: 'times new roman', times;font-size: 24px\">1. Este aparelho \u00e9 nosso filtro canister externo projetado mais recentemente. possui a caracter\u00edstica de alta efici\u00eancia, grande capacidade e multifuncional: com esteriliza\u00e7\u00e3o UV embutida. <\/span><br \/><span style=\"font-family: 'times new roman', times;font-size: 24px\">2. Fun\u00e7\u00e3o de filtragem multicamadas, controle de interruptor separado do esterilizador uv.<\/span><br \/><span style=\"font-family: 'times new roman', times;font-size: 24px\">3. A entrada e sa\u00edda de \u00e1gua s\u00e3o integradas no controle da v\u00e1lvula, f\u00e1ceis de manuten\u00e7\u00e3o.<\/span><\/p>\n<p><span style=\"color: #243f7d;font-family: 'times new roman', times;font-size: 24px\"><span style=\"color: #000066\"><span style=\"color: #333333\">4.Adequado para aqu\u00e1rios marinhos e de \u00e1gua doce filtragem<\/span><\/span><\/span><\/p>\n<p><span style=\"color: #243f7d;font-family: 'times new roman', times;font-size: 24px\"><span style=\"color: #000066\"><span style=\"color: #333333\">5.a embalagem \u00e9 de 2 pe\u00e7as\/caixa <\/span><\/span><\/span><\/p>\n<div style=\"clear:both\"><\/article>\n","protected":false},"excerpt":{"rendered":"<p>Filtro canister externo para aqu\u00e1rio BOYU 15W EF15<\/p>\n","protected":false},"featured_media":4933,"comment_status":"open","ping_status":"closed","template":"","meta":[],"product_brand":[],"product_cat":[627],"product_tag":[],"class_list":{"0":"post-35294","1":"product","2":"type-product","3":"status-publish","4":"has-post-thumbnail","6":"product_cat-filtros-de-aquario","8":"first","9":"instock","10":"shipping-taxable","11":"purchasable","12":"product-type-simple"},"_links":{"self":[{"href":"https:\/\/www.myaquastore.com\/pt-br\/wp-json\/wp\/v2\/product\/35294","targetHints":{"allow":["GET"]}}],"collection":[{"href":"https:\/\/www.myaquastore.com\/pt-br\/wp-json\/wp\/v2\/product"}],"about":[{"href":"https:\/\/www.myaquastore.com\/pt-br\/wp-json\/wp\/v2\/types\/product"}],"replies":[{"embeddable":true,"href":"https:\/\/www.myaquastore.com\/pt-br\/wp-json\/wp\/v2\/comments?post=35294"}],"wp:featuredmedia":[{"embeddable":true,"href":"https:\/\/www.myaquastore.com\/pt-br\/wp-json\/wp\/v2\/media\/4933"}],"wp:attachment":[{"href":"https:\/\/www.myaquastore.com\/pt-br\/wp-json\/wp\/v2\/media?parent=35294"}],"wp:term":[{"taxonomy":"product_brand","embeddable":true,"href":"https:\/\/www.myaquastore.com\/pt-br\/wp-json\/wp\/v2\/product_brand?post=35294"},{"taxonomy":"product_cat","embeddable":true,"href":"https:\/\/www.myaquastore.com\/pt-br\/wp-json\/wp\/v2\/product_cat?post=35294"},{"taxonomy":"product_tag","embeddable":true,"href":"https:\/\/www.myaquastore.com\/pt-br\/wp-json\/wp\/v2\/product_tag?post=35294"}],"curies":[{"name":"wp","href":"https:\/\/api.w.org\/{rel}","templated":true}]}}