{"id":35297,"date":"2016-09-25T23:28:18","date_gmt":"2016-09-25T23:28:18","guid":{"rendered":"https:\/\/www.myaquastore.com\/product\/novo-skimmer-boyu-com-bomba-dg2520\/"},"modified":"2025-03-16T08:37:05","modified_gmt":"2025-03-16T08:37:05","slug":"novo-skimmer-boyu-com-bomba-dg2520","status":"publish","type":"product","link":"https:\/\/www.myaquastore.com\/pt-br\/produto\/novo-skimmer-boyu-com-bomba-dg2520\/","title":{"rendered":"novo skimmer BOYU com bomba DG2520"},"content":{"rendered":"<article class=\"article richtext richtext-detail AE:disable\" id=\"richTextContainer\">\n<h2 class=\"article-title\">Especifica\u00e7\u00f5es<\/h2>\n<div style=\"clear:both\"> novo skimmer de prote\u00edna BOYU com bomba DG2520 <br \/>1.Imite a zoologia natural<br \/>2.Seguro e confi\u00e1vel com dispositivo interno para evitar superaquecimento<\/p>\n<div style=\"clear:both\">\n<p>Novo skimmer BOYU com bomba DG2520<\/p>\n<ol>\n<li>Imita\u00e7\u00e3o da zoologia natural.<\/li>\n<li>Qualidade segura e confi\u00e1vel com dispositivo na lateral para evitar superaquecimento.<\/li>\n<li>Elimina perfeitamente prote\u00ednas e compostos org\u00e2nicos.<\/li>\n<li>Montar e desmontar facilmente para limpeza.<\/li>\n<li>Design de integra\u00e7\u00e3o, m\u00faltiplas patentes tecnologia<\/li>\n<\/ol>\n<div style=\"clear:both\"><\/article>\n","protected":false},"excerpt":{"rendered":"<p>novo skimmer BOYU com bomba DG2520<\/p>\n","protected":false},"featured_media":4939,"comment_status":"open","ping_status":"closed","template":"","meta":[],"product_brand":[],"product_cat":[627],"product_tag":[],"class_list":{"0":"post-35297","1":"product","2":"type-product","3":"status-publish","4":"has-post-thumbnail","6":"product_cat-filtros-de-aquario","8":"first","9":"instock","10":"shipping-taxable","11":"purchasable","12":"product-type-simple"},"_links":{"self":[{"href":"https:\/\/www.myaquastore.com\/pt-br\/wp-json\/wp\/v2\/product\/35297","targetHints":{"allow":["GET"]}}],"collection":[{"href":"https:\/\/www.myaquastore.com\/pt-br\/wp-json\/wp\/v2\/product"}],"about":[{"href":"https:\/\/www.myaquastore.com\/pt-br\/wp-json\/wp\/v2\/types\/product"}],"replies":[{"embeddable":true,"href":"https:\/\/www.myaquastore.com\/pt-br\/wp-json\/wp\/v2\/comments?post=35297"}],"wp:featuredmedia":[{"embeddable":true,"href":"https:\/\/www.myaquastore.com\/pt-br\/wp-json\/wp\/v2\/media\/4939"}],"wp:attachment":[{"href":"https:\/\/www.myaquastore.com\/pt-br\/wp-json\/wp\/v2\/media?parent=35297"}],"wp:term":[{"taxonomy":"product_brand","embeddable":true,"href":"https:\/\/www.myaquastore.com\/pt-br\/wp-json\/wp\/v2\/product_brand?post=35297"},{"taxonomy":"product_cat","embeddable":true,"href":"https:\/\/www.myaquastore.com\/pt-br\/wp-json\/wp\/v2\/product_cat?post=35297"},{"taxonomy":"product_tag","embeddable":true,"href":"https:\/\/www.myaquastore.com\/pt-br\/wp-json\/wp\/v2\/product_tag?post=35297"}],"curies":[{"name":"wp","href":"https:\/\/api.w.org\/{rel}","templated":true}]}}