{"id":35321,"date":"2016-09-25T23:28:18","date_gmt":"2016-09-25T23:28:18","guid":{"rendered":"https:\/\/www.myaquastore.com\/product\/bombas-de-agua-multifuncionais-para-peixes-360w-jebo-ap5800\/"},"modified":"2025-03-16T08:37:11","modified_gmt":"2025-03-16T08:37:11","slug":"bombas-de-agua-multifuncionais-para-peixes-360w-jebo-ap5800","status":"publish","type":"product","link":"https:\/\/www.myaquastore.com\/pt-br\/produto\/bombas-de-agua-multifuncionais-para-peixes-360w-jebo-ap5800\/","title":{"rendered":"Bombas de \u00e1gua multifuncionais para peixes 360W JEBO AP5800"},"content":{"rendered":"<article class=\"article richtext richtext-detail AE:disable\" id=\"richTextContainer\">\n<h2 class=\"article-title\">Especifica\u00e7\u00f5es<\/h2>\n<div style=\"clear:both\"> Bombas multifuncionais de \u00e1gua para peixes JEBO 360W AP5800 <br \/>1.F\u00e1cil configura\u00e7\u00e3o e manuten\u00e7\u00e3o<br \/>2.bastante segura<br \/>3.efici\u00eancia energ\u00e9tica<\/p>\n<div style=\"clear:both\">\n<p> Bombas de \u00e1gua de peixe multifuncionais JEBO 360W AP5800<\/p>\n<p>1.O motor e a bomba s\u00e3o melhor projetados para bom desempenho e alta efici\u00eancia<\/p>\n<p>2.A h\u00e9lice em espiral permite o tamanho da part\u00edcula de sujeira t\u00e3o grande quanto 6mm.<\/p>\n<p>3.Rolamentos cer\u00e2micos usados \u200b\u200bpara opera\u00e7\u00e3o segura e menor ru\u00eddo.<\/p>\n<p>4.F\u00e1cil configura\u00e7\u00e3o e manuten\u00e7\u00e3o.<\/p>\n<p>5.Par\u00e2metros(220V~240V 50Hz)<\/p>\n<p>6. Sua tampa frontal pode funcionar como um filtro e \u00e9 f\u00e1cil de desconectar.<\/p>\n<div style=\"clear:both\"><\/article>\n","protected":false},"excerpt":{"rendered":"<p>Bombas de \u00e1gua multifuncionais para peixes 360W JEBO AP5800<\/p>\n","protected":false},"featured_media":4987,"comment_status":"open","ping_status":"closed","template":"","meta":[],"product_brand":[],"product_cat":[627],"product_tag":[],"class_list":{"0":"post-35321","1":"product","2":"type-product","3":"status-publish","4":"has-post-thumbnail","6":"product_cat-filtros-de-aquario","8":"first","9":"instock","10":"shipping-taxable","11":"purchasable","12":"product-type-simple"},"_links":{"self":[{"href":"https:\/\/www.myaquastore.com\/pt-br\/wp-json\/wp\/v2\/product\/35321","targetHints":{"allow":["GET"]}}],"collection":[{"href":"https:\/\/www.myaquastore.com\/pt-br\/wp-json\/wp\/v2\/product"}],"about":[{"href":"https:\/\/www.myaquastore.com\/pt-br\/wp-json\/wp\/v2\/types\/product"}],"replies":[{"embeddable":true,"href":"https:\/\/www.myaquastore.com\/pt-br\/wp-json\/wp\/v2\/comments?post=35321"}],"wp:featuredmedia":[{"embeddable":true,"href":"https:\/\/www.myaquastore.com\/pt-br\/wp-json\/wp\/v2\/media\/4987"}],"wp:attachment":[{"href":"https:\/\/www.myaquastore.com\/pt-br\/wp-json\/wp\/v2\/media?parent=35321"}],"wp:term":[{"taxonomy":"product_brand","embeddable":true,"href":"https:\/\/www.myaquastore.com\/pt-br\/wp-json\/wp\/v2\/product_brand?post=35321"},{"taxonomy":"product_cat","embeddable":true,"href":"https:\/\/www.myaquastore.com\/pt-br\/wp-json\/wp\/v2\/product_cat?post=35321"},{"taxonomy":"product_tag","embeddable":true,"href":"https:\/\/www.myaquastore.com\/pt-br\/wp-json\/wp\/v2\/product_tag?post=35321"}],"curies":[{"name":"wp","href":"https:\/\/api.w.org\/{rel}","templated":true}]}}